{"id":7,"date":"2017-06-23T11:11:39","date_gmt":"2017-06-23T09:11:39","guid":{"rendered":"http:\/\/localhost:8888\/wordpress\/?page_id=7"},"modified":"2026-04-21T13:16:45","modified_gmt":"2026-04-21T11:16:45","slug":"home-2","status":"publish","type":"page","link":"https:\/\/gruse.de\/en\/","title":{"rendered":"Home"},"content":{"rendered":"\n\n\t<script type=\"text\/javascript\">jQuery(function() { _initLayerSlider( '#layerslider_3_1wvx2jxdbs5oy', {sliderVersion: '6.7.6', allowFullscreen: true, autoStart: false, pauseOnHover: 'enabled', skin: 'v6', sliderFadeInDuration: 350, globalBGSize: 'cover', hoverPrevNext: false, navStartStop: false, navButtons: false, showCircleTimer: false, useSrcset: true, skinsPath: 'https:\/\/gruse.de\/en\/wp-content\/plugins\/LayerSlider\/assets\/static\/layerslider\/skins\/', performanceMode: true}); });<\/script><div id=\"layerslider_3_1wvx2jxdbs5oy\"  class=\"ls-wp-container fitvidsignore ls-selectable\" style=\"width:1200px;height:550px;max-width:1200px;margin:0 auto;margin-bottom: 0px;\"><div class=\"ls-slide\" data-ls=\"duration:6000;\"><img loading=\"lazy\" decoding=\"async\" width=\"1200\" height=\"550\" src=\"https:\/\/gruse.de\/en\/wp-content\/uploads\/sites\/2\/layerslider\/Startseite\/gruse-tischkicker-170607-3.jpg\" class=\"ls-l ls-img-layer\" alt=\"\" srcset=\"https:\/\/gruse.de\/en\/wp-content\/uploads\/sites\/2\/layerslider\/Startseite\/gruse-tischkicker-170607-3.jpg 1200w, https:\/\/gruse.de\/en\/wp-content\/uploads\/sites\/2\/layerslider\/Startseite\/gruse-tischkicker-170607-3-700x321.jpg 700w, https:\/\/gruse.de\/en\/wp-content\/uploads\/sites\/2\/layerslider\/Startseite\/gruse-tischkicker-170607-3-768x352.jpg 768w\" sizes=\"auto, (max-width: 1200px) 100vw, 1200px\" style=\"top:0px;left:0px;text-align:initial;font-weight:400;font-style:normal;text-decoration:none;mix-blend-mode:normal;\" data-ls=\"showinfo:1;position:relative;\"><p style=\"top:276px;left:179px;text-align:initial;font-weight:400;font-style:normal;text-decoration:none;mix-blend-mode:normal;font-size:55px;line-height:67px;color:#ffffff;background:#13588f;padding-left:10px;padding-right:10px;\" class=\"ls-l ls-text-layer\" data-ls=\"showinfo:1;position:relative;\">We develop<\/p><a href=\"#start\" target=\"_self\" class=\"ls-link ls-link-on-top\"><\/a><\/div><div class=\"ls-slide\" data-ls=\"duration:5000;\"><img loading=\"lazy\" decoding=\"async\" width=\"1138\" height=\"550\" src=\"https:\/\/gruse.de\/en\/wp-content\/uploads\/sites\/2\/layerslider\/Startseite\/gruse-slider-Hundhausenfraese_1.jpg\" class=\"ls-l ls-img-layer\" alt=\"\" srcset=\"https:\/\/gruse.de\/en\/wp-content\/uploads\/sites\/2\/layerslider\/Startseite\/gruse-slider-Hundhausenfraese_1.jpg 1138w, https:\/\/gruse.de\/en\/wp-content\/uploads\/sites\/2\/layerslider\/Startseite\/gruse-slider-Hundhausenfraese_1-700x338.jpg 700w, https:\/\/gruse.de\/en\/wp-content\/uploads\/sites\/2\/layerslider\/Startseite\/gruse-slider-Hundhausenfraese_1-768x371.jpg 768w\" sizes=\"auto, (max-width: 1138px) 100vw, 1138px\" style=\"top:10px;left:10px;text-align:initial;font-weight:400;font-style:normal;text-decoration:none;mix-blend-mode:normal;\" data-ls=\"showinfo:1;position:relative;\"><p style=\"\n;top:184px;left:125px;text-align:initial;font-weight:400;font-style:normal;text-decoration:none;mix-blend-mode:normal;font-size:55px;line-height:67px;color:#ffffff;background:#13588f;;padding-left:10px;padding-right:10px;\" class=\"ls-l ls-text-layer\" data-ls=\"showinfo:1;position:relative;\">We construct<\/p><\/div><div class=\"ls-slide\" data-ls=\"duration:4000;\"><img decoding=\"async\" src=\"https:\/\/gruse.wp-knowhow.com\/wp-content\/plugins\/LayerSlider\/static\/admin\/img\/blank.gif\" class=\"ls-tn\" alt=\"Slide thumbnail\" \/><img loading=\"lazy\" decoding=\"async\" width=\"1200\" height=\"550\" src=\"https:\/\/gruse.de\/en\/wp-content\/uploads\/sites\/2\/layerslider\/Startseite\/170607-0181-1.jpg\" class=\"ls-l ls-img-layer\" alt=\"\" srcset=\"https:\/\/gruse.de\/en\/wp-content\/uploads\/sites\/2\/layerslider\/Startseite\/170607-0181-1.jpg 1200w, https:\/\/gruse.de\/en\/wp-content\/uploads\/sites\/2\/layerslider\/Startseite\/170607-0181-1-700x321.jpg 700w, https:\/\/gruse.de\/en\/wp-content\/uploads\/sites\/2\/layerslider\/Startseite\/170607-0181-1-768x352.jpg 768w\" sizes=\"auto, (max-width: 1200px) 100vw, 1200px\" style=\"top:10px;left:10px;text-align:initial;font-weight:400;font-style:normal;text-decoration:none;mix-blend-mode:normal;\" data-ls=\"showinfo:1;position:relative;\"><p style=\"top:226px;left:136px;text-align:initial;font-weight:400;font-style:normal;text-decoration:none;mix-blend-mode:normal;font-size:55px;line-height:67px;color:#ffffff;background:#13588f;padding-left:10px;padding-right:10px;\" class=\"ls-l ls-text-layer\" data-ls=\"showinfo:1;position:relative;\">We manufacture<\/p><\/div><div class=\"ls-slide\" data-ls=\"duration:7000;\"><img loading=\"lazy\" decoding=\"async\" width=\"1500\" height=\"550\" src=\"https:\/\/gruse.de\/en\/wp-content\/uploads\/sites\/2\/layerslider\/Startseite\/gruse-slider-tietz-1.jpg\" class=\"ls-l ls-img-layer\" alt=\"\" srcset=\"https:\/\/gruse.de\/en\/wp-content\/uploads\/sites\/2\/layerslider\/Startseite\/gruse-slider-tietz-1.jpg 1500w, https:\/\/gruse.de\/en\/wp-content\/uploads\/sites\/2\/layerslider\/Startseite\/gruse-slider-tietz-1-700x257.jpg 700w, https:\/\/gruse.de\/en\/wp-content\/uploads\/sites\/2\/layerslider\/Startseite\/gruse-slider-tietz-1-768x282.jpg 768w, https:\/\/gruse.de\/en\/wp-content\/uploads\/sites\/2\/layerslider\/Startseite\/gruse-slider-tietz-1-1200x440.jpg 1200w\" sizes=\"auto, (max-width: 1500px) 100vw, 1500px\" style=\"top:0px;left:0px;text-align:initial;font-weight:400;font-style:normal;text-decoration:none;mix-blend-mode:normal;\" data-ls=\"showinfo:1;position:relative;\"><p style=\"top:142px;left:567px;text-align:initial;font-weight:400;font-style:normal;text-decoration:none;mix-blend-mode:normal;font-size:55px;color:#ffffff;background:#13588f;padding-right:10px;padding-left:10px;\" class=\"ls-l ls-text-layer\" data-ls=\"showinfo:1;position:relative;\">mechanical engineering<\/p><p style=\"top:63px;left:610px;text-align:initial;font-weight:400;font-style:normal;text-decoration:none;mix-blend-mode:normal;font-size:55px;color:#ffffff;background:#13588f;padding-right:10px;padding-left:10px;\" class=\"ls-l ls-text-layer\" data-ls=\"showinfo:1;position:relative;\">World Class<\/p><\/div><\/div>\n<h1>\n\t\tWe make your work life easier, safer and more flexible.\n\t<\/h1>\n<h3>\n\t\tMechanical engineering, which accurately and efficiently supports production processes and offers optimum material handling.\n\t<\/h3>\n\t<p>We are mechanical engineers. With heart and soul. We love to solve technical problems. And we always stay on the ball even when things get a little tricky.<\/p>\n\t<p>We are constantly evolving to meet the requirements of our customers now and in the future.<\/p>\n\n<h3>\n\t\tDo you have any questions?\n\t<\/h3>\n\n<h3>\n\t\tWe would be glad to help you.\n\t<\/h3>\n\n<h4>\n\t\tGive us a call +49 5154 9510-0 or send us an email i&#110;&#102;&#x6f;&#x40;&#x67;r&#117;&#115;&#x65;&#x2e;&#x64;e\n\t<\/h4>\n\n<h2>\n\t\tYour specialist for special solutions \n\t<\/h2>\n\t<p>Over the past 20 years, our innovative lifting solutions have made us one of the leading lift table manufacturers in Germany and Europe. More and more customers need special machine solutions for their production and manufacturing processes or\u00a0 logistics.<\/p>\n\t<p>About 85 percent of our machines are custom-made, combining lifting and conveying technology with machining or machine tools. Individually adapted to the existing requirements, as an integral part of an existing system or as a complete solution.<\/p>\n\t<h3>Mechanical engineering<\/h3>\n<p><strong>Coil handling, material handling and assembly systems<\/strong><\/p>\n<p>As a specialist for custom-made products, we have experience with heavy loads, such as for example in the field of coil handling.<\/p>\n<p>We ensure optimum material flow in your plants with short material changeover times during the coiling and uncoiling process.<\/p>\n<p>Our assembly systems integrate smoothly into your production process and guarantee permanent availability. Due to our years of experience, we are able to develop, produce and put into operation a custom-made solution.<\/p>\n\t\t\t<a href=\"\/en\/mechanical-engineering\" target=\"_self\">\n\t\t\t\t\t\t\tread more\n\t\t\t\t\t<\/a>\n\t\t\t\t<img decoding=\"async\" src=\"https:\/\/gruse.de\/wp-content\/uploads\/2017\/06\/coilhandling-400x400.png\" alt=\"coilhandling\" itemprop=\"image\" title=\"coilhandling\" onerror=\"this.style.display='none'\"  \/>\n<h2>\n\t\tQuality in series production\n\t<\/h2>\n\t<p>In 1995 we developed the modular ELS system as the backbone of our lift table production. Numerous application variants emerge from this lift table, such as the ELD and the ELT. The double scissors lift table ELD has a particularly high effective stroke.<\/p>\n<p>If a particularly long platform is required, we offer the ELT with tandem scissors. The strength of our modular system lies in the multitude of possible application.<\/p>\n\t\t\t\t<img decoding=\"async\" src=\"https:\/\/gruse.de\/wp-content\/uploads\/2017\/07\/gruse-hubtisch-els-6-8-so.jpg\" alt=\"Hubtische_Eurolift_de_5c_druckversion_grau\" itemprop=\"image\" title=\"Hubtische_Eurolift_de_5c_druckversion_grau\" onerror=\"this.style.display='none'\"  \/>\n<h3>Lift table ELS | ELD | ELT<\/h3>\n<h4>The ALL-ROUNDER with system<\/h4>\n<p>With working loads from 500 kg to 10,000 kg ELS, ELD and ELT lift tables can be used with a wide range of accessories as assembly lift tables, reverse loading lifting tables, lifting platforms and much more.<\/p>\n<p>In many companies, a specially designed lift table is the ideal solution to achieve optimal and efficient work processes.<\/p>\n<p>We manufacture according to the European regulations DIN EN 1570.<\/p>\n\t\t\t<a href=\"\/en\/lifting-solutions\" target=\"_self\">\n\t\t\t\t\t\t\tread more\n\t\t\t\t\t<\/a>\n<h2>\n\t\tAbout us\n\t<\/h2>\n\t\t\t\t<img loading=\"lazy\" decoding=\"async\" src=\"https:\/\/gruse.de\/en\/wp-content\/uploads\/sites\/2\/2023\/02\/Gruse-Unternehmen1-5_20230206.png\" alt=\"Gruse Mechanical Engineering\" itemprop=\"image\" height=\"847\" width=\"1875\" title=\"Gruse Mechanical Engineering\" onerror=\"this.style.display='none'\"  \/>\n\t<p>We are a traditional and internationally successful company in mechanical engineering of custom-made machines. As a developer and manufacturer of customised and sophisticated solutions for lifting and conveying systems needed for internal materials handling, we have become one of the most sought-after partners in the industry in recent decades.<\/p>\n\t\t\t<a href=\"\/en\/about\/\" target=\"_self\">\n\t\t\t\t\t\t\tread more\n\t\t\t\t\t<\/a>\n<h2>\n\t\tOur machines can be found at\n\t<\/h2>\n\t<h3>as well as here<\/h3>\n<p>3M Deutschland GmbH | AEG AG | AEG Lichttechnik GmbH | AEG Z\u00e4hler | Airbus | AUDI AG | Bahm\u00fcller BASF | BASF Magnetics GmbH | Baum\u00fcller Anlagen-Systeme | Bayer AG | Bayerischer Rundfunk | Blaupunkt Werke GmbH | BMW AG | BMW AG Sparte Motorrad | Bosch-Siemens Hausger\u00e4te GmbH | Br\u00f6tje Automation | Bundespost Direktion | C&amp;A Mode GmbH &amp; Co. KG | Claas KGaA | Continental AG | Daimler-Benz | Aerospace AG | Deutsche Bahn AG | Deutsche Grammophon | Deutsche Lufthansa AG | Deutsche Shell AG | Deuzer Maschinenfabrik | Heitze GmbH &amp; Co. KG | Dr\u00e4gerwerk | DUNLOP GmbH | D\u00fcrkopp Adler AG | EDE EUROCOPTER Deutschland GmbH | FAG Kugelfischer Forschungszentrum J\u00fclich GmbH | Gaerner Gea Westfalia GmbH | Grundfos Pumpenfabrik GmbH | Hako-Werke GmbH &amp;Co. | Heraeus Elektrochemie | Hoechst AG | Hoechst Schering AgrEvo | ITT Automotive Europe GmbH | Jungheinrich AG | Kaiser + Kraft | KARDEX Organisation | KELLOGG (DEUTSCHLAND) | Keuco GmbH &amp; Co. KG | Kl\u00f6ckner-Moeller GmbH | Knorr-Bremse Systeme | K\u00f6gel Fahrzeugwerke AG | MAN Nutzfahrzeuge AG | Mannesmann Rexroth | Mannesmann-Demag-Sack Ratingen | Mercedes -Benz AG | Miele &amp; Cie. GmbH &amp; Co. | Minda Industrieanlagen GmbH | Nestle Deutschland AG | Noell Service Nord-West | Otto-Versand | Phoenix AG | Porsche AG | Premium Aerotec GmbH | Procter&amp;Gamble GmbH &amp; Co. | PSA Technology GmbH | RBB Rittal-Werk | ROBERT BOSCH GmbH | Rolf Benz AG | Ruhrkohle Bergbau AG | RWE Energie Schaeffler KG | Schenker Eurocargo | SieMatic-M\u00f6belwerke | Siemens | Stephan Machinery GmbH | Stiebel Eltron GmbH &amp; Co. KG | STILL GmbH | Thyssen Aufz\u00fcge GmbH | Thyssen Guss AG | Umdasch AG | Volkswagen AG | VOLVO Busse Deutschland | Wilhelm Karmann GmbH<\/p>\n\t\t\t<a href=\"https:\/\/gruse.de\/en\/about-us\/availability-and-prices\/\" target=\"_self\">\n\t\t\t\t\t\t\tCustomer information about availability and prices\n\t\t\t\t\t<\/a>\n<h2>\n\t\tHow can we help you?\n\t<\/h2>\n\t\t\t\t\n\t\t\t<p>We would be glad to help you if you need further information about our products or if you are searching for a suitable solution for your needs.<\/p>\n<p>&nbsp;<\/p>\n<h4>Give us a call \u00a0 +49 5154 9510-0 \u00a0 or send us an email \u00a0 &#x69;&#x6e;&#102;o&#x40;&#x67;&#x72;&#117;s&#x65;&#x2e;&#x64;&#101;<\/h4>\n<p>&nbsp;<\/p>\n\n","protected":false},"excerpt":{"rendered":"<p>We make your work life easier, safer and more flexible. Mechanical engineering, which accurately and efficiently supports production processes and offers optimum material handling. We are mechanical engineers. With heart and soul. We love to solve technical problems. And we always stay on the ball even when things get a little tricky. We are constantly&hellip;<\/p>\n","protected":false},"author":13,"featured_media":0,"parent":0,"menu_order":0,"comment_status":"closed","ping_status":"closed","template":"","meta":{"footnotes":""},"class_list":["post-7","page","type-page","status-publish","hentry"],"yoast_head":"<!-- This site is optimized with the Yoast SEO Premium plugin v15.3 - https:\/\/yoast.com\/wordpress\/plugins\/seo\/ -->\n<title>Home - Gruse Mechanical Engineering<\/title>\n<meta name=\"robots\" content=\"index, follow, max-snippet:-1, max-image-preview:large, max-video-preview:-1\" \/>\n<link rel=\"canonical\" href=\"https:\/\/gruse.de\/en\/\" \/>\n<meta property=\"og:locale\" content=\"en_GB\" \/>\n<meta property=\"og:type\" content=\"article\" \/>\n<meta property=\"og:title\" content=\"Home - Gruse Mechanical Engineering\" \/>\n<meta property=\"og:description\" content=\"We make your work life easier, safer and more flexible. Mechanical engineering, which accurately and efficiently supports production processes and offers optimum material handling. We are mechanical engineers. With heart and soul. We love to solve technical problems. And we always stay on the ball even when things get a little tricky. We are constantly&hellip;\" \/>\n<meta property=\"og:url\" content=\"https:\/\/gruse.de\/en\/\" \/>\n<meta property=\"og:site_name\" content=\"Gruse Mechanical Engineering\" \/>\n<meta property=\"article:modified_time\" content=\"2026-04-21T11:16:45+00:00\" \/>\n<meta property=\"og:image\" content=\"https:\/\/gruse.de\/wp-content\/uploads\/2017\/06\/coilhandling-400x400.png\" \/>\n<meta name=\"twitter:card\" content=\"summary_large_image\" \/>\n<meta name=\"twitter:label1\" content=\"Written by\">\n\t<meta name=\"twitter:data1\" content=\"heidkamp\">\n\t<meta name=\"twitter:label2\" content=\"Estimated reading time\">\n\t<meta name=\"twitter:data2\" content=\"3 minutes\">\n<script type=\"application\/ld+json\" class=\"yoast-schema-graph\">{\"@context\":\"https:\/\/schema.org\",\"@graph\":[{\"@type\":\"WebSite\",\"@id\":\"https:\/\/gruse.de\/en\/#website\",\"url\":\"https:\/\/gruse.de\/en\/\",\"name\":\"Gruse Mechanical Engineering\",\"description\":\"Maschinenbau Hubtisch Coil Handling F\\u00f6rdertechnik\",\"potentialAction\":[{\"@type\":\"SearchAction\",\"target\":\"https:\/\/gruse.de\/en\/?s={search_term_string}\",\"query-input\":\"required name=search_term_string\"}],\"inLanguage\":\"en-GB\"},{\"@type\":\"ImageObject\",\"@id\":\"https:\/\/gruse.de\/en\/#primaryimage\",\"inLanguage\":\"en-GB\",\"url\":\"https:\/\/gruse.de\/wp-content\/uploads\/2017\/06\/coilhandling-400x400.png\"},{\"@type\":\"WebPage\",\"@id\":\"https:\/\/gruse.de\/en\/#webpage\",\"url\":\"https:\/\/gruse.de\/en\/\",\"name\":\"Home - Gruse Mechanical Engineering\",\"isPartOf\":{\"@id\":\"https:\/\/gruse.de\/en\/#website\"},\"primaryImageOfPage\":{\"@id\":\"https:\/\/gruse.de\/en\/#primaryimage\"},\"datePublished\":\"2017-06-23T09:11:39+00:00\",\"dateModified\":\"2026-04-21T11:16:45+00:00\",\"inLanguage\":\"en-GB\",\"potentialAction\":[{\"@type\":\"ReadAction\",\"target\":[\"https:\/\/gruse.de\/en\/\"]}]}]}<\/script>\n<!-- \/ Yoast SEO Premium plugin. -->","_links":{"self":[{"href":"https:\/\/gruse.de\/en\/wp-json\/wp\/v2\/pages\/7","targetHints":{"allow":["GET"]}}],"collection":[{"href":"https:\/\/gruse.de\/en\/wp-json\/wp\/v2\/pages"}],"about":[{"href":"https:\/\/gruse.de\/en\/wp-json\/wp\/v2\/types\/page"}],"author":[{"embeddable":true,"href":"https:\/\/gruse.de\/en\/wp-json\/wp\/v2\/users\/13"}],"replies":[{"embeddable":true,"href":"https:\/\/gruse.de\/en\/wp-json\/wp\/v2\/comments?post=7"}],"version-history":[{"count":18,"href":"https:\/\/gruse.de\/en\/wp-json\/wp\/v2\/pages\/7\/revisions"}],"predecessor-version":[{"id":11930,"href":"https:\/\/gruse.de\/en\/wp-json\/wp\/v2\/pages\/7\/revisions\/11930"}],"wp:attachment":[{"href":"https:\/\/gruse.de\/en\/wp-json\/wp\/v2\/media?parent=7"}],"curies":[{"name":"wp","href":"https:\/\/api.w.org\/{rel}","templated":true}]}}