{"id":97,"date":"2017-06-23T19:08:13","date_gmt":"2017-06-23T17:08:13","guid":{"rendered":"http:\/\/localhost:8888\/wordpress\/?page_id=97"},"modified":"2018-10-15T12:33:12","modified_gmt":"2018-10-15T10:33:12","slug":"about-us","status":"publish","type":"page","link":"https:\/\/gruse.de\/en\/about-us\/","title":{"rendered":"About us"},"content":{"rendered":"<h1>\n\t\tGruse. The mechanical engineering experts.<br \/>\n\t<\/h1>\n<h2>\n\t\t\u201cWe build machines and plants with technology, that accurately and efficiently supports production processes and optimises material handling\u201d.<br \/>\n\t<\/h2>\n<p>Gruse has been developing lifting solutions in the premium segment for 20 years and is one of the market leaders in Germany and Europe.\u00a0\u201cWe are mechanical engineers.\u00a0<strong>With heart and soul<\/strong>\u201c- With this motto in mind, we are continually developing and designing custom-made products that not only lift, but also process and convey.\u00a0In the meantime, 85 percent of the sales are developed and manufactured according to customer requirements.\u00a0Our customers can be found in the\u00a0<strong>aviation, wood and automotive industries among others<\/strong>.\u00a0We are, however, also\u00a0<strong>suppliers for other machine manufacturers<\/strong>\u00a0who build rolling mills or blowers, for example.<\/p>\n<p>\t\t\t\t<img loading=\"lazy\" decoding=\"async\" src=\"https:\/\/gruse.de\/en\/wp-content\/uploads\/sites\/2\/2017\/06\/gruse-ludger_helmig-1-1.jpg\" alt=\"Ludger Helmig | Managing Director\" itemprop=\"image\" height=\"845\" width=\"600\" title=\"gruse-ludger_helmig\"  \/><br \/>\n\t\tLudger Helmig | Managing Director<\/p>\n<h3>\n\t\tGruse overview<br \/>\n\t<\/h3>\n<ul type=\"disc\">\n<li>We are a full-service mechanical engineering company with 160 employees.<\/li>\n<li>We are trainers in the industry \u2013 at Gruse we have 20 trainees who are taught in the different metal construction and commercial vocations.<\/li>\n<li>Our products are \u201cMade in Germany\u201d.\u00a0We develop and manufacture at our company headquarters in Weserbergland and assemble worldwide.<\/li>\n<li>Our customers are located in more than 55 countries worldwide.<\/li>\n<\/ul>\n<h3>Custom-made machines<\/h3>\n<h4>Tilting, Conveying, Processing<\/h4>\n<p>If the workpiece needs to be lifted and also tilted, processed, conveyed, or transported, a custom-made machine or plant designed especially for you can be the ideal solution. This is our core business as we develop and produce predominantly custom-made products. Simply give us a call. We will solve your problem. That\u2019s a promise.<\/p>\n<p>&nbsp;<\/p>\n\n<div class=\"wpcf7 no-js\" id=\"wpcf7-f8-o1\" lang=\"de-DE\" dir=\"ltr\" data-wpcf7-id=\"8\">\n<div class=\"screen-reader-response\"><p role=\"status\" aria-live=\"polite\" aria-atomic=\"true\"><\/p> <ul><\/ul><\/div>\n<form action=\"\/en\/wp-json\/wp\/v2\/pages\/97#wpcf7-f8-o1\" method=\"post\" class=\"wpcf7-form init\" aria-label=\"Kontaktformular\" novalidate=\"novalidate\" data-status=\"init\">\n<fieldset class=\"hidden-fields-container\"><input type=\"hidden\" name=\"_wpcf7\" value=\"8\" \/><input type=\"hidden\" name=\"_wpcf7_version\" value=\"6.1.5\" \/><input type=\"hidden\" name=\"_wpcf7_locale\" value=\"de_DE\" \/><input type=\"hidden\" name=\"_wpcf7_unit_tag\" value=\"wpcf7-f8-o1\" \/><input type=\"hidden\" name=\"_wpcf7_container_post\" value=\"0\" \/><input type=\"hidden\" name=\"_wpcf7_posted_data_hash\" value=\"\" \/><input type=\"hidden\" name=\"_wpcf7dtx_version\" value=\"5.0.5\" \/>\n<\/fieldset>\n<h4 style=\"margin:0;\">Your name\n<\/h4>\n<p><label><span class=\"wpcf7-form-control-wrap\" data-name=\"your-name\"><input size=\"40\" maxlength=\"400\" class=\"wpcf7-form-control wpcf7-text wpcf7-validates-as-required\" aria-required=\"true\" aria-invalid=\"false\" value=\"\" type=\"text\" name=\"your-name\" \/><\/span> <\/label>\n<\/p>\n<h4 style=\"margin:0;\">Your e-mail address\n<\/h4>\n<p><label> <span class=\"wpcf7-form-control-wrap\" data-name=\"your-email\"><input size=\"40\" maxlength=\"400\" class=\"wpcf7-form-control wpcf7-email wpcf7-validates-as-required wpcf7-text wpcf7-validates-as-email\" aria-required=\"true\" aria-invalid=\"false\" value=\"\" type=\"email\" name=\"your-email\" \/><\/span> <\/label>\n<\/p>\n<h4 style=\"margin:0;\">Your message\n<\/h4>\n<p><label> <span class=\"wpcf7-form-control-wrap\" data-name=\"your-message\"><textarea cols=\"40\" rows=\"5\" maxlength=\"2000\" class=\"wpcf7-form-control wpcf7-textarea\" aria-invalid=\"false\" name=\"your-message\"><\/textarea><\/span> <\/label><br \/>\n<span id=\"wpcf7-69d44e4b89abd-wrapper\" class=\"wpcf7-form-control-wrap honeypot-456-wrap\" style=\"display:none !important; visibility:hidden !important;\"><label for=\"wpcf7-69d44e4b89abd-field\" class=\"hp-message\">Bitte lasse dieses Feld leer.<\/label><input id=\"wpcf7-69d44e4b89abd-field\"  class=\"wpcf7-form-control wpcf7-text\" type=\"text\" name=\"honeypot-456\" value=\"\" size=\"40\" tabindex=\"-1\" autocomplete=\"new-password\" \/><\/span><br \/>\n<input class=\"wpcf7-form-control wpcf7-submit has-spinner\" type=\"submit\" value=\"send\" \/><br \/>\n<!-- textarea: 40x5 means 40columns (width) and 5 rows (height) -->\n<\/p><div class=\"wpcf7-response-output\" aria-hidden=\"true\"><\/div>\n<\/form>\n<\/div>\n\n<h2>\n\t\tOur machines can be found at<br \/>\n\t<\/h2>\n<p>\t\t\t\t<img decoding=\"async\" src=\"https:\/\/gruse.de\/wp-content\/uploads\/2017\/06\/logos.png\" alt=\"logos\" itemprop=\"image\" title=\"logos\"  \/><\/p>\n<h3>as well as<\/h3>\n<p>3M Deutschland GmbH AEG AG AEG Lichttechnik GmbH AEG Z\u00e4hler AUDI AG Bahm\u00fcller BASF BASF Magnetics GmbH Baum\u00fcller Anlagen-Systeme Bayer AG Bayerischer Rundfunk Blaupunkt Werke GmbH BMW AG BMW AG Sparte Motorrad Bosch-Siemens Hausger\u00e4te GmbH Br\u00f6tje Automation Bundespost Direktion C&amp;A Mode GmbH &amp; Co. KG Claas KGaA Continental AG Daimler-Benz Aerospace AG Deutsche Bahn AG Deutsche Grammophon Deutsche Lufthansa AG Deutsche Shell AG Deuzer Maschinenfabrik Heitze GmbH &amp; Co. KG Dr\u00e4gerwerk DUNLOP GmbH D\u00fcrkopp Adler AG EDE EUROCOPTER Deutschland GmbH FAG Kugelfischer Forschungszentrum J\u00fclich GmbH Gaerner Gea Westfalia GmbH Grundfos Pumpenfabrik GmbH Hako-Werke GmbH &amp;Co. Heraeus Elektrochemie Hoechst AG Hoechst Schering AgrEvo ITT Automotive Europe GmbH Jungheinrich AG Kaiser + Kraft KARDEX Organisation KELLOGG (DEUTSCHLAND) Keuco GmbH &amp; Co. KG Kl\u00f6ckner-Moeller GmbH Knorr-Bremse Systeme K\u00f6gel Fahrzeugwerke AG MAN Nutzfahrzeuge AG Mannesmann Rexroth Mannesmann-Demag-Sack Ratingen Mercedes -Benz AG Miele &amp; Cie. GmbH &amp; Co. Minda Industrieanlagen GmbH Nestle Deutschland AG Noell Service Nord-West Otto-Versand Phoenix AG Porsche AG Premium Aerotec GmbH Procter&amp;Gamble GmbH &amp; Co. PSA Technology GmbH RBB Rittal-Werk ROBERT BOSCH GmbH Rolf Benz AG Ruhrkohle Bergbau AG RWE Energie Schaeffler KG Schenker Eurocargo SieMatic-M\u00f6belwerke Siemens Stephan Machinery GmbH Stiebel Eltron GmbH &amp; Co. KG STILL GmbH Thyssen Aufz\u00fcge GmbH Thyssen Guss AG Umdasch AG Volkswagen AG VOLVO Busse Deutschland Wilhelm Karmann GmbH<\/p>\n","protected":false},"excerpt":{"rendered":"<p>Gruse. The mechanical engineering experts. \u201cWe build machines and plants with technology, that accurately and efficiently supports production processes and optimises material handling\u201d. Gruse has been developing lifting solutions in the premium segment for 20 years and is one of the market leaders in Germany and Europe.\u00a0\u201cWe are mechanical engineers.\u00a0With heart and soul\u201c- With this&hellip;<\/p>\n","protected":false},"author":2,"featured_media":0,"parent":0,"menu_order":0,"comment_status":"closed","ping_status":"closed","template":"","meta":{"footnotes":""},"class_list":["post-97","page","type-page","status-publish","hentry"],"yoast_head":"<!-- This site is optimized with the Yoast SEO Premium plugin v15.3 - https:\/\/yoast.com\/wordpress\/plugins\/seo\/ -->\n<title>About us - Gruse Mechanical Engineering<\/title>\n<meta name=\"robots\" content=\"index, follow, max-snippet:-1, max-image-preview:large, max-video-preview:-1\" \/>\n<link rel=\"canonical\" href=\"https:\/\/gruse.de\/en\/about-us\/\" \/>\n<meta property=\"og:locale\" content=\"en_GB\" \/>\n<meta property=\"og:type\" content=\"article\" \/>\n<meta property=\"og:title\" content=\"About us - Gruse Mechanical Engineering\" \/>\n<meta property=\"og:description\" content=\"Gruse. The mechanical engineering experts. \u201cWe build machines and plants with technology, that accurately and efficiently supports production processes and optimises material handling\u201d. Gruse has been developing lifting solutions in the premium segment for 20 years and is one of the market leaders in Germany and Europe.\u00a0\u201cWe are mechanical engineers.\u00a0With heart and soul\u201c- With this&hellip;\" \/>\n<meta property=\"og:url\" content=\"https:\/\/gruse.de\/en\/about-us\/\" \/>\n<meta property=\"og:site_name\" content=\"Gruse Mechanical Engineering\" \/>\n<meta property=\"article:modified_time\" content=\"2018-10-15T10:33:12+00:00\" \/>\n<meta property=\"og:image\" content=\"https:\/\/gruse.de\/en\/wp-content\/uploads\/sites\/2\/2017\/06\/gruse-ludger_helmig-1-1.jpg\" \/>\n<meta name=\"twitter:card\" content=\"summary_large_image\" \/>\n<meta name=\"twitter:label1\" content=\"Written by\">\n\t<meta name=\"twitter:data1\" content=\"\">\n\t<meta name=\"twitter:label2\" content=\"Estimated reading time\">\n\t<meta name=\"twitter:data2\" content=\"2 minutes\">\n<script type=\"application\/ld+json\" class=\"yoast-schema-graph\">{\"@context\":\"https:\/\/schema.org\",\"@graph\":[{\"@type\":\"WebSite\",\"@id\":\"https:\/\/gruse.de\/en\/#website\",\"url\":\"https:\/\/gruse.de\/en\/\",\"name\":\"Gruse Mechanical Engineering\",\"description\":\"Maschinenbau Hubtisch Coil Handling F\\u00f6rdertechnik\",\"potentialAction\":[{\"@type\":\"SearchAction\",\"target\":\"https:\/\/gruse.de\/en\/?s={search_term_string}\",\"query-input\":\"required name=search_term_string\"}],\"inLanguage\":\"en-GB\"},{\"@type\":\"ImageObject\",\"@id\":\"https:\/\/gruse.de\/en\/about-us\/#primaryimage\",\"inLanguage\":\"en-GB\",\"url\":\"https:\/\/gruse.de\/en\/wp-content\/uploads\/sites\/2\/2017\/06\/gruse-ludger_helmig-1-1.jpg\",\"width\":600,\"height\":845,\"caption\":\"Ludger Helmig | Managing Director\"},{\"@type\":\"WebPage\",\"@id\":\"https:\/\/gruse.de\/en\/about-us\/#webpage\",\"url\":\"https:\/\/gruse.de\/en\/about-us\/\",\"name\":\"About us - Gruse Mechanical Engineering\",\"isPartOf\":{\"@id\":\"https:\/\/gruse.de\/en\/#website\"},\"primaryImageOfPage\":{\"@id\":\"https:\/\/gruse.de\/en\/about-us\/#primaryimage\"},\"datePublished\":\"2017-06-23T17:08:13+00:00\",\"dateModified\":\"2018-10-15T10:33:12+00:00\",\"inLanguage\":\"en-GB\",\"potentialAction\":[{\"@type\":\"ReadAction\",\"target\":[\"https:\/\/gruse.de\/en\/about-us\/\"]}]}]}<\/script>\n<!-- \/ Yoast SEO Premium plugin. -->","_links":{"self":[{"href":"https:\/\/gruse.de\/en\/wp-json\/wp\/v2\/pages\/97","targetHints":{"allow":["GET"]}}],"collection":[{"href":"https:\/\/gruse.de\/en\/wp-json\/wp\/v2\/pages"}],"about":[{"href":"https:\/\/gruse.de\/en\/wp-json\/wp\/v2\/types\/page"}],"author":[{"embeddable":true,"href":"https:\/\/gruse.de\/en\/wp-json\/wp\/v2\/users\/2"}],"replies":[{"embeddable":true,"href":"https:\/\/gruse.de\/en\/wp-json\/wp\/v2\/comments?post=97"}],"version-history":[{"count":4,"href":"https:\/\/gruse.de\/en\/wp-json\/wp\/v2\/pages\/97\/revisions"}],"predecessor-version":[{"id":5715,"href":"https:\/\/gruse.de\/en\/wp-json\/wp\/v2\/pages\/97\/revisions\/5715"}],"wp:attachment":[{"href":"https:\/\/gruse.de\/en\/wp-json\/wp\/v2\/media?parent=97"}],"curies":[{"name":"wp","href":"https:\/\/api.w.org\/{rel}","templated":true}]}}