{"id":103,"date":"2017-06-23T19:09:22","date_gmt":"2017-06-23T17:09:22","guid":{"rendered":"http:\/\/localhost:8888\/wordpress\/?page_id=103"},"modified":"2022-11-22T13:42:37","modified_gmt":"2022-11-22T12:42:37","slug":"contact","status":"publish","type":"page","link":"https:\/\/gruse.de\/fr\/contact\/","title":{"rendered":"Contact"},"content":{"rendered":"\n\n\t<div class=\"leaflet-map WPLeafletMap\" style=\"height:400px; width:100%;\"><\/div><script>\nwindow.WPLeafletMapPlugin = window.WPLeafletMapPlugin || [];\nwindow.WPLeafletMapPlugin.push(function WPLeafletMapShortcode() {\/*<script>*\/\nvar baseUrl = atob('aHR0cHM6Ly97c30udGlsZS5vcGVuc3RyZWV0bWFwLm9yZy97en0ve3h9L3t5fS5wbmc=');\nvar base = (!baseUrl && window.MQ) ?\n    window.MQ.mapLayer() : L.tileLayer(baseUrl,\n        L.Util.extend({}, {\n            detectRetina: 0,\n        },\n        {\"subdomains\":\"abc\",\"noWrap\":false,\"maxZoom\":20}        )\n    );\n    var options = L.Util.extend({}, {\n        layers: [base],\n        attributionControl: false\n    },\n    {\"zoomControl\":true,\"scrollWheelZoom\":false,\"doubleClickZoom\":false,\"fitBounds\":false,\"minZoom\":0,\"maxZoom\":20,\"maxBounds\":null,\"attribution\":\"<a href=\\\"http:\\\/\\\/leafletjs.com\\\" title=\\\"A JS library for interactive maps\\\">Leaflet<\\\/a>; \\u00a9 <a href=\\\"http:\\\/\\\/www.openstreetmap.org\\\/copyright\\\">OpenStreetMap<\\\/a> contributors\"},\n    {});\nwindow.WPLeafletMapPlugin.createMap(options).setView([52.0655,9.29332],12);});<\/script>\n\t<script>\nwindow.WPLeafletMapPlugin = window.WPLeafletMapPlugin || [];\nwindow.WPLeafletMapPlugin.push(function WPLeafletMarkerShortcode() {\/*<script>*\/\nvar map = window.WPLeafletMapPlugin.getCurrentMap();\nvar group = window.WPLeafletMapPlugin.getCurrentGroup();\nvar marker_options = window.WPLeafletMapPlugin.getIconOptions({});\nvar marker = L.marker(\n    [52.0654916,9.2933581746282],\n    marker_options\n);\nvar is_image = map.is_image_map;\nif (marker_options.draggable) {\n    marker.on('dragend', function () {\n        var latlng = this.getLatLng();\n        var lat = latlng.lat;\n        var lng = latlng.lng;\n        if (is_image) {\n            console.log('leaflet-marker y=' + lat + ' x=' + lng);\n        } else {\n            console.log('leaflet-marker lat=' + lat + ' lng=' + lng);\n        }\n    });\n}\nmarker.addTo( group );\nmarker.bindPopup(window.WPLeafletMapPlugin.unescape('Gruse Maschinenbau GmbH &amp;#038; Co. KG&lt;br&gt;Dibbetweg 32, 31855 Aerzen')).openPopup();window.WPLeafletMapPlugin.markers.push( marker );\n        });<\/script>\n\t<p><a href=\"https:\/\/www.google.com\/maps\/dir\/\/Gruse+Maschinenbau+GmbH+%26+Co.+KG+Dibbetweg+32+31855+Aerzen\/@52.0655,9.29332,16z\/data=!4m8!4m7!1m0!1m5!1m1!1s0x47ba8bf6c83a48ed:0x6b6c18037632a45e!2m2!1d9.29332!2d52.0655\"><strong>Plan your trip using Google Maps<\/strong><\/a><\/p>\n\t\n<div class=\"wpcf7 no-js\" id=\"wpcf7-f5675-o1\" lang=\"en-US\" dir=\"ltr\" data-wpcf7-id=\"5675\">\n<div class=\"screen-reader-response\"><p role=\"status\" aria-live=\"polite\" aria-atomic=\"true\"><\/p> <ul><\/ul><\/div>\n<form action=\"\/fr\/wp-json\/wp\/v2\/pages\/103#wpcf7-f5675-o1\" method=\"post\" class=\"wpcf7-form init\" aria-label=\"Contact form\" novalidate=\"novalidate\" data-status=\"init\">\n<fieldset class=\"hidden-fields-container\"><input type=\"hidden\" name=\"_wpcf7\" value=\"5675\" \/><input type=\"hidden\" name=\"_wpcf7_version\" value=\"6.1.5\" \/><input type=\"hidden\" name=\"_wpcf7_locale\" value=\"en_US\" \/><input type=\"hidden\" name=\"_wpcf7_unit_tag\" value=\"wpcf7-f5675-o1\" \/><input type=\"hidden\" name=\"_wpcf7_container_post\" value=\"0\" \/><input type=\"hidden\" name=\"_wpcf7_posted_data_hash\" value=\"\" \/><input type=\"hidden\" name=\"_wpcf7dtx_version\" value=\"5.0.5\" \/>\n<\/fieldset>\n<p>Nous vous fournissons volontiers des informations compl\u00e9mentaires \u00e0 propos de nos produits et vous recommandons une solution appropri\u00e9e pour votre entreprise. N\u2019h\u00e9sitez pas \u00e0 nous contacter.\n<\/p>\n<h2>Comment pouvons-nous vous \u00eatre utiles\u00a0?\n<\/h2>\n<div class=\"linke-spalte\">\n\t<p>Votre message\n\t<\/p>\n\t<p><span class=\"wpcf7-form-control-wrap\" data-name=\"beschreibung\"><textarea cols=\"40\" rows=\"10\" maxlength=\"2000\" class=\"wpcf7-form-control wpcf7-textarea\" aria-invalid=\"false\" name=\"beschreibung\"><\/textarea><\/span>\n\t<\/p>\n<\/div>\n<div class=\"rechte-spalte\" style=\"margin-top:10px\">\n\t<p>Votre nom<br \/>\n<span class=\"wpcf7-form-control-wrap\" data-name=\"ihr-name\"><input size=\"40\" maxlength=\"400\" class=\"wpcf7-form-control wpcf7-text wpcf7-validates-as-required ihr-name\" aria-required=\"true\" aria-invalid=\"false\" value=\"\" type=\"text\" name=\"ihr-name\" \/><\/span>\n\t<\/p>\n\t<p>Votre adresse courriel<br \/>\n<span class=\"wpcf7-form-control-wrap\" data-name=\"email\"><input size=\"40\" maxlength=\"400\" class=\"wpcf7-form-control wpcf7-email wpcf7-validates-as-required wpcf7-text wpcf7-validates-as-email e-mail\" aria-required=\"true\" aria-invalid=\"false\" value=\"\" type=\"email\" name=\"email\" \/><\/span>\n\t<\/p>\n\t<p>Votre n\u00b0 de t\u00e9l\u00e9phone<br \/>\n<span class=\"wpcf7-form-control-wrap\" data-name=\"telefon\"><input size=\"40\" maxlength=\"400\" class=\"wpcf7-form-control wpcf7-text wpcf7-validates-as-required telefon\" aria-required=\"true\" aria-invalid=\"false\" value=\"\" type=\"text\" name=\"telefon\" \/><\/span>\n\t<\/p>\n<\/div>\n<hr class=\"clear\" \/>\n<p><span id=\"wpcf7-69d43c5e358aa-wrapper\" class=\"wpcf7-form-control-wrap honeypot-429-wrap\" style=\"display:none !important; visibility:hidden !important;\"><label for=\"wpcf7-69d43c5e358aa-field\" class=\"hp-message\">Please leave this field empty.<\/label><input id=\"wpcf7-69d43c5e358aa-field\"  class=\"wpcf7-form-control wpcf7-text\" type=\"text\" name=\"honeypot-429\" value=\"\" size=\"40\" tabindex=\"-1\" autocomplete=\"new-password\" \/><\/span>\n<\/p>\n<p><input class=\"wpcf7-form-control wpcf7-submit has-spinner\" type=\"submit\" value=\"Envoyer\" \/>\n<\/p>\n<div class=\"danke\">\n\t<h4>Merci de votre int\u00e9r\u00eat, nous vous contacterons dans les plus brefs d\u00e9lais.\n\t<\/h4>\n\t<p>Toute l\u2019\u00e9quipe Gruse\n\t<\/p>\n<\/div><div class=\"wpcf7-response-output\" aria-hidden=\"true\"><\/div>\n<\/form>\n<\/div>\n\nGruse Maschinenbau GmbH &amp; Co. KG<br \/>\nDibbetweg 32 | 31855 Aerzen<br \/>\nAllemagne<br \/>\n\nT\u00e9l.: +49 5154 9510-0<br \/>\n Fax: +49 5154 2030\n<p>Courriel: info[at]gruse.de<\/p>\n\n","protected":false},"excerpt":{"rendered":"<p>Plan your trip using Google Maps Gruse Maschinenbau GmbH &amp; Co. KG Dibbetweg 32 | 31855 Aerzen Allemagne T\u00e9l.: +49 5154 9510-0 Fax: +49 5154 2030 Courriel: info[at]gruse.de<\/p>\n","protected":false},"author":2,"featured_media":0,"parent":0,"menu_order":0,"comment_status":"closed","ping_status":"closed","template":"","meta":{"footnotes":""},"class_list":["post-103","page","type-page","status-publish","hentry"],"yoast_head":"<!-- This site is optimized with the Yoast SEO Premium plugin v15.3 - https:\/\/yoast.com\/wordpress\/plugins\/seo\/ -->\n<title>Contact - Gruse Maschinenbau<\/title>\n<meta name=\"robots\" content=\"index, follow, max-snippet:-1, max-image-preview:large, max-video-preview:-1\" \/>\n<link rel=\"canonical\" href=\"https:\/\/gruse.de\/fr\/contact\/\" \/>\n<meta property=\"og:locale\" content=\"fr_FR\" \/>\n<meta property=\"og:type\" content=\"article\" \/>\n<meta property=\"og:title\" content=\"Contact - Gruse Maschinenbau\" \/>\n<meta property=\"og:description\" content=\"Plan your trip using Google Maps Gruse Maschinenbau GmbH &amp; Co. KG Dibbetweg 32 | 31855 Aerzen Allemagne T\u00e9l.: +49 5154 9510-0 Fax: +49 5154 2030 Courriel: info[at]gruse.de\" \/>\n<meta property=\"og:url\" content=\"https:\/\/gruse.de\/fr\/contact\/\" \/>\n<meta property=\"og:site_name\" content=\"Gruse Maschinenbau\" \/>\n<meta property=\"article:modified_time\" content=\"2022-11-22T12:42:37+00:00\" \/>\n<meta name=\"twitter:card\" content=\"summary_large_image\" \/>\n<meta name=\"twitter:label1\" content=\"\u00c9crit par\">\n\t<meta name=\"twitter:data1\" content=\"\">\n\t<meta name=\"twitter:label2\" content=\"Dur\u00e9e de lecture estim\u00e9e\">\n\t<meta name=\"twitter:data2\" content=\"0 minute\">\n<script type=\"application\/ld+json\" class=\"yoast-schema-graph\">{\"@context\":\"https:\/\/schema.org\",\"@graph\":[{\"@type\":\"WebSite\",\"@id\":\"https:\/\/gruse.de\/fr\/#website\",\"url\":\"https:\/\/gruse.de\/fr\/\",\"name\":\"Gruse Maschinenbau\",\"description\":\"Maschinenbau Hubtisch Coil Handling F\\u00f6rdertechnik\",\"potentialAction\":[{\"@type\":\"SearchAction\",\"target\":\"https:\/\/gruse.de\/fr\/?s={search_term_string}\",\"query-input\":\"required name=search_term_string\"}],\"inLanguage\":\"fr-FR\"},{\"@type\":\"WebPage\",\"@id\":\"https:\/\/gruse.de\/fr\/contact\/#webpage\",\"url\":\"https:\/\/gruse.de\/fr\/contact\/\",\"name\":\"Contact - Gruse Maschinenbau\",\"isPartOf\":{\"@id\":\"https:\/\/gruse.de\/fr\/#website\"},\"datePublished\":\"2017-06-23T17:09:22+00:00\",\"dateModified\":\"2022-11-22T12:42:37+00:00\",\"inLanguage\":\"fr-FR\",\"potentialAction\":[{\"@type\":\"ReadAction\",\"target\":[\"https:\/\/gruse.de\/fr\/contact\/\"]}]}]}<\/script>\n<!-- \/ Yoast SEO Premium plugin. -->","_links":{"self":[{"href":"https:\/\/gruse.de\/fr\/wp-json\/wp\/v2\/pages\/103","targetHints":{"allow":["GET"]}}],"collection":[{"href":"https:\/\/gruse.de\/fr\/wp-json\/wp\/v2\/pages"}],"about":[{"href":"https:\/\/gruse.de\/fr\/wp-json\/wp\/v2\/types\/page"}],"author":[{"embeddable":true,"href":"https:\/\/gruse.de\/fr\/wp-json\/wp\/v2\/users\/2"}],"replies":[{"embeddable":true,"href":"https:\/\/gruse.de\/fr\/wp-json\/wp\/v2\/comments?post=103"}],"version-history":[{"count":4,"href":"https:\/\/gruse.de\/fr\/wp-json\/wp\/v2\/pages\/103\/revisions"}],"predecessor-version":[{"id":6055,"href":"https:\/\/gruse.de\/fr\/wp-json\/wp\/v2\/pages\/103\/revisions\/6055"}],"wp:attachment":[{"href":"https:\/\/gruse.de\/fr\/wp-json\/wp\/v2\/media?parent=103"}],"curies":[{"name":"wp","href":"https:\/\/api.w.org\/{rel}","templated":true}]}}