{"id":1062,"date":"2017-07-25T14:14:44","date_gmt":"2017-07-25T12:14:44","guid":{"rendered":"http:\/\/gruse.de\/?page_id=1062"},"modified":"2021-06-08T10:43:53","modified_gmt":"2021-06-08T08:43:53","slug":"reparation-maintenance-accessoires","status":"publish","type":"page","link":"https:\/\/gruse.de\/fr\/reparation-maintenance-accessoires\/","title":{"rendered":"R\u00e9paration Maintenance Accessoires"},"content":{"rendered":"\n<h1>\n\t\tR\u00e9paration et maintenance\n\t<\/h1>\n<h2>\n\t\tService rapide et qualit\u00e9 fiable pour la s\u00e9curit\u00e9 de votre production.\n\t<\/h2>\n\t<p>L&rsquo;\u00e9quipe exp\u00e9riment\u00e9e de notre service apr\u00e8s-vente intervient rapidement sur site, s&rsquo;y conna\u00eet en la mati\u00e8re et se charge, si n\u00e9cessaire, de la maintenance et de l&rsquo;inspection annuelle obligatoire de votre solution de levage.<\/p>\n<p>Nous nous ferons un plaisir de vous aider.<\/p>\n\t<p>Avez-vous besoin d&rsquo;assistance dans le cadre d&rsquo;une r\u00e9paration, de la maintenance, de l&rsquo;inspection obligatoire ou souhaitez-vous profiter de toutes nos prestations ? Nous vous \u00e9tablissons volontiers une offre d\u00e9taill\u00e9e. Il vous suffit de nous appeler ou de nous envoyer un message.<\/p>\n<h1>\n\t\tPi\u00e8ces de rechange et accessoires\n\t<\/h1>\n<h2>\n\t\tPi\u00e8ces de rechange d&rsquo;origine pour des performances durables et une efficience maximale.\n\t<\/h2>\n\t<p>Lorsque la ligne est immobilis\u00e9e, vous n&rsquo;avez pas de temps \u00e0 perdre. Et vous avez besoin des bonnes pi\u00e8ces de rechange afin de r\u00e9duire au minimum le risque d&rsquo;une perte de production. Notre service apr\u00e8s-vente est pr\u00e9par\u00e9 \u00e0 de telles situations et vous aide rapidement.<\/p>\n\t<p>Vous avez besoin de pi&egrave;ces de rechange ou d&rsquo;accessoires ? Nous nous tenons &agrave; votre disposition. Il vous suffit de nous appeler ou de nous envoyer un message.<\/p>\n<p>T&eacute;l.: +49 5154 9510-783,&nbsp;&nbsp; Courriel: &#107;&#x75;&#x6e;d&#101;&#x6e;d&#105;&#x65;n&#115;&#x74;&#64;&#103;&#x72;&#x75;&#115;&#x65;&#x2e;d&#101;<\/p>\n\n","protected":false},"excerpt":{"rendered":"<p>R\u00e9paration et maintenance Service rapide et qualit\u00e9 fiable pour la s\u00e9curit\u00e9 de votre production. L&rsquo;\u00e9quipe exp\u00e9riment\u00e9e de notre service apr\u00e8s-vente intervient rapidement sur site, s&rsquo;y conna\u00eet en la mati\u00e8re et se charge, si n\u00e9cessaire, de la maintenance et de l&rsquo;inspection annuelle obligatoire de votre solution de levage. Nous nous ferons un plaisir de vous aider.&hellip;<\/p>\n","protected":false},"author":2,"featured_media":0,"parent":0,"menu_order":0,"comment_status":"closed","ping_status":"closed","template":"","meta":{"footnotes":""},"class_list":["post-1062","page","type-page","status-publish","hentry"],"yoast_head":"<!-- This site is optimized with the Yoast SEO Premium plugin v15.3 - https:\/\/yoast.com\/wordpress\/plugins\/seo\/ -->\n<title>R\u00e9paration Maintenance Accessoires - Gruse Maschinenbau<\/title>\n<meta name=\"robots\" content=\"index, follow, max-snippet:-1, max-image-preview:large, max-video-preview:-1\" \/>\n<link rel=\"canonical\" href=\"https:\/\/gruse.de\/fr\/reparation-maintenance-accessoires\/\" \/>\n<meta property=\"og:locale\" content=\"fr_FR\" \/>\n<meta property=\"og:type\" content=\"article\" \/>\n<meta property=\"og:title\" content=\"R\u00e9paration Maintenance Accessoires - Gruse Maschinenbau\" \/>\n<meta property=\"og:description\" content=\"R\u00e9paration et maintenance Service rapide et qualit\u00e9 fiable pour la s\u00e9curit\u00e9 de votre production. L&rsquo;\u00e9quipe exp\u00e9riment\u00e9e de notre service apr\u00e8s-vente intervient rapidement sur site, s&rsquo;y conna\u00eet en la mati\u00e8re et se charge, si n\u00e9cessaire, de la maintenance et de l&rsquo;inspection annuelle obligatoire de votre solution de levage. Nous nous ferons un plaisir de vous aider.&hellip;\" \/>\n<meta property=\"og:url\" content=\"https:\/\/gruse.de\/fr\/reparation-maintenance-accessoires\/\" \/>\n<meta property=\"og:site_name\" content=\"Gruse Maschinenbau\" \/>\n<meta property=\"article:modified_time\" content=\"2021-06-08T08:43:53+00:00\" \/>\n<meta name=\"twitter:card\" content=\"summary_large_image\" \/>\n<meta name=\"twitter:label1\" content=\"\u00c9crit par\">\n\t<meta name=\"twitter:data1\" content=\"\">\n\t<meta name=\"twitter:label2\" content=\"Dur\u00e9e de lecture estim\u00e9e\">\n\t<meta name=\"twitter:data2\" content=\"1 minute\">\n<script type=\"application\/ld+json\" class=\"yoast-schema-graph\">{\"@context\":\"https:\/\/schema.org\",\"@graph\":[{\"@type\":\"WebSite\",\"@id\":\"https:\/\/gruse.de\/fr\/#website\",\"url\":\"https:\/\/gruse.de\/fr\/\",\"name\":\"Gruse Maschinenbau\",\"description\":\"Maschinenbau Hubtisch Coil Handling F\\u00f6rdertechnik\",\"potentialAction\":[{\"@type\":\"SearchAction\",\"target\":\"https:\/\/gruse.de\/fr\/?s={search_term_string}\",\"query-input\":\"required name=search_term_string\"}],\"inLanguage\":\"fr-FR\"},{\"@type\":\"WebPage\",\"@id\":\"https:\/\/gruse.de\/fr\/reparation-maintenance-accessoires\/#webpage\",\"url\":\"https:\/\/gruse.de\/fr\/reparation-maintenance-accessoires\/\",\"name\":\"R\\u00e9paration Maintenance Accessoires - Gruse Maschinenbau\",\"isPartOf\":{\"@id\":\"https:\/\/gruse.de\/fr\/#website\"},\"datePublished\":\"2017-07-25T12:14:44+00:00\",\"dateModified\":\"2021-06-08T08:43:53+00:00\",\"inLanguage\":\"fr-FR\",\"potentialAction\":[{\"@type\":\"ReadAction\",\"target\":[\"https:\/\/gruse.de\/fr\/reparation-maintenance-accessoires\/\"]}]}]}<\/script>\n<!-- \/ Yoast SEO Premium plugin. -->","_links":{"self":[{"href":"https:\/\/gruse.de\/fr\/wp-json\/wp\/v2\/pages\/1062","targetHints":{"allow":["GET"]}}],"collection":[{"href":"https:\/\/gruse.de\/fr\/wp-json\/wp\/v2\/pages"}],"about":[{"href":"https:\/\/gruse.de\/fr\/wp-json\/wp\/v2\/types\/page"}],"author":[{"embeddable":true,"href":"https:\/\/gruse.de\/fr\/wp-json\/wp\/v2\/users\/2"}],"replies":[{"embeddable":true,"href":"https:\/\/gruse.de\/fr\/wp-json\/wp\/v2\/comments?post=1062"}],"version-history":[{"count":8,"href":"https:\/\/gruse.de\/fr\/wp-json\/wp\/v2\/pages\/1062\/revisions"}],"predecessor-version":[{"id":5911,"href":"https:\/\/gruse.de\/fr\/wp-json\/wp\/v2\/pages\/1062\/revisions\/5911"}],"wp:attachment":[{"href":"https:\/\/gruse.de\/fr\/wp-json\/wp\/v2\/media?parent=1062"}],"curies":[{"name":"wp","href":"https:\/\/api.w.org\/{rel}","templated":true}]}}