{"id":1106,"date":"2017-07-25T17:25:42","date_gmt":"2017-07-25T15:25:42","guid":{"rendered":"http:\/\/gruse.de\/?page_id=1106"},"modified":"2018-10-01T01:40:48","modified_gmt":"2018-09-30T23:40:48","slug":"prospectus","status":"publish","type":"page","link":"https:\/\/gruse.de\/fr\/prospectus\/","title":{"rendered":"Prospectus"},"content":{"rendered":"<h1>\n\t\tNos Prospectus (en allemand)<br \/>\n\t<\/h1>\n<h2>\n\t\tProduits, details, accessoires<br \/>\n\t<\/h2>\n<p>\t\t\t\t<a href=\"download\/hubtische_de.pdf\" target=\"_self\" itemprop=\"url\" rel=\"noopener\"><br \/>\n\t\t\t\t<img decoding=\"async\" src=\"https:\/\/gruse.de\/wp-content\/uploads\/2017\/07\/Prospekt-Hubtische_de-1.jpg\" alt=\"Prospekt-Hubtische_de-1\" itemprop=\"image\" title=\"Prospekt-Hubtische_de-1\"  \/><br \/>\n\t\t\t\t<\/a><br \/>\n\t\t\t\t<a href=\"\/download\/hebefix_de.pdf\" target=\"_self\" itemprop=\"url\" rel=\"noopener\"><br \/>\n\t\t\t\t<img decoding=\"async\" src=\"https:\/\/gruse.de\/wp-content\/uploads\/2017\/07\/Prospekt-Hebefix_de-1.jpg\" alt=\"Prospekt-Hebefix_de-1\" itemprop=\"image\" title=\"Prospekt-Hebefix_de-1\"  \/><br \/>\n\t\t\t\t<\/a><br \/>\n\t\t\t\t<a href=\"\/download\/Materialhandling2012_de.pdf\" target=\"_self\" itemprop=\"url\" rel=\"noopener\"><br \/>\n\t\t\t\t<img decoding=\"async\" src=\"https:\/\/gruse.de\/wp-content\/uploads\/2017\/07\/Prospekt-Materialhandling_de-1.jpg\" alt=\"Prospekt-Materialhandling_de-1\" itemprop=\"image\" title=\"Prospekt-Materialhandling_de-1\"  \/><br \/>\n\t\t\t\t<\/a><br \/>\n\t\n<div class=\"wpcf7 no-js\" id=\"wpcf7-f5673-o1\" lang=\"en-US\" dir=\"ltr\" data-wpcf7-id=\"5673\">\n<div class=\"screen-reader-response\"><p role=\"status\" aria-live=\"polite\" aria-atomic=\"true\"><\/p> <ul><\/ul><\/div>\n<form action=\"\/fr\/wp-json\/wp\/v2\/pages\/1106#wpcf7-f5673-o1\" method=\"post\" class=\"wpcf7-form init\" aria-label=\"Contact form\" novalidate=\"novalidate\" data-status=\"init\">\n<fieldset class=\"hidden-fields-container\"><input type=\"hidden\" name=\"_wpcf7\" value=\"5673\" \/><input type=\"hidden\" name=\"_wpcf7_version\" value=\"6.1.5\" \/><input type=\"hidden\" name=\"_wpcf7_locale\" value=\"en_US\" \/><input type=\"hidden\" name=\"_wpcf7_unit_tag\" value=\"wpcf7-f5673-o1\" \/><input type=\"hidden\" name=\"_wpcf7_container_post\" value=\"0\" \/><input type=\"hidden\" name=\"_wpcf7_posted_data_hash\" value=\"\" \/><input type=\"hidden\" name=\"_wpcf7dtx_version\" value=\"5.0.5\" \/>\n<\/fieldset>\n<p>Nous vous fournissons volontiers des informations compl\u00e9mentaires \u00e0 propos de nos produits et vous recommandons une solution appropri\u00e9e pour votre entreprise. N\u2019h\u00e9sitez pas \u00e0 nous contacter.\n<\/p>\n<h2>Comment pouvons-nous vous \u00eatre utiles\u00a0?\n<\/h2>\n<div class=\"linke-spalte\">\n\t<p> Votre message\n\t<\/p>\n\t<p><span class=\"wpcf7-form-control-wrap\" data-name=\"beschreibung\"><textarea cols=\"40\" rows=\"10\" maxlength=\"2000\" class=\"wpcf7-form-control wpcf7-textarea\" aria-invalid=\"false\" name=\"beschreibung\"><\/textarea><\/span>\n\t<\/p>\n<\/div>\n<div class=\"rechte-spalte\" style=\"margin-top:10px\">\n\t<p>Votre nom<br \/>\n<span class=\"wpcf7-form-control-wrap\" data-name=\"ihr-name\"><input size=\"40\" maxlength=\"400\" class=\"wpcf7-form-control wpcf7-text wpcf7-validates-as-required ihr-name\" aria-required=\"true\" aria-invalid=\"false\" value=\"\" type=\"text\" name=\"ihr-name\" \/><\/span>\n\t<\/p>\n\t<p>Votre adresse courriel<br \/>\n<span class=\"wpcf7-form-control-wrap\" data-name=\"email\"><input size=\"40\" maxlength=\"400\" class=\"wpcf7-form-control wpcf7-email wpcf7-validates-as-required wpcf7-text wpcf7-validates-as-email e-mail\" aria-required=\"true\" aria-invalid=\"false\" value=\"\" type=\"email\" name=\"email\" \/><\/span>\n\t<\/p>\n\t<h4>Veuillez m\u2019envoyer un prospectus \u00e0 propos des th\u00e8mes suivants\u00a0:\n\t<\/h4>\n\t<p><span class=\"wpcf7-form-control-wrap\" data-name=\"box-prospekt\"><span class=\"wpcf7-form-control wpcf7-checkbox\"><span class=\"wpcf7-list-item first\"><input type=\"checkbox\" name=\"box-prospekt[]\" value=\"Tables \u00e9l\u00e9vatrices\" \/><span class=\"wpcf7-list-item-label\">Tables \u00e9l\u00e9vatrices<\/span><\/span><span class=\"wpcf7-list-item\"><input type=\"checkbox\" name=\"box-prospekt[]\" value=\"Hebefix\" \/><span class=\"wpcf7-list-item-label\">Hebefix<\/span><\/span><span class=\"wpcf7-list-item last\"><input type=\"checkbox\" name=\"box-prospekt[]\" value=\"Manutention du mat\u00e9riel\" \/><span class=\"wpcf7-list-item-label\">Manutention du mat\u00e9riel<\/span><\/span><\/span><\/span>\n\t<\/p>\n\t<p class=\"clear\">par courrier postal \u00e0 l\u2019adresse suivante\u00a0:\n\t<\/p>\n\t<p><span class=\"wpcf7-form-control-wrap\" data-name=\"postanschrift\"><textarea cols=\"40\" rows=\"2\" maxlength=\"2000\" class=\"wpcf7-form-control wpcf7-textarea\" aria-invalid=\"false\" name=\"postanschrift\"><\/textarea><\/span>\n\t<\/p>\n<\/div>\n<hr class=\"clear\" \/>\n<p><span id=\"wpcf7-69d7ab1bca0e4-wrapper\" class=\"wpcf7-form-control-wrap honeypot-622-wrap\" style=\"display:none !important; visibility:hidden !important;\"><label for=\"wpcf7-69d7ab1bca0e4-field\" class=\"hp-message\">Please leave this field empty.<\/label><input id=\"wpcf7-69d7ab1bca0e4-field\"  class=\"wpcf7-form-control wpcf7-text\" type=\"text\" name=\"honeypot-622\" value=\"\" size=\"40\" tabindex=\"-1\" autocomplete=\"new-password\" \/><\/span>\n<\/p>\n<p><input class=\"wpcf7-form-control wpcf7-submit has-spinner\" type=\"submit\" value=\"Envoyer\" \/>\n<\/p>\n<div class=\"danke\">\n\t<h4>Merci de votre int\u00e9r\u00eat, nous vous contacterons dans les plus brefs d\u00e9lais.\n\t<\/h4>\n\t<p>Toute l\u2019\u00e9quipe Gruse\n\t<\/p>\n<\/div><div class=\"wpcf7-response-output\" aria-hidden=\"true\"><\/div>\n<\/form>\n<\/div>\n<\/p>\n","protected":false},"excerpt":{"rendered":"<p>Nos Prospectus (en allemand) Produits, details, accessoires<\/p>\n","protected":false},"author":2,"featured_media":0,"parent":0,"menu_order":0,"comment_status":"closed","ping_status":"closed","template":"","meta":{"footnotes":""},"class_list":["post-1106","page","type-page","status-publish","hentry"],"yoast_head":"<!-- This site is optimized with the Yoast SEO Premium plugin v15.3 - https:\/\/yoast.com\/wordpress\/plugins\/seo\/ -->\n<title>Prospectus - Gruse Maschinenbau<\/title>\n<meta name=\"robots\" content=\"index, follow, max-snippet:-1, max-image-preview:large, max-video-preview:-1\" \/>\n<link rel=\"canonical\" href=\"https:\/\/gruse.de\/fr\/prospectus\/\" \/>\n<meta property=\"og:locale\" content=\"fr_FR\" \/>\n<meta property=\"og:type\" content=\"article\" \/>\n<meta property=\"og:title\" content=\"Prospectus - Gruse Maschinenbau\" \/>\n<meta property=\"og:description\" content=\"Nos Prospectus (en allemand) Produits, details, accessoires\" \/>\n<meta property=\"og:url\" content=\"https:\/\/gruse.de\/fr\/prospectus\/\" \/>\n<meta property=\"og:site_name\" content=\"Gruse Maschinenbau\" \/>\n<meta property=\"article:modified_time\" content=\"2018-09-30T23:40:48+00:00\" \/>\n<meta property=\"og:image\" content=\"https:\/\/gruse.de\/wp-content\/uploads\/2017\/07\/Prospekt-Hubtische_de-1.jpg\" \/>\n<meta name=\"twitter:card\" content=\"summary_large_image\" \/>\n<meta name=\"twitter:label1\" content=\"\u00c9crit par\">\n\t<meta name=\"twitter:data1\" content=\"\">\n\t<meta name=\"twitter:label2\" content=\"Dur\u00e9e de lecture estim\u00e9e\">\n\t<meta name=\"twitter:data2\" content=\"0 minute\">\n<script type=\"application\/ld+json\" class=\"yoast-schema-graph\">{\"@context\":\"https:\/\/schema.org\",\"@graph\":[{\"@type\":\"WebSite\",\"@id\":\"https:\/\/gruse.de\/fr\/#website\",\"url\":\"https:\/\/gruse.de\/fr\/\",\"name\":\"Gruse Maschinenbau\",\"description\":\"Maschinenbau Hubtisch Coil Handling F\\u00f6rdertechnik\",\"potentialAction\":[{\"@type\":\"SearchAction\",\"target\":\"https:\/\/gruse.de\/fr\/?s={search_term_string}\",\"query-input\":\"required name=search_term_string\"}],\"inLanguage\":\"fr-FR\"},{\"@type\":\"ImageObject\",\"@id\":\"https:\/\/gruse.de\/fr\/prospectus\/#primaryimage\",\"inLanguage\":\"fr-FR\",\"url\":\"https:\/\/gruse.de\/wp-content\/uploads\/2017\/07\/Prospekt-Hubtische_de-1.jpg\"},{\"@type\":\"WebPage\",\"@id\":\"https:\/\/gruse.de\/fr\/prospectus\/#webpage\",\"url\":\"https:\/\/gruse.de\/fr\/prospectus\/\",\"name\":\"Prospectus - Gruse Maschinenbau\",\"isPartOf\":{\"@id\":\"https:\/\/gruse.de\/fr\/#website\"},\"primaryImageOfPage\":{\"@id\":\"https:\/\/gruse.de\/fr\/prospectus\/#primaryimage\"},\"datePublished\":\"2017-07-25T15:25:42+00:00\",\"dateModified\":\"2018-09-30T23:40:48+00:00\",\"inLanguage\":\"fr-FR\",\"potentialAction\":[{\"@type\":\"ReadAction\",\"target\":[\"https:\/\/gruse.de\/fr\/prospectus\/\"]}]}]}<\/script>\n<!-- \/ Yoast SEO Premium plugin. -->","_links":{"self":[{"href":"https:\/\/gruse.de\/fr\/wp-json\/wp\/v2\/pages\/1106","targetHints":{"allow":["GET"]}}],"collection":[{"href":"https:\/\/gruse.de\/fr\/wp-json\/wp\/v2\/pages"}],"about":[{"href":"https:\/\/gruse.de\/fr\/wp-json\/wp\/v2\/types\/page"}],"author":[{"embeddable":true,"href":"https:\/\/gruse.de\/fr\/wp-json\/wp\/v2\/users\/2"}],"replies":[{"embeddable":true,"href":"https:\/\/gruse.de\/fr\/wp-json\/wp\/v2\/comments?post=1106"}],"version-history":[{"count":4,"href":"https:\/\/gruse.de\/fr\/wp-json\/wp\/v2\/pages\/1106\/revisions"}],"predecessor-version":[{"id":5957,"href":"https:\/\/gruse.de\/fr\/wp-json\/wp\/v2\/pages\/1106\/revisions\/5957"}],"wp:attachment":[{"href":"https:\/\/gruse.de\/fr\/wp-json\/wp\/v2\/media?parent=1106"}],"curies":[{"name":"wp","href":"https:\/\/api.w.org\/{rel}","templated":true}]}}