{"id":115,"date":"2017-06-26T11:25:03","date_gmt":"2017-06-26T09:25:03","guid":{"rendered":"http:\/\/localhost:8888\/wordpress\/?page_id=115"},"modified":"2020-05-20T12:45:15","modified_gmt":"2020-05-20T10:45:15","slug":"table-elevatrice-a-courroie-ght","status":"publish","type":"page","link":"https:\/\/gruse.de\/fr\/solutions-de-levage\/table-elevatrice-a-courroie-ght\/","title":{"rendered":"Table \u00e9l\u00e9vatrice \u00e0 courroie GHT"},"content":{"rendered":"<h1>\n\t\tTable \u00e9l\u00e9vatrice \u00e0 courroie GHT\n\t<\/h1>\n<h2>\n\t\tGrande vitesse de levage, grande efficience \u00e9nerg\u00e9tique\n\t<\/h2>\n<p>Les tables \u00e9l\u00e9vatrices \u00e0 ciseaux entra\u00een\u00e9es par courroie de la marque Gruse sont un tout nouveau d\u00e9veloppement et surpassent nettement les produits de la concurrence avec un<strong> principe brevet\u00e9 de levier \u00e0 genouill\u00e8re command\u00e9 par came <\/strong>pour la transmission de force. Gr\u00e2ce \u00e0 ce principe, un<strong> effort nettement moindre <\/strong>est requis pour le mouvement de levage et cela se traduit par une <strong>grande efficience \u00e9nerg\u00e9tique<\/strong>.\u00a0 Le mouvement de levage est r\u00e9alis\u00e9 au moyen de courroies plates \u00e0 renvois, d\u2019un arbre de bobinage et d\u2019un motor\u00e9ducteur \u00e9lectrique. En fonction de la charge utile et de la vitesse de levage requises, le motor\u00e9ducteur est con\u00e7u sous forme de moteur triphas\u00e9 ou de servomoteur.<\/p>\n<p>&nbsp;<\/p>\n<h3>Les avantages de l\u2019entra\u00eenement par courroie sans huile\u2026<\/h3>\nr\u00e9sident en particulier dans le<strong> levage et le positionnement hautement dynamiques et pr\u00e9cis de charges lourdes<\/strong> comme cela est fr\u00e9quemment n\u00e9cessaire dans le secteur de la construction de machines et d\u2019installations technologiques, en particulier pour la production automobile.\n\t\t\t\t<img decoding=\"async\" src=\"https:\/\/gruse.de\/wp-content\/uploads\/2017\/06\/gruse-riemenhubtisch-ght-hebt-volkswagen.jpg\" alt=\"gruse-riemenhubtisch-ght-hebt-volkswagen\" itemprop=\"image\" title=\"gruse-riemenhubtisch-ght-hebt-volkswagen\" onerror=\"this.style.display='none'\"  \/>\n<p>En comparaison aux solutions de levage traditionnelles, la consommation d\u2019\u00e9nergie s\u2019en trouve alors r\u00e9duite \u00e9tant donn\u00e9 que la technologie brevet\u00e9e permet d\u2019employer des entra\u00eenements de petite taille.<\/p>\n\t\t\t\t<img decoding=\"async\" src=\"https:\/\/gruse.de\/wp-content\/uploads\/2017\/06\/gruse-riemenhubtisch_ght-halb.jpg\" alt=\"gruse-riemenhubtisch_ght-halb\" itemprop=\"image\" title=\"gruse-riemenhubtisch_ght-halb\" onerror=\"this.style.display='none'\"  \/>\n\t<h3>Profil en bref de notre table \u00e9l\u00e9vatrice \u00e0 courroie GHT<\/h3>\n<h4>Entra\u00eenement sans huile, positionnement pr\u00e9cis<\/h4>\n<ul>\n<li>Levage et positionnement rapides de charges \u00e0 concurrence de 7\u00a0000\u00a0kg<\/li>\n<li>Grandes vitesses de levage \u00e0 concurrence d\u2019env. 400\u00a0mm\/s<\/li>\n<li>Faible effort gr\u00e2ce au principe brevet\u00e9 du levier \u00e0 genouill\u00e8re command\u00e9 par came<\/li>\n<li>Tr\u00e8s bon r\u00e9glage de la vitesse en cas d\u2019utilisation de syst\u00e8mes de r\u00e9gulation de la vitesse de rotation<\/li>\n<li>Entra\u00eenement\u2028sans huile<\/li>\n<li>Faible consommation d\u2019\u00e9nergie \u00e9tant donn\u00e9 que la technologie brevet\u00e9e permet d\u2019employer des entra\u00eenements de petite taille.<\/li>\n<li>Possibilit\u00e9 de r\u00e9injection de l\u2019\u00e9nergie pendant le mouvement descendant<\/li>\n<li>Le moteur de commande peut \u00eatre pos\u00e9 \u00e0 l\u2019ext\u00e9rieur \u00e0 l\u2019aide de l\u2019arbre de transmission<\/li>\n<\/ul>\n<h3>\n\t\tNous nous ferons un plaisir de vous aider\n\t<\/h3>\n\t\n<div class=\"wpcf7 no-js\" id=\"wpcf7-f4483-o1\" lang=\"de-DE\" dir=\"ltr\" data-wpcf7-id=\"4483\">\n<div class=\"screen-reader-response\"><p role=\"status\" aria-live=\"polite\" aria-atomic=\"true\"><\/p> <ul><\/ul><\/div>\n<form action=\"\/fr\/wp-json\/wp\/v2\/pages\/115#wpcf7-f4483-o1\" method=\"post\" class=\"wpcf7-form init\" aria-label=\"Kontaktformular\" novalidate=\"novalidate\" data-status=\"init\">\n<fieldset class=\"hidden-fields-container\"><input type=\"hidden\" name=\"_wpcf7\" value=\"4483\" \/><input type=\"hidden\" name=\"_wpcf7_version\" value=\"6.1.5\" \/><input type=\"hidden\" name=\"_wpcf7_locale\" value=\"de_DE\" \/><input type=\"hidden\" name=\"_wpcf7_unit_tag\" value=\"wpcf7-f4483-o1\" \/><input type=\"hidden\" name=\"_wpcf7_container_post\" value=\"0\" \/><input type=\"hidden\" name=\"_wpcf7_posted_data_hash\" value=\"\" \/><input type=\"hidden\" name=\"_wpcf7dtx_version\" value=\"5.0.5\" \/>\n<\/fieldset>\n<h4>Votre nom\n<\/h4>\n<p><label><span class=\"wpcf7-form-control-wrap\" data-name=\"your-name\"><input size=\"40\" maxlength=\"400\" class=\"wpcf7-form-control wpcf7-text wpcf7-validates-as-required\" aria-required=\"true\" aria-invalid=\"false\" value=\"\" type=\"text\" name=\"your-name\" \/><\/span> <\/label>\n<\/p>\n<h4>Votre adresse courriel\n<\/h4>\n<p><label> <span class=\"wpcf7-form-control-wrap\" data-name=\"your-email\"><input size=\"40\" maxlength=\"400\" class=\"wpcf7-form-control wpcf7-email wpcf7-validates-as-required wpcf7-text wpcf7-validates-as-email\" aria-required=\"true\" aria-invalid=\"false\" value=\"\" type=\"email\" name=\"your-email\" \/><\/span> <\/label>\n<\/p>\n<h4>Votre message\n<\/h4>\n<p><label> <span class=\"wpcf7-form-control-wrap\" data-name=\"your-message\"><textarea cols=\"40\" rows=\"10\" maxlength=\"2000\" class=\"wpcf7-form-control wpcf7-textarea\" aria-invalid=\"false\" name=\"your-message\"><\/textarea><\/span> <\/label><br \/>\n<span id=\"wpcf7-69d4506099ac7-wrapper\" class=\"wpcf7-form-control-wrap honeypot-17-wrap\" style=\"display:none !important; visibility:hidden !important;\"><label for=\"wpcf7-69d4506099ac7-field\" class=\"hp-message\">Bitte lasse dieses Feld leer.<\/label><input id=\"wpcf7-69d4506099ac7-field\"  class=\"wpcf7-form-control wpcf7-text\" type=\"text\" name=\"honeypot-17\" value=\"\" size=\"40\" tabindex=\"-1\" autocomplete=\"new-password\" \/><\/span><br \/>\n<input class=\"wpcf7-form-control wpcf7-submit has-spinner\" type=\"submit\" value=\"Envoyer\" \/>\n<\/p><div class=\"wpcf7-response-output\" aria-hidden=\"true\"><\/div>\n<\/form>\n<\/div>\n\n\t<p>N\u2019h\u00e9sitez pas \u00e0 m\u2019appeler ou utilisez notre formulaire de contact.<\/p>\n<h3>T\u00e9l.: +49 5154 9510-0<\/h3>\n<img loading=\"lazy\" decoding=\"async\" src=\"https:\/\/gruse.de\/fr\/wp-content\/uploads\/sites\/3\/2019\/03\/Gruse-Puls-190219-003.jpg\" alt=\"\" width=\"800\" height=\"533\" \/>Tina Puls | Service commercial<br \/>\n\n","protected":false},"excerpt":{"rendered":"<p>Table \u00e9l\u00e9vatrice \u00e0 courroie GHT Grande vitesse de levage, grande efficience \u00e9nerg\u00e9tique Les tables \u00e9l\u00e9vatrices \u00e0 ciseaux entra\u00een\u00e9es par courroie de la marque Gruse sont un tout nouveau d\u00e9veloppement et surpassent nettement les produits de la concurrence avec un principe brevet\u00e9 de levier \u00e0 genouill\u00e8re command\u00e9 par came pour la transmission de force. Gr\u00e2ce \u00e0&hellip;<\/p>\n","protected":false},"author":2,"featured_media":0,"parent":501,"menu_order":0,"comment_status":"closed","ping_status":"closed","template":"","meta":{"footnotes":""},"class_list":["post-115","page","type-page","status-publish","hentry"],"yoast_head":"<!-- This site is optimized with the Yoast SEO Premium plugin v15.3 - https:\/\/yoast.com\/wordpress\/plugins\/seo\/ -->\n<title>Table \u00e9l\u00e9vatrice \u00e0 courroie GHT - Gruse Maschinenbau<\/title>\n<meta name=\"robots\" content=\"index, follow, max-snippet:-1, max-image-preview:large, max-video-preview:-1\" \/>\n<link rel=\"canonical\" href=\"https:\/\/gruse.de\/fr\/solutions-de-levage\/table-elevatrice-a-courroie-ght\/\" \/>\n<meta property=\"og:locale\" content=\"fr_FR\" \/>\n<meta property=\"og:type\" content=\"article\" \/>\n<meta property=\"og:title\" content=\"Table \u00e9l\u00e9vatrice \u00e0 courroie GHT - Gruse Maschinenbau\" \/>\n<meta property=\"og:description\" content=\"Table \u00e9l\u00e9vatrice \u00e0 courroie GHT Grande vitesse de levage, grande efficience \u00e9nerg\u00e9tique Les tables \u00e9l\u00e9vatrices \u00e0 ciseaux entra\u00een\u00e9es par courroie de la marque Gruse sont un tout nouveau d\u00e9veloppement et surpassent nettement les produits de la concurrence avec un principe brevet\u00e9 de levier \u00e0 genouill\u00e8re command\u00e9 par came pour la transmission de force. Gr\u00e2ce \u00e0&hellip;\" \/>\n<meta property=\"og:url\" content=\"https:\/\/gruse.de\/fr\/solutions-de-levage\/table-elevatrice-a-courroie-ght\/\" \/>\n<meta property=\"og:site_name\" content=\"Gruse Maschinenbau\" \/>\n<meta property=\"article:modified_time\" content=\"2020-05-20T10:45:15+00:00\" \/>\n<meta property=\"og:image\" content=\"https:\/\/gruse.de\/wp-content\/uploads\/2017\/06\/gruse-riemenhubtisch-ght-hebt-volkswagen.jpg\" \/>\n<meta name=\"twitter:card\" content=\"summary_large_image\" \/>\n<meta name=\"twitter:label1\" content=\"\u00c9crit par\">\n\t<meta name=\"twitter:data1\" content=\"\">\n\t<meta name=\"twitter:label2\" content=\"Dur\u00e9e de lecture estim\u00e9e\">\n\t<meta name=\"twitter:data2\" content=\"2 minutes\">\n<script type=\"application\/ld+json\" class=\"yoast-schema-graph\">{\"@context\":\"https:\/\/schema.org\",\"@graph\":[{\"@type\":\"WebSite\",\"@id\":\"https:\/\/gruse.de\/fr\/#website\",\"url\":\"https:\/\/gruse.de\/fr\/\",\"name\":\"Gruse Maschinenbau\",\"description\":\"Maschinenbau Hubtisch Coil Handling F\\u00f6rdertechnik\",\"potentialAction\":[{\"@type\":\"SearchAction\",\"target\":\"https:\/\/gruse.de\/fr\/?s={search_term_string}\",\"query-input\":\"required name=search_term_string\"}],\"inLanguage\":\"fr-FR\"},{\"@type\":\"ImageObject\",\"@id\":\"https:\/\/gruse.de\/fr\/solutions-de-levage\/table-elevatrice-a-courroie-ght\/#primaryimage\",\"inLanguage\":\"fr-FR\",\"url\":\"https:\/\/gruse.de\/wp-content\/uploads\/2017\/06\/gruse-riemenhubtisch-ght-hebt-volkswagen.jpg\"},{\"@type\":\"WebPage\",\"@id\":\"https:\/\/gruse.de\/fr\/solutions-de-levage\/table-elevatrice-a-courroie-ght\/#webpage\",\"url\":\"https:\/\/gruse.de\/fr\/solutions-de-levage\/table-elevatrice-a-courroie-ght\/\",\"name\":\"Table \\u00e9l\\u00e9vatrice \\u00e0 courroie GHT - Gruse Maschinenbau\",\"isPartOf\":{\"@id\":\"https:\/\/gruse.de\/fr\/#website\"},\"primaryImageOfPage\":{\"@id\":\"https:\/\/gruse.de\/fr\/solutions-de-levage\/table-elevatrice-a-courroie-ght\/#primaryimage\"},\"datePublished\":\"2017-06-26T09:25:03+00:00\",\"dateModified\":\"2020-05-20T10:45:15+00:00\",\"inLanguage\":\"fr-FR\",\"potentialAction\":[{\"@type\":\"ReadAction\",\"target\":[\"https:\/\/gruse.de\/fr\/solutions-de-levage\/table-elevatrice-a-courroie-ght\/\"]}]}]}<\/script>\n<!-- \/ Yoast SEO Premium plugin. -->","_links":{"self":[{"href":"https:\/\/gruse.de\/fr\/wp-json\/wp\/v2\/pages\/115","targetHints":{"allow":["GET"]}}],"collection":[{"href":"https:\/\/gruse.de\/fr\/wp-json\/wp\/v2\/pages"}],"about":[{"href":"https:\/\/gruse.de\/fr\/wp-json\/wp\/v2\/types\/page"}],"author":[{"embeddable":true,"href":"https:\/\/gruse.de\/fr\/wp-json\/wp\/v2\/users\/2"}],"replies":[{"embeddable":true,"href":"https:\/\/gruse.de\/fr\/wp-json\/wp\/v2\/comments?post=115"}],"version-history":[{"count":5,"href":"https:\/\/gruse.de\/fr\/wp-json\/wp\/v2\/pages\/115\/revisions"}],"predecessor-version":[{"id":5836,"href":"https:\/\/gruse.de\/fr\/wp-json\/wp\/v2\/pages\/115\/revisions\/5836"}],"up":[{"embeddable":true,"href":"https:\/\/gruse.de\/fr\/wp-json\/wp\/v2\/pages\/501"}],"wp:attachment":[{"href":"https:\/\/gruse.de\/fr\/wp-json\/wp\/v2\/media?parent=115"}],"curies":[{"name":"wp","href":"https:\/\/api.w.org\/{rel}","templated":true}]}}