{"id":117,"date":"2017-06-26T11:26:02","date_gmt":"2017-06-26T09:26:02","guid":{"rendered":"http:\/\/localhost:8888\/wordpress\/?page_id=117"},"modified":"2023-08-08T10:21:04","modified_gmt":"2023-08-08T08:21:04","slug":"tables-elevatrices-els-eld-elt","status":"publish","type":"page","link":"https:\/\/gruse.de\/fr\/solutions-de-levage\/tables-elevatrices-els-eld-elt\/","title":{"rendered":"Tables \u00e9l\u00e9vatrices ELS|ELD|ELT"},"content":{"rendered":"\n<h1>\n\t\tTables \u00e9l\u00e9vatrices ELS | ELD | ELT\n\t<\/h1>\n<h2>\n\t\tLe mod\u00e8le polyvalent convertible\n\t<\/h2>\n\t<p>Le mod\u00e8le standard ELS soul\u00e8ve en continu \u00e0 des hauteurs de travail ergonomiques. Avec des charges utiles de 500 \u00e0 10\u00a0000\u00a0kg, cette table \u00e9l\u00e9vatrice se distingue par son utilisation universelle.<\/p>\n<p>De nombreux <a href=\"http:\/\/gruse.de\/download\/hubtische_de.pdf\">accessoires<\/a> transforment les tables \u00e9l\u00e9vatrices ELS | ELD | ELT en des appareils sp\u00e9ciaux, adapt\u00e9s aux applications particuli\u00e8res. Le grand atout de cette table \u00e9l\u00e9vatrice est sa polyvalence.<\/p>\n\t\t\t\t<img decoding=\"async\" src=\"https:\/\/gruse.de\/wp-content\/uploads\/2017\/06\/gruse-hubtisch-ELS-sonder-1.jpg\" alt=\"gruse-hubtisch-ELS-sonder-1\" title=\"gruse-hubtisch-ELS-sonder-1\" \/>\n<h2>\n\t\t\u00c0 simple ciseau, doubles ciseaux ou ciseaux en tandem\n\t<\/h2>\n\t<p>Avec notre syst\u00e8me modulaire, nous composons, \u00e9tape par \u00e9tape, votre solution de levage individuelle. Il vous suffit de r\u00e9pondre \u00e0 ces deux questions : que souhaitez-vous soulever et de quelle mani\u00e8re ? Et nous pourrons d\u00e9j\u00e0 nous mettre au travail.<\/p>\n<p>En fonction du domaine d&rsquo;application, nous configurons votre table \u00e9l\u00e9vatrice standard, votre table \u00e9l\u00e9vatrice de montage, votre table \u00e9l\u00e9vatrice de chargement, vos plateformes \u00e9l\u00e9vatrices, \u00e0 montage fixe ou mobile, avec un entra\u00eenement hydraulique, par courroie ou \u00e0 broches et encore bien plus d&rsquo;autres variantes d&rsquo;\u00e9quipement.<\/p>\n\t\t\t\t<img decoding=\"async\" src=\"https:\/\/gruse.de\/wp-content\/uploads\/2017\/06\/Anlagenhubtisch-ELS.jpg\" alt=\"Anlagenhubtisch-ELS\" title=\"Anlagenhubtisch-ELS\" \/>\n<h4>\n\t\tELS \u00e0 simple ciseau\n\t<\/h4>\n\t\t\t\t<img decoding=\"async\" src=\"https:\/\/gruse.de\/wp-content\/uploads\/2017\/06\/gruse_hubtisch_ELS-2.jpg\" alt=\"gruse_hubtisch_ELS-2\" title=\"gruse_hubtisch_ELS-2\" \/>\n\t<p><strong>Le mod\u00e8le polyvalent convertible<\/strong><\/p>\n<p>Le mod\u00e8le standard ELS soul\u00e8ve en continu \u00e0 des hauteurs de travail ergonomiques. Avec des charges utiles de 500 \u00e0 10 000 kg, cette table \u00e9l\u00e9vatrice se distingue par son utilisation universelle.<\/p>\n<h4>\n\t\tELD \u00e0 doubles ciseaux\n\t<\/h4>\n\t\t\t\t<img decoding=\"async\" src=\"https:\/\/gruse.de\/wp-content\/uploads\/2017\/06\/gruse_hubtisch_ELD.jpg\" alt=\"gruse_hubtisch_ELD\" title=\"gruse_hubtisch_ELD\" \/>\n\t<p><strong>Doubles ciseaux pour une grande course utile<\/strong><\/p>\n<p>Pour les grandes courses utiles, nous avons d\u00e9velopp\u00e9 la table \u00e9l\u00e9vatrice \u00e0 doubles ciseaux ELD. Le mod\u00e8le standard permet des courses utiles \u00e0 concurrence de 2 600 mm avec une charge utile maximale de 50 000 kg.<\/p>\n<h4>\n\t\tELT \u00e0 ciseaux en tandem\n\t<\/h4>\n\t\t\t\t<img decoding=\"async\" src=\"https:\/\/gruse.de\/wp-content\/uploads\/2017\/06\/gruse_hubtisch_ELT.jpg\" alt=\"gruse_hubtisch_ELT\" title=\"gruse_hubtisch_ELT\" \/>\n\t<p><strong>Largeur max. de 5\u00a0m\u00e8tres<\/strong><\/p>\n<p>La table \u00e9l\u00e9vatrice ELT \u00e0 ciseaux en tandem est surtout employ\u00e9e lorsqu&rsquo;une longue plateforme avec des charges utiles de 1 500 \u00e0 10 000 kg est requise.<\/p>\n<h3>\n\t\tVous souhaitez obtenir de plus amples informations ?\n\t<\/h3>\n\t<p>Vous trouverez des informations compl\u00e9mentaires dans notre prospectus <a href=\"http:\/\/gruse.de\/download\/hubtische_de.pdf\"><strong>Tables \u00e9l\u00e9vatrices ELS ELD ELT<\/strong><\/a> \u00e0 t\u00e9l\u00e9charger. Si vous le souhaitez, nous nous ferons un plaisir de vous envoyer un exemplaire imprim\u00e9.<\/p>\n\t\t\t\t<img decoding=\"async\" src=\"https:\/\/gruse.de\/wp-content\/uploads\/2017\/06\/Prospekt-Hubtische_de-1-half.jpg\" alt=\"Prospekt-Hubtische_de-1-half\" title=\"Prospekt-Hubtische_de-1-half\" \/>\n<h3>\n\t\tVous avez encore des questions ?\n\t<\/h3>\n<h4>\n\t\tNous vous aidons volontiers \u00e0 configurer votre solution de levage. Il vous suffit de nous appeler ou de nous envoyer un courriel.\n\t<\/h4>\n\n","protected":false},"excerpt":{"rendered":"<p>Tables \u00e9l\u00e9vatrices ELS | ELD | ELT Le mod\u00e8le polyvalent convertible Le mod\u00e8le standard ELS soul\u00e8ve en continu \u00e0 des hauteurs de travail ergonomiques. Avec des charges utiles de 500 \u00e0 10\u00a0000\u00a0kg, cette table \u00e9l\u00e9vatrice se distingue par son utilisation universelle. De nombreux accessoires transforment les tables \u00e9l\u00e9vatrices ELS | ELD | ELT en des&hellip;<\/p>\n","protected":false},"author":2,"featured_media":0,"parent":501,"menu_order":0,"comment_status":"closed","ping_status":"closed","template":"","meta":{"footnotes":""},"class_list":["post-117","page","type-page","status-publish","hentry"],"yoast_head":"<!-- This site is optimized with the Yoast SEO Premium plugin v15.3 - https:\/\/yoast.com\/wordpress\/plugins\/seo\/ -->\n<title>Tables \u00e9l\u00e9vatrices ELS|ELD|ELT - Gruse Maschinenbau<\/title>\n<meta name=\"robots\" content=\"index, follow, max-snippet:-1, max-image-preview:large, max-video-preview:-1\" \/>\n<link rel=\"canonical\" href=\"https:\/\/gruse.de\/fr\/solutions-de-levage\/tables-elevatrices-els-eld-elt\/\" \/>\n<meta property=\"og:locale\" content=\"fr_FR\" \/>\n<meta property=\"og:type\" content=\"article\" \/>\n<meta property=\"og:title\" content=\"Tables \u00e9l\u00e9vatrices ELS|ELD|ELT - Gruse Maschinenbau\" \/>\n<meta property=\"og:description\" content=\"Tables \u00e9l\u00e9vatrices ELS | ELD | ELT Le mod\u00e8le polyvalent convertible Le mod\u00e8le standard ELS soul\u00e8ve en continu \u00e0 des hauteurs de travail ergonomiques. Avec des charges utiles de 500 \u00e0 10\u00a0000\u00a0kg, cette table \u00e9l\u00e9vatrice se distingue par son utilisation universelle. De nombreux accessoires transforment les tables \u00e9l\u00e9vatrices ELS | ELD | ELT en des&hellip;\" \/>\n<meta property=\"og:url\" content=\"https:\/\/gruse.de\/fr\/solutions-de-levage\/tables-elevatrices-els-eld-elt\/\" \/>\n<meta property=\"og:site_name\" content=\"Gruse Maschinenbau\" \/>\n<meta property=\"article:modified_time\" content=\"2023-08-08T08:21:04+00:00\" \/>\n<meta property=\"og:image\" content=\"https:\/\/gruse.de\/wp-content\/uploads\/2017\/06\/gruse-hubtisch-ELS-sonder-1.jpg\" \/>\n<meta name=\"twitter:card\" content=\"summary_large_image\" \/>\n<meta name=\"twitter:label1\" content=\"\u00c9crit par\">\n\t<meta name=\"twitter:data1\" content=\"\">\n\t<meta name=\"twitter:label2\" content=\"Dur\u00e9e de lecture estim\u00e9e\">\n\t<meta name=\"twitter:data2\" content=\"1 minute\">\n<script type=\"application\/ld+json\" class=\"yoast-schema-graph\">{\"@context\":\"https:\/\/schema.org\",\"@graph\":[{\"@type\":\"WebSite\",\"@id\":\"https:\/\/gruse.de\/fr\/#website\",\"url\":\"https:\/\/gruse.de\/fr\/\",\"name\":\"Gruse Maschinenbau\",\"description\":\"Maschinenbau Hubtisch Coil Handling F\\u00f6rdertechnik\",\"potentialAction\":[{\"@type\":\"SearchAction\",\"target\":\"https:\/\/gruse.de\/fr\/?s={search_term_string}\",\"query-input\":\"required name=search_term_string\"}],\"inLanguage\":\"fr-FR\"},{\"@type\":\"ImageObject\",\"@id\":\"https:\/\/gruse.de\/fr\/solutions-de-levage\/tables-elevatrices-els-eld-elt\/#primaryimage\",\"inLanguage\":\"fr-FR\",\"url\":\"https:\/\/gruse.de\/wp-content\/uploads\/2017\/06\/gruse-hubtisch-ELS-sonder-1.jpg\"},{\"@type\":\"WebPage\",\"@id\":\"https:\/\/gruse.de\/fr\/solutions-de-levage\/tables-elevatrices-els-eld-elt\/#webpage\",\"url\":\"https:\/\/gruse.de\/fr\/solutions-de-levage\/tables-elevatrices-els-eld-elt\/\",\"name\":\"Tables \\u00e9l\\u00e9vatrices ELS|ELD|ELT - Gruse Maschinenbau\",\"isPartOf\":{\"@id\":\"https:\/\/gruse.de\/fr\/#website\"},\"primaryImageOfPage\":{\"@id\":\"https:\/\/gruse.de\/fr\/solutions-de-levage\/tables-elevatrices-els-eld-elt\/#primaryimage\"},\"datePublished\":\"2017-06-26T09:26:02+00:00\",\"dateModified\":\"2023-08-08T08:21:04+00:00\",\"inLanguage\":\"fr-FR\",\"potentialAction\":[{\"@type\":\"ReadAction\",\"target\":[\"https:\/\/gruse.de\/fr\/solutions-de-levage\/tables-elevatrices-els-eld-elt\/\"]}]}]}<\/script>\n<!-- \/ Yoast SEO Premium plugin. -->","_links":{"self":[{"href":"https:\/\/gruse.de\/fr\/wp-json\/wp\/v2\/pages\/117","targetHints":{"allow":["GET"]}}],"collection":[{"href":"https:\/\/gruse.de\/fr\/wp-json\/wp\/v2\/pages"}],"about":[{"href":"https:\/\/gruse.de\/fr\/wp-json\/wp\/v2\/types\/page"}],"author":[{"embeddable":true,"href":"https:\/\/gruse.de\/fr\/wp-json\/wp\/v2\/users\/2"}],"replies":[{"embeddable":true,"href":"https:\/\/gruse.de\/fr\/wp-json\/wp\/v2\/comments?post=117"}],"version-history":[{"count":8,"href":"https:\/\/gruse.de\/fr\/wp-json\/wp\/v2\/pages\/117\/revisions"}],"predecessor-version":[{"id":6117,"href":"https:\/\/gruse.de\/fr\/wp-json\/wp\/v2\/pages\/117\/revisions\/6117"}],"up":[{"embeddable":true,"href":"https:\/\/gruse.de\/fr\/wp-json\/wp\/v2\/pages\/501"}],"wp:attachment":[{"href":"https:\/\/gruse.de\/fr\/wp-json\/wp\/v2\/media?parent=117"}],"curies":[{"name":"wp","href":"https:\/\/api.w.org\/{rel}","templated":true}]}}