{"id":22,"date":"2017-06-23T12:19:04","date_gmt":"2017-06-23T10:19:04","guid":{"rendered":"http:\/\/localhost:8888\/wordpress\/?page_id=14"},"modified":"2025-10-17T09:20:55","modified_gmt":"2025-10-17T07:20:55","slug":"interlocuteurs","status":"publish","type":"page","link":"https:\/\/gruse.de\/fr\/interlocuteurs\/","title":{"rendered":"Interlocuteurs"},"content":{"rendered":"\n<h1>\n\t\tVos interlocuteurs chez Gruse\n\t<\/h1>\n\t<p>Afin que vous puissiez rapidement recevoir les informations requises, adressez-vous simplement \u00e0 l&rsquo;interlocuteur comp\u00e9tent. Nous ferons tout notre possible pour r\u00e9pondre \u00e0 vos questions ou r\u00e9soudre votre probl\u00e8me. Appelez-nous ou envoyez-nous un message.<\/p>\n<h2>\n\t\tDirection g\u00e9n\u00e9rale\n\t<\/h2>\n\t\t\t\t<img loading=\"lazy\" decoding=\"async\" src=\"https:\/\/gruse.de\/fr\/wp-content\/uploads\/sites\/3\/2025\/08\/gruse_ludger_helmig.jpg\" alt=\"Ludger Helmig\" height=\"533\" width=\"800\" title=\"Ludger Helmig\" \/>\n<h4>Ludger Helmig<\/h4>\t\t\n\t\t\t<p><a href=\"mailto:info&#64;gruse&#46;de\">&#105;&#x6e;&#102;&#x6f;&#64;&#x67;&#114;&#x75;&#115;&#x65;&#46;&#x64;&#101;<\/a><\/p>\nT\u00e9l.: +49 5154 9510-0<br \/>\n Fax: +49 5154 20 30\n<ul>\n<li>Direction g\u00e9n\u00e9rale<\/li>\n<\/ul>\n\t\t\t\t<img loading=\"lazy\" decoding=\"async\" src=\"https:\/\/gruse.de\/fr\/wp-content\/uploads\/sites\/3\/2025\/08\/gruse_evelyne_haskamp-3.jpg\" alt=\"Evelyne Haskamp\" height=\"533\" width=\"800\" title=\"Evelyne Haskamp\" \/>\n<h4>Evelyne Haskamp<\/h4>\t\t\n\t\t\t<p><a href=\"&#x6d;&#x61;&#x69;&#x6c;&#x74;&#x6f;&#x3a;&#x65;&#104;&#97;&#115;&#107;&#97;&#109;&#112;&#64;gru&#x73;&#x65;&#x2e;&#x64;&#x65;\">&#101;&#x68;a&#115;&#x6b;a&#109;&#x70;&#64;&#103;&#x72;u&#115;&#x65;&#46;&#x64;&#x65;<\/a><\/p>\nT\u00e9l.: +49 5154 9510-37<br \/>\nFax: +49 5154 20 30\n<ul>\n<li>Assistant de la direction<\/li>\n<\/ul>\n<h2>\n\t\tService commercial\n\t<\/h2>\n\t\t\t\t<img loading=\"lazy\" decoding=\"async\" src=\"https:\/\/gruse.de\/fr\/wp-content\/uploads\/sites\/3\/2025\/08\/gruse_manuel_duellmann-2.jpg\" alt=\"Manuel D\u00fcllmann\" height=\"533\" width=\"800\" title=\"Manuel D\u00fcllmann\" \/>\n<h4>Manuel D\u00fcllmann<\/h4>\t\t\n\t\t\t<p><a href=\"mailto:mduellmann&#64;gruse&#46;&#100;&#101;\">&#109;&#x64;&#x75;e&#108;&#x6c;&#x6d;a&#110;&#x6e;&#64;&#103;&#x72;&#x75;s&#101;&#x2e;d&#101;<\/a><\/p>\nT\u00e9l.: +49 5154 9510-248<br \/>\nFax: +49 5154 9510-75\n<ul>\n<li>Solutions sp\u00e9ciales<\/li>\n<li>Technique de levage et convoyage<\/li>\n<li>Lignes d&rsquo;assemblage<\/li>\n<\/ul>\n\t\t\t\t<img loading=\"lazy\" decoding=\"async\" src=\"https:\/\/gruse.de\/fr\/wp-content\/uploads\/sites\/3\/2021\/06\/gruse-friedrich_quast-2.jpg.jpg\" alt=\"Friedrich Quast, Vertrieb\" height=\"533\" width=\"800\" title=\"Friedrich Quast\" \/>\n<h4>Friedrich Quast<\/h4>\t\t\n\t\t\t<p><a href=\"&#x6d;&#97;i&#x6c;&#x74;&#111;:&#x66;&#113;u&#x61;&#x73;&#116;&#64;&#x67;&#114;u&#x73;&#x65;&#46;d&#x65;\">&#102;&#x71;u&#x61;&#x73;&#116;&#x40;g&#114;&#x75;&#115;&#x65;&#46;&#100;&#x65;<\/a><\/p>\nT\u00e9l.: +49 5154 9510-60<br \/>\n Fax: +49 5154 9510-75\n<ul>\n<li>Machines sp\u00e9ciales<\/li>\n<li>Manutention de bobines<\/li>\n<li>Pont \u00e9l\u00e9vateur \u00e0 colonnes<\/li>\n<\/ul>\n\t\t\t\t<img loading=\"lazy\" decoding=\"async\" src=\"https:\/\/gruse.de\/fr\/wp-content\/uploads\/sites\/3\/2025\/08\/gruse-k_pischke-190716-0002-L.jpg\" alt=\"Kira Pischke\" height=\"533\" width=\"800\" title=\"Kira Pischke\" \/>\n<h4>Kira Pischke<\/h4>\t\t\n\t\t\t<p><a href=\"&#x6d;a&#x69;&#108;t&#x6f;&#58;&#x6b;&#x70;i&#x73;&#99;h&#x6b;&#101;&#x40;&#103;r&#x75;&#115;e&#x2e;&#100;&#x65;\">k&#112;&#105;&#115;&#x63;&#x68;&#x6b;e&#64;&#103;&#114;&#x75;&#x73;&#x65;&#x2e;de<\/a><\/p>\nT\u00e9l.: +49 5154 9510-30<br \/>\nFax: +49 5154 9510-75\n<ul>\n<li>Tables \u00e9l\u00e9vatrices<\/li>\n<li>Tables \u00e9l\u00e9vatrices mobiles<\/li>\n<li>Produit de s\u00e9rie<\/li>\n<\/ul>\n\t\t\t\t<img loading=\"lazy\" decoding=\"async\" src=\"https:\/\/gruse.de\/fr\/wp-content\/uploads\/sites\/3\/2023\/08\/gruse_jan_kazmierski-2.jpg\" alt=\"Jan Kazmierski-Walter\" height=\"533\" width=\"800\" title=\"Jan Kazmierski-Walter\" \/>\n<h4>Jan Kazmierski-Walter<\/h4>\t\t\n\t\t\t<p><a href=\"m&#97;&#x69;&#x6c;&#x74;o&#58;&#106;&#x6b;&#x61;z&#109;&#105;&#x65;&#x72;sk&#105;&#x40;&#x67;&#x72;u&#115;&#x65;&#x2e;&#x64;e\">&#x6a;&#107;&#97;&#x7a;&#x6d;&#105;&#101;&#x72;&#x73;&#107;&#105;&#x40;&#x67;&#114;&#117;&#x73;&#x65;&#46;&#100;&#x65;<\/a><\/p>\nT\u00e9l.: +49 5154 9510-72<br \/>\nFax: +49 5154 9510-75\n<ul>\n<li>Traitement des commandes<\/li>\n<li>Produit de s\u00e9rie<\/li>\n<\/ul>\n<h2>\n\t\tService apr\u00e8s-vente\n\t<\/h2>\n\t\t\t\t<img loading=\"lazy\" decoding=\"async\" src=\"https:\/\/gruse.de\/fr\/wp-content\/uploads\/sites\/3\/2025\/10\/Dietmar-Nitschke.jpg\" alt=\"Dietmar Nitschke\" height=\"533\" width=\"800\" title=\"Dietmar Nitschke\" \/>\n<h4>Dietmar Nitschke<\/h4>\t\t\n\t\t\t<p><a href=\"&#109;&#x61;i&#108;&#x74;o&#58;&#x6b;u&#x6e;&#x64;&#101;&#x6e;d&#105;&#x65;n&#115;&#x74;&#64;&#x67;&#x72;&#117;&#x73;&#x65;&#46;&#x64;e\">&#107;u&#x6e;d&#x65;&#110;&#x64;&#105;&#x65;&#110;s&#x74;&#64;&#x67;&#114;&#x75;&#115;&#x65;&#46;&#x64;&#101;<\/a><\/p>\nT\u00e9l.: +49 5154 9510-514<br \/>\n Fax: +49 5154 9510-86\n\t\t\t\t<img loading=\"lazy\" decoding=\"async\" src=\"https:\/\/gruse.de\/fr\/wp-content\/uploads\/sites\/3\/2025\/10\/Thomas-Gross.jpg\" alt=\"Thomas Gro\u00df\" height=\"533\" width=\"800\" title=\"Thomas Gro\u00df\" \/>\n<h4>Thomas Gro\u00df<\/h4>\t\t\n\t\t\t<p><a href=\"&#109;a&#x69;l&#x74;o&#x3a;k&#x75;&#110;&#x64;&#101;&#x6e;&#100;&#x69;&#101;n&#115;t&#x40;g&#x72;u&#x73;&#101;&#x2e;&#100;&#x65;\">&#x6b;&#x75;&#x6e;&#x64;&#101;&#110;&#100;&#105;ens&#x74;&#x40;&#x67;&#x72;&#x75;&#115;&#101;&#46;de<\/a><\/p>\nT\u00e9l.: +49 5154 9510-850<br \/>\nFax: +49 5154 9510-86\n<h2>\n\t\tDirecteur des op\u00e9rations\n\t<\/h2>\n\t\t\t\t<img loading=\"lazy\" decoding=\"async\" src=\"https:\/\/gruse.de\/fr\/wp-content\/uploads\/sites\/3\/2017\/06\/gruse-JHerguijela-1.jpg\" alt=\"Jos\u00e9 Herguijuela\" height=\"533\" width=\"800\" title=\"Jos\u00e9 Herguijuela\" \/>\n<h4>Jos\u00e9 Herguijuela<\/h4>\t\t\n\t\t\t<p><a href=\"&#109;a&#x69;l&#x74;o&#x3a;j&#x6f;&#115;&#x65;&#64;&#x67;&#114;&#x75;&#115;e&#46;d&#x65;\">jo&#115;&#101;&#64;&#x67;&#x72;&#x75;&#x73;&#x65;&#46;d&#101;<\/a><\/p>\nT\u00e9l.: +49 5154 9510-45<br \/>\n Fax: +49 5154 2030\n<h2>\n\t\tSouhaitez-vous \u00eatre rappel\u00e9 ?\n\t<\/h2>\n<h4>\n\t\tIl vous suffit de nous envoyer un courrier \u00e9lectronique. \n\t<\/h4>\n\t\t\t<a href=\"#kontakt\" target=\"_self\">\n\t\t\t\t\t\tFormulaire de contact\n\t\t\t\t\t<\/a>\n<h4>\n\t\tNous nous r\u00e9jouissons de pouvoir r\u00e9pondre \u00e0 vos questions de vive voix.\n\t<\/h4>\n\t<p><strong>Questions g\u00e9n\u00e9rales<\/strong><\/p>\nT\u00e9l.: +49 5154 9510-0<br \/>\nFax: +49 5154 2030<br \/>\nE-Mail:\u00a0info[at]gruse.de\n\t<p><strong>Adresse visiteurs<\/strong><\/p>\nGruse Maschinenbau GmbH &amp; Co. KG<br \/>\nDibbetweg 32 | 31855 Aerzen<br \/>\n(commune rattach\u00e9e de Gro\u00df Berkel)<br \/>\nAllemagne\n\t\n<div class=\"wpcf7 no-js\" id=\"wpcf7-f4483-o1\" lang=\"de-DE\" dir=\"ltr\" data-wpcf7-id=\"4483\">\n<div class=\"screen-reader-response\"><p role=\"status\" aria-live=\"polite\" aria-atomic=\"true\"><\/p> <ul><\/ul><\/div>\n<form action=\"\/fr\/wp-json\/wp\/v2\/pages\/22#wpcf7-f4483-o1\" method=\"post\" class=\"wpcf7-form init\" aria-label=\"Kontaktformular\" novalidate=\"novalidate\" data-status=\"init\">\n<fieldset class=\"hidden-fields-container\"><input type=\"hidden\" name=\"_wpcf7\" value=\"4483\" \/><input type=\"hidden\" name=\"_wpcf7_version\" value=\"6.1.5\" \/><input type=\"hidden\" name=\"_wpcf7_locale\" value=\"de_DE\" \/><input type=\"hidden\" name=\"_wpcf7_unit_tag\" value=\"wpcf7-f4483-o1\" \/><input type=\"hidden\" name=\"_wpcf7_container_post\" value=\"0\" \/><input type=\"hidden\" name=\"_wpcf7_posted_data_hash\" value=\"\" \/><input type=\"hidden\" name=\"_wpcf7dtx_version\" value=\"5.0.5\" \/>\n<\/fieldset>\n<h4>Votre nom\n<\/h4>\n<p><label><span class=\"wpcf7-form-control-wrap\" data-name=\"your-name\"><input size=\"40\" maxlength=\"400\" class=\"wpcf7-form-control wpcf7-text wpcf7-validates-as-required\" aria-required=\"true\" aria-invalid=\"false\" value=\"\" type=\"text\" name=\"your-name\" \/><\/span> <\/label>\n<\/p>\n<h4>Votre adresse courriel\n<\/h4>\n<p><label> <span class=\"wpcf7-form-control-wrap\" data-name=\"your-email\"><input size=\"40\" maxlength=\"400\" class=\"wpcf7-form-control wpcf7-email wpcf7-validates-as-required wpcf7-text wpcf7-validates-as-email\" aria-required=\"true\" aria-invalid=\"false\" value=\"\" type=\"email\" name=\"your-email\" \/><\/span> <\/label>\n<\/p>\n<h4>Votre message\n<\/h4>\n<p><label> <span class=\"wpcf7-form-control-wrap\" data-name=\"your-message\"><textarea cols=\"40\" rows=\"10\" maxlength=\"2000\" class=\"wpcf7-form-control wpcf7-textarea\" aria-invalid=\"false\" name=\"your-message\"><\/textarea><\/span> <\/label><br \/>\n<span id=\"wpcf7-69d43c5f8d943-wrapper\" class=\"wpcf7-form-control-wrap honeypot-17-wrap\" style=\"display:none !important; visibility:hidden !important;\"><label for=\"wpcf7-69d43c5f8d943-field\" class=\"hp-message\">Bitte lasse dieses Feld leer.<\/label><input id=\"wpcf7-69d43c5f8d943-field\"  class=\"wpcf7-form-control wpcf7-text\" type=\"text\" name=\"honeypot-17\" value=\"\" size=\"40\" tabindex=\"-1\" autocomplete=\"new-password\" \/><\/span><br \/>\n<input class=\"wpcf7-form-control wpcf7-submit has-spinner\" type=\"submit\" value=\"Envoyer\" \/>\n<\/p><div class=\"wpcf7-response-output\" aria-hidden=\"true\"><\/div>\n<\/form>\n<\/div>\n\n\n","protected":false},"excerpt":{"rendered":"<p>Vos interlocuteurs chez Gruse Afin que vous puissiez rapidement recevoir les informations requises, adressez-vous simplement \u00e0 l&rsquo;interlocuteur comp\u00e9tent. Nous ferons tout notre possible pour r\u00e9pondre \u00e0 vos questions ou r\u00e9soudre votre probl\u00e8me. Appelez-nous ou envoyez-nous un message. Direction g\u00e9n\u00e9rale Ludger Helmig &#105;&#x6e;&#102;&#x6f;&#64;&#x67;r&#117;&#x73;&#101;&#x2e;d&#x65; T\u00e9l.: +49 5154 9510-0 Fax: +49 5154 20 30 Direction g\u00e9n\u00e9rale Evelyne Haskamp&hellip;<\/p>\n","protected":false},"author":2,"featured_media":0,"parent":0,"menu_order":0,"comment_status":"closed","ping_status":"closed","template":"","meta":{"footnotes":""},"class_list":["post-22","page","type-page","status-publish","hentry"],"yoast_head":"<!-- This site is optimized with the Yoast SEO Premium plugin v15.3 - https:\/\/yoast.com\/wordpress\/plugins\/seo\/ -->\n<title>Interlocuteurs - Gruse Maschinenbau<\/title>\n<meta name=\"robots\" content=\"index, follow, max-snippet:-1, max-image-preview:large, max-video-preview:-1\" \/>\n<link rel=\"canonical\" href=\"https:\/\/gruse.de\/fr\/interlocuteurs\/\" \/>\n<meta property=\"og:locale\" content=\"fr_FR\" \/>\n<meta property=\"og:type\" content=\"article\" \/>\n<meta property=\"og:title\" content=\"Interlocuteurs - Gruse Maschinenbau\" \/>\n<meta property=\"og:description\" content=\"Vos interlocuteurs chez Gruse Afin que vous puissiez rapidement recevoir les informations requises, adressez-vous simplement \u00e0 l&rsquo;interlocuteur comp\u00e9tent. Nous ferons tout notre possible pour r\u00e9pondre \u00e0 vos questions ou r\u00e9soudre votre probl\u00e8me. Appelez-nous ou envoyez-nous un message. Direction g\u00e9n\u00e9rale Ludger Helmig &#x69;n&#x66;&#111;&#x40;&#103;&#x72;&#x75;s&#x65;&#046;&#x64;&#101; T\u00e9l.: +49 5154 9510-0 Fax: +49 5154 20 30 Direction g\u00e9n\u00e9rale Evelyne Haskamp&hellip;\" \/>\n<meta property=\"og:url\" content=\"https:\/\/gruse.de\/fr\/interlocuteurs\/\" \/>\n<meta property=\"og:site_name\" content=\"Gruse Maschinenbau\" \/>\n<meta property=\"article:modified_time\" content=\"2025-10-17T07:20:55+00:00\" \/>\n<meta property=\"og:image\" content=\"https:\/\/gruse.de\/fr\/wp-content\/uploads\/sites\/3\/2025\/08\/gruse_ludger_helmig.jpg\" \/>\n<meta name=\"twitter:card\" content=\"summary_large_image\" \/>\n<meta name=\"twitter:label1\" content=\"\u00c9crit par\">\n\t<meta name=\"twitter:data1\" content=\"\">\n\t<meta name=\"twitter:label2\" content=\"Dur\u00e9e de lecture estim\u00e9e\">\n\t<meta name=\"twitter:data2\" content=\"1 minute\">\n<script type=\"application\/ld+json\" class=\"yoast-schema-graph\">{\"@context\":\"https:\/\/schema.org\",\"@graph\":[{\"@type\":\"WebSite\",\"@id\":\"https:\/\/gruse.de\/fr\/#website\",\"url\":\"https:\/\/gruse.de\/fr\/\",\"name\":\"Gruse Maschinenbau\",\"description\":\"Maschinenbau Hubtisch Coil Handling F\\u00f6rdertechnik\",\"potentialAction\":[{\"@type\":\"SearchAction\",\"target\":\"https:\/\/gruse.de\/fr\/?s={search_term_string}\",\"query-input\":\"required name=search_term_string\"}],\"inLanguage\":\"fr-FR\"},{\"@type\":\"ImageObject\",\"@id\":\"https:\/\/gruse.de\/fr\/interlocuteurs\/#primaryimage\",\"inLanguage\":\"fr-FR\",\"url\":\"https:\/\/gruse.de\/fr\/wp-content\/uploads\/sites\/3\/2025\/08\/gruse_ludger_helmig.jpg\",\"width\":800,\"height\":533},{\"@type\":\"WebPage\",\"@id\":\"https:\/\/gruse.de\/fr\/interlocuteurs\/#webpage\",\"url\":\"https:\/\/gruse.de\/fr\/interlocuteurs\/\",\"name\":\"Interlocuteurs - Gruse Maschinenbau\",\"isPartOf\":{\"@id\":\"https:\/\/gruse.de\/fr\/#website\"},\"primaryImageOfPage\":{\"@id\":\"https:\/\/gruse.de\/fr\/interlocuteurs\/#primaryimage\"},\"datePublished\":\"2017-06-23T10:19:04+00:00\",\"dateModified\":\"2025-10-17T07:20:55+00:00\",\"inLanguage\":\"fr-FR\",\"potentialAction\":[{\"@type\":\"ReadAction\",\"target\":[\"https:\/\/gruse.de\/fr\/interlocuteurs\/\"]}]}]}<\/script>\n<!-- \/ Yoast SEO Premium plugin. -->","_links":{"self":[{"href":"https:\/\/gruse.de\/fr\/wp-json\/wp\/v2\/pages\/22","targetHints":{"allow":["GET"]}}],"collection":[{"href":"https:\/\/gruse.de\/fr\/wp-json\/wp\/v2\/pages"}],"about":[{"href":"https:\/\/gruse.de\/fr\/wp-json\/wp\/v2\/types\/page"}],"author":[{"embeddable":true,"href":"https:\/\/gruse.de\/fr\/wp-json\/wp\/v2\/users\/2"}],"replies":[{"embeddable":true,"href":"https:\/\/gruse.de\/fr\/wp-json\/wp\/v2\/comments?post=22"}],"version-history":[{"count":18,"href":"https:\/\/gruse.de\/fr\/wp-json\/wp\/v2\/pages\/22\/revisions"}],"predecessor-version":[{"id":6877,"href":"https:\/\/gruse.de\/fr\/wp-json\/wp\/v2\/pages\/22\/revisions\/6877"}],"wp:attachment":[{"href":"https:\/\/gruse.de\/fr\/wp-json\/wp\/v2\/media?parent=22"}],"curies":[{"name":"wp","href":"https:\/\/api.w.org\/{rel}","templated":true}]}}