{"id":2625,"date":"2017-07-25T22:07:43","date_gmt":"2017-07-25T20:07:43","guid":{"rendered":"http:\/\/gruse.de\/?page_id=2625"},"modified":"2020-04-02T08:33:03","modified_gmt":"2020-04-02T06:33:03","slug":"manutention-du-materiel","status":"publish","type":"page","link":"https:\/\/gruse.de\/fr\/manutention-du-materiel\/","title":{"rendered":"Manutention du mat\u00e9riel"},"content":{"rendered":"<h1>\n\t\tManutention du mat\u00e9riel\n\t<\/h1>\nJamais encore auparavant, la productivit\u00e9 sur le poste de travail n\u2019a autant d\u00e9pendu de l\u2019ergonomie et de la s\u00e9curit\u00e9 pour l\u2019homme et la technique de production. Plus d\u2019une douzaine de constructeurs chez Gruse sont en charge du d\u00e9veloppement des solutions les plus vari\u00e9es d\u00e9di\u00e9es au levage, au basculement et au renversement, qui facilitent la production au quotidien\n\t\t\t\t<img decoding=\"async\" src=\"https:\/\/gruse.de\/wp-content\/uploads\/2017\/07\/bnsg-1.png\" alt=\"bnsg-1\" title=\"bnsg-1\" \/>\n<h3>\n\t\tLevage, basculement, renversement, transport\u2026\n\t<\/h3>\n\t<p>Depuis plus de 35 ans, Gruse propose des appareils pour la manutention du mat\u00e9riel. Nous avions d\u2019abord d\u00e9velopp\u00e9 la table \u00e9l\u00e9vatrice manuelle \u00e0 ciseaux Hebefix. De nombreux autres appareils, qui facilitent la manutention des charges pendant le travail quotidien, ont suivi, par ex. les tables \u00e9l\u00e9vatrices basculantes, les tables \u00e9l\u00e9vatrices \u00e0 colonne, les l\u00e8ve-f\u00fbts et les retourneurs de conteneurs.<\/p>\n<p>En fonction du domaine d\u2019application, ils d\u00e9placent des charges de 150 \u00e0 3 000 kg.<\/p>\n<h2>\n\t\tNos produits\n\t<\/h2>\n\t\t\t\t<a href=\"https:\/\/gruse.de\/fr\/wp-content\/uploads\/sites\/3\/2017\/07\/Gruse-Hebefix-1-2.jpg\" target=\"_self\" rel=\"noopener noreferrer\">\n\t\t\t\t<img decoding=\"async\" src=\"https:\/\/gruse.de\/wp-content\/uploads\/2017\/07\/Gruse-Hebefix-1.jpg\" alt=\"Gruse-Hebefix-1\" title=\"Gruse-Hebefix-1\" \/>\n\t\t\t\t<\/a>\n<h3><strong>Table \u00e9l\u00e9vatrice manuelle \u00e0 ciseaux Hebefix<\/strong><\/h3>\n<h4>Maniable et l\u00e9g\u00e8re<\/h4>\n<p>Gr\u00e2ce \u00e0 leurs fonctionnalit\u00e9s, les tables \u00e9l\u00e9vatrices manuelles compl\u00e8tent chaque poste de travail dans l\u2019industrie et le commerce. Gr\u00e2ce \u00e0 leur polyvalence, elles deviennent rapidement des outils absolument irrempla\u00e7ables. Ces outils pratiques ne devraient manquer dans aucune entreprise. Le concept de la table \u00e9l\u00e9vatrice manuelle de la marque Gruse est simple : usiner, emballer, r\u00e9parer et monter \u2013 le tout \u00e0 une hauteur de travail ergonomique.<\/p>\n<p>Gr\u00e2ce aux fabrications hors s\u00e9rie adapt\u00e9es aux besoins, les tables \u00e9l\u00e9vatrices manuelles sont la solution pour de nombreuses autres t\u00e2ches au quotidien.<\/p>\n<p>Les tables \u00e9l\u00e9vatrices manuelles sont fabriqu\u00e9es conform\u00e9ment aux exigences europ\u00e9ennes de la norme DIN EN 1570.<\/p>\n<p>&nbsp;<\/p>\n\t\t\t<a href=\"\/download\/hebefix_de.pdf\" target=\"_self\" role=\"button\" rel=\"noopener noreferrer\">\n\t\t\t\t\t\t\tConsulter le prospectus Hebefix\n\t\t\t\t\t<\/a>\n\t\t\t\t<a href=\"https:\/\/gruse.de\/fr\/wp-content\/uploads\/sites\/3\/2017\/07\/Prospekt-Hebefix_de-1-1-2.jpg\" target=\"_self\" rel=\"noopener noreferrer\">\n\t\t\t\t<img decoding=\"async\" src=\"https:\/\/gruse.de\/wp-content\/uploads\/2017\/07\/Prospekt-Hebefix_de-1-1.jpg\" alt=\"Prospekt-Hebefix_de-1-1\" title=\"Prospekt-Hebefix_de-1-1\" \/>\n\t\t\t\t<\/a>\n\t\t\t\t<a href=\"https:\/\/gruse.de\/fr\/wp-content\/uploads\/sites\/3\/2017\/07\/Prospekt-Hebefix_de-2-2.jpg\" target=\"_self\" rel=\"noopener noreferrer\">\n\t\t\t\t<img decoding=\"async\" src=\"https:\/\/gruse.de\/wp-content\/uploads\/2017\/07\/Prospekt-Hebefix_de-2.jpg\" alt=\"Prospekt-Hebefix_de-2\" title=\"Prospekt-Hebefix_de-2\" \/>\n\t\t\t\t<\/a>\n\t\t\t\t<a href=\"https:\/\/gruse.de\/fr\/wp-content\/uploads\/sites\/3\/2017\/07\/Prospekt-Hebefix_de-3-2.jpg\" target=\"_self\" rel=\"noopener noreferrer\">\n\t\t\t\t<img decoding=\"async\" src=\"https:\/\/gruse.de\/wp-content\/uploads\/2017\/07\/Prospekt-Hebefix_de-3.jpg\" alt=\"Prospekt-Hebefix_de-3\" title=\"Prospekt-Hebefix_de-3\" \/>\n\t\t\t\t<\/a>\n\t\t\t\t<a href=\"https:\/\/gruse.de\/fr\/wp-content\/uploads\/sites\/3\/2017\/07\/Prospekt-Hebefix_de-4-2.jpg\" target=\"_self\" rel=\"noopener noreferrer\">\n\t\t\t\t<img decoding=\"async\" src=\"https:\/\/gruse.de\/wp-content\/uploads\/2017\/07\/Prospekt-Hebefix_de-4.jpg\" alt=\"Prospekt-Hebefix_de-4\" title=\"Prospekt-Hebefix_de-4\" \/>\n\t\t\t\t<\/a>\n\t\t\t\t<a href=\"https:\/\/gruse.de\/fr\/wp-content\/uploads\/sites\/3\/2017\/07\/Prospekt-Hebefix_de-5-2.jpg\" target=\"_self\" rel=\"noopener noreferrer\">\n\t\t\t\t<img decoding=\"async\" src=\"https:\/\/gruse.de\/wp-content\/uploads\/2017\/07\/Prospekt-Hebefix_de-5.jpg\" alt=\"Prospekt-Hebefix_de-5\" title=\"Prospekt-Hebefix_de-5\" \/>\n\t\t\t\t<\/a>\n\t\t\t\t<a href=\"https:\/\/gruse.de\/fr\/wp-content\/uploads\/sites\/3\/2017\/07\/Prospekt-Hebefix_de-6-2.jpg\" target=\"_self\" rel=\"noopener noreferrer\">\n\t\t\t\t<img decoding=\"async\" src=\"https:\/\/gruse.de\/wp-content\/uploads\/2017\/07\/Prospekt-Hebefix_de-6.jpg\" alt=\"Prospekt-Hebefix_de-6\" title=\"Prospekt-Hebefix_de-6\" \/>\n\t\t\t\t<\/a>\n<h3>M<strong>anutention du mat\u00e9riel<\/strong><\/h3>\n<h4><strong>Levage, basculement et renversement<\/strong><\/h4>\n<p>Jetez un coup d\u2019\u0153il sur nos prospectus et d\u00e9couvrez les nombreuses solutions et variantes d\u2019\u00e9quipement, que nos appareils de manutention du mat\u00e9riel proposent pour votre intralogistique. Ou demandez-nous directement conseil.<\/p>\n\t\t\t<a href=\"\/download\/materialhandling_de.pdf\" target=\"_self\" role=\"button\" rel=\"noopener noreferrer\">\n\t\t\t\t\t\t\tConsulter le prospectus manutention du mat\u00e9riel\n\t\t\t\t\t<\/a>\n\t\t\t\t<a href=\"\/download\/materialhandling_de.pdf\" target=\"_self\" rel=\"noopener noreferrer\">\n\t\t\t\t<img decoding=\"async\" src=\"https:\/\/gruse.de\/wp-content\/uploads\/2017\/07\/Prospekt-Materialhandling_de-1.jpg\" alt=\"Prospekt-Materialhandling_de-1\" title=\"Prospekt-Materialhandling_de-1\" \/>\n\t\t\t\t<\/a>\n<h3>\n\t\tNous nous ferons un plaisir de vous aider\n\t<\/h3>\n<h4>\n\t\tIl vous suffit de nous appeler ou de compl\u00e9ter notre formulaire de contact.\n\t<\/h4>\n\t\n<div class=\"wpcf7 no-js\" id=\"wpcf7-f4483-o1\" lang=\"de-DE\" dir=\"ltr\" data-wpcf7-id=\"4483\">\n<div class=\"screen-reader-response\"><p role=\"status\" aria-live=\"polite\" aria-atomic=\"true\"><\/p> <ul><\/ul><\/div>\n<form action=\"\/fr\/wp-json\/wp\/v2\/pages\/2625#wpcf7-f4483-o1\" method=\"post\" class=\"wpcf7-form init\" aria-label=\"Kontaktformular\" novalidate=\"novalidate\" data-status=\"init\">\n<fieldset class=\"hidden-fields-container\"><input type=\"hidden\" name=\"_wpcf7\" value=\"4483\" \/><input type=\"hidden\" name=\"_wpcf7_version\" value=\"6.1.5\" \/><input type=\"hidden\" name=\"_wpcf7_locale\" value=\"de_DE\" \/><input type=\"hidden\" name=\"_wpcf7_unit_tag\" value=\"wpcf7-f4483-o1\" \/><input type=\"hidden\" name=\"_wpcf7_container_post\" value=\"0\" \/><input type=\"hidden\" name=\"_wpcf7_posted_data_hash\" value=\"\" \/><input type=\"hidden\" name=\"_wpcf7dtx_version\" value=\"5.0.5\" \/>\n<\/fieldset>\n<h4>Votre nom\n<\/h4>\n<p><label><span class=\"wpcf7-form-control-wrap\" data-name=\"your-name\"><input size=\"40\" maxlength=\"400\" class=\"wpcf7-form-control wpcf7-text wpcf7-validates-as-required\" aria-required=\"true\" aria-invalid=\"false\" value=\"\" type=\"text\" name=\"your-name\" \/><\/span> <\/label>\n<\/p>\n<h4>Votre adresse courriel\n<\/h4>\n<p><label> <span class=\"wpcf7-form-control-wrap\" data-name=\"your-email\"><input size=\"40\" maxlength=\"400\" class=\"wpcf7-form-control wpcf7-email wpcf7-validates-as-required wpcf7-text wpcf7-validates-as-email\" aria-required=\"true\" aria-invalid=\"false\" value=\"\" type=\"email\" name=\"your-email\" \/><\/span> <\/label>\n<\/p>\n<h4>Votre message\n<\/h4>\n<p><label> <span class=\"wpcf7-form-control-wrap\" data-name=\"your-message\"><textarea cols=\"40\" rows=\"10\" maxlength=\"2000\" class=\"wpcf7-form-control wpcf7-textarea\" aria-invalid=\"false\" name=\"your-message\"><\/textarea><\/span> <\/label><br \/>\n<span id=\"wpcf7-69d7980beb200-wrapper\" class=\"wpcf7-form-control-wrap honeypot-17-wrap\" style=\"display:none !important; visibility:hidden !important;\"><label for=\"wpcf7-69d7980beb200-field\" class=\"hp-message\">Bitte lasse dieses Feld leer.<\/label><input id=\"wpcf7-69d7980beb200-field\"  class=\"wpcf7-form-control wpcf7-text\" type=\"text\" name=\"honeypot-17\" value=\"\" size=\"40\" tabindex=\"-1\" autocomplete=\"new-password\" \/><\/span><br \/>\n<input class=\"wpcf7-form-control wpcf7-submit has-spinner\" type=\"submit\" value=\"Envoyer\" \/>\n<\/p><div class=\"wpcf7-response-output\" aria-hidden=\"true\"><\/div>\n<\/form>\n<\/div>\n\n","protected":false},"excerpt":{"rendered":"<p>Manutention du mat\u00e9riel Jamais encore auparavant, la productivit\u00e9 sur le poste de travail n\u2019a autant d\u00e9pendu de l\u2019ergonomie et de la s\u00e9curit\u00e9 pour l\u2019homme et la technique de production. Plus d\u2019une douzaine de constructeurs chez Gruse sont en charge du d\u00e9veloppement des solutions les plus vari\u00e9es d\u00e9di\u00e9es au levage, au basculement et au renversement, qui&hellip;<\/p>\n","protected":false},"author":2,"featured_media":0,"parent":0,"menu_order":0,"comment_status":"closed","ping_status":"closed","template":"","meta":{"footnotes":""},"class_list":["post-2625","page","type-page","status-publish","hentry"],"yoast_head":"<!-- This site is optimized with the Yoast SEO Premium plugin v15.3 - https:\/\/yoast.com\/wordpress\/plugins\/seo\/ -->\n<title>Manutention du mat\u00e9riel - Gruse Maschinenbau<\/title>\n<meta name=\"robots\" content=\"index, follow, max-snippet:-1, max-image-preview:large, max-video-preview:-1\" \/>\n<link rel=\"canonical\" href=\"https:\/\/gruse.de\/fr\/manutention-du-materiel\/\" \/>\n<meta property=\"og:locale\" content=\"fr_FR\" \/>\n<meta property=\"og:type\" content=\"article\" \/>\n<meta property=\"og:title\" content=\"Manutention du mat\u00e9riel - Gruse Maschinenbau\" \/>\n<meta property=\"og:description\" content=\"Manutention du mat\u00e9riel Jamais encore auparavant, la productivit\u00e9 sur le poste de travail n\u2019a autant d\u00e9pendu de l\u2019ergonomie et de la s\u00e9curit\u00e9 pour l\u2019homme et la technique de production. Plus d\u2019une douzaine de constructeurs chez Gruse sont en charge du d\u00e9veloppement des solutions les plus vari\u00e9es d\u00e9di\u00e9es au levage, au basculement et au renversement, qui&hellip;\" \/>\n<meta property=\"og:url\" content=\"https:\/\/gruse.de\/fr\/manutention-du-materiel\/\" \/>\n<meta property=\"og:site_name\" content=\"Gruse Maschinenbau\" \/>\n<meta property=\"article:modified_time\" content=\"2020-04-02T06:33:03+00:00\" \/>\n<meta property=\"og:image\" content=\"https:\/\/gruse.de\/wp-content\/uploads\/2017\/07\/bnsg-1.png\" \/>\n<meta name=\"twitter:card\" content=\"summary_large_image\" \/>\n<meta name=\"twitter:label1\" content=\"\u00c9crit par\">\n\t<meta name=\"twitter:data1\" content=\"\">\n\t<meta name=\"twitter:label2\" content=\"Dur\u00e9e de lecture estim\u00e9e\">\n\t<meta name=\"twitter:data2\" content=\"1 minute\">\n<script type=\"application\/ld+json\" class=\"yoast-schema-graph\">{\"@context\":\"https:\/\/schema.org\",\"@graph\":[{\"@type\":\"WebSite\",\"@id\":\"https:\/\/gruse.de\/fr\/#website\",\"url\":\"https:\/\/gruse.de\/fr\/\",\"name\":\"Gruse Maschinenbau\",\"description\":\"Maschinenbau Hubtisch Coil Handling F\\u00f6rdertechnik\",\"potentialAction\":[{\"@type\":\"SearchAction\",\"target\":\"https:\/\/gruse.de\/fr\/?s={search_term_string}\",\"query-input\":\"required name=search_term_string\"}],\"inLanguage\":\"fr-FR\"},{\"@type\":\"ImageObject\",\"@id\":\"https:\/\/gruse.de\/fr\/manutention-du-materiel\/#primaryimage\",\"inLanguage\":\"fr-FR\",\"url\":\"https:\/\/gruse.de\/wp-content\/uploads\/2017\/07\/bnsg-1.png\"},{\"@type\":\"WebPage\",\"@id\":\"https:\/\/gruse.de\/fr\/manutention-du-materiel\/#webpage\",\"url\":\"https:\/\/gruse.de\/fr\/manutention-du-materiel\/\",\"name\":\"Manutention du mat\\u00e9riel - Gruse Maschinenbau\",\"isPartOf\":{\"@id\":\"https:\/\/gruse.de\/fr\/#website\"},\"primaryImageOfPage\":{\"@id\":\"https:\/\/gruse.de\/fr\/manutention-du-materiel\/#primaryimage\"},\"datePublished\":\"2017-07-25T20:07:43+00:00\",\"dateModified\":\"2020-04-02T06:33:03+00:00\",\"inLanguage\":\"fr-FR\",\"potentialAction\":[{\"@type\":\"ReadAction\",\"target\":[\"https:\/\/gruse.de\/fr\/manutention-du-materiel\/\"]}]}]}<\/script>\n<!-- \/ Yoast SEO Premium plugin. -->","_links":{"self":[{"href":"https:\/\/gruse.de\/fr\/wp-json\/wp\/v2\/pages\/2625","targetHints":{"allow":["GET"]}}],"collection":[{"href":"https:\/\/gruse.de\/fr\/wp-json\/wp\/v2\/pages"}],"about":[{"href":"https:\/\/gruse.de\/fr\/wp-json\/wp\/v2\/types\/page"}],"author":[{"embeddable":true,"href":"https:\/\/gruse.de\/fr\/wp-json\/wp\/v2\/users\/2"}],"replies":[{"embeddable":true,"href":"https:\/\/gruse.de\/fr\/wp-json\/wp\/v2\/comments?post=2625"}],"version-history":[{"count":9,"href":"https:\/\/gruse.de\/fr\/wp-json\/wp\/v2\/pages\/2625\/revisions"}],"predecessor-version":[{"id":5825,"href":"https:\/\/gruse.de\/fr\/wp-json\/wp\/v2\/pages\/2625\/revisions\/5825"}],"wp:attachment":[{"href":"https:\/\/gruse.de\/fr\/wp-json\/wp\/v2\/media?parent=2625"}],"curies":[{"name":"wp","href":"https:\/\/api.w.org\/{rel}","templated":true}]}}