{"id":2774,"date":"2017-07-27T09:33:01","date_gmt":"2017-07-27T07:33:01","guid":{"rendered":"http:\/\/gruse.de\/?page_id=2774"},"modified":"2018-10-14T17:13:45","modified_gmt":"2018-10-14T15:13:45","slug":"gtc","status":"publish","type":"page","link":"https:\/\/gruse.de\/fr\/gtc\/","title":{"rendered":"GTC"},"content":{"rendered":"<p>AGB Stand: August 2005 1<\/p>\n<h2>\nAllgemeine Gesch\u00e4ftsbedingungen (AGB)<\/h2>\n<p>\u00a7 1 Allgemeines \u2013 Geltungsbereich<br \/>\nUnsere Verkaufsbedingungen gelten ausschlie\u00dflich; entgegenstehende oder von unseren Verkaufsbedingungen<br \/>\nabweichende Bedingungen des Kunden erkennen wir nicht an, es sei denn, wir h\u00e4tten ausdru\u0308cklich<br \/>\nschriftlich ihrer Geltung zugestimmt. Unsere Verkaufsbedingungen gelten auch dann, wenn wir in Kenntnis<br \/>\nentgegenstehender oder von unseren Verkaufsbedingungen abweichender Bedingungen des Kunden die Lieferung<br \/>\nan den Kunden vorbehaltlos ausfu\u0308hren.<br \/>\nAlle Vereinbarungen, die zwischen uns und dem Kunden zwecks Ausfu\u0308hrung dieses Vertrages getroffen<br \/>\nwerden, sind in diesem Vertrag schriftlich niedergelegt.<br \/>\nUnsere Verkaufsbedingungen gelten nur gegenu\u0308ber Unternehmern im Sinn von \u00a7 310 Abs. 1 BGB.<\/p>\n<p>\u00a7 2 Angebot \u2013 Angebotsunterlagen<br \/>\nUnser Angebot ist freibleibend, sofern sich aus der Auftragsbest\u00e4tigung nichts anderes ergibt.<br \/>\nAn Abbildungen, Zeichnungen, Kalkulationen und sonstigen Unterlagen behalten wir uns Eigentums- und<br \/>\nUrheberrechte vor. Dies gilt auch fu\u0308r solche schriftlichen Unterlagen, die als \u201evertraulich\u201c bezeichnet sind.<br \/>\nVor ihrer Weitergabe an Dritte bedarf der Kunde unserer ausdru\u0308cklichen schriftlichen Zustimmung.<\/p>\n<p>\u00a7 3 Preise \u2013 Zahlungsbedingungen<br \/>\nSofern sich aus der Auftragsbest\u00e4tigung nichts anderes ergibt, gelten unsere Preise \u201eab Werk\u201c, ausschlie\u00dflich<br \/>\nVerpackung; diese wird gesondert in Rechnung gestellt.<br \/>\nDer Abzug von Skonto bedarf besonderer schriftlicher Vereinbarung.<br \/>\nAufrechnungsrechte stehen dem Kunden nur zu, wenn seine Gegenanspru\u0308che rechtskr\u00e4ftig festgestellt, unbestritten<br \/>\noder von uns anerkannt sind. Au\u00dferdem ist er zur Ausu\u0308bung eines Zuru\u0308ckbehaltungsrechts insoweit<br \/>\nbefugt, als sein Gegenanspruch auf dem gleichen Vertragsverh\u00e4ltnis beruht.<\/p>\n<p>\u00a7 4 Lieferzeit<br \/>\nDer Beginn der von uns angegebenen Lieferzeit setzt die Abkl\u00e4rung aller technischen Fragen voraus.<br \/>\nDie Einhaltung unserer Lieferverpflichtung setzt weiter die rechtzeitige und ordnungsgem\u00e4\u00dfe Erfu\u0308llung der<br \/>\nVerpflichtung des Kunden voraus. Die Einrede des nicht erfu\u0308llten Vertrages bleibt vorbehalten.<br \/>\nKommt der Kunde in Annahmeverzug oder verletzt er schuldhaft sonstige Mitwirkungspflichten, so sind wir<br \/>\nberechtigt, den uns insoweit entstehenden Schaden, einschlie\u00dflich etwaiger Mehraufwendungen, ersetzt zu<br \/>\nverlangen. Weitergehende Anspru\u0308che bleiben vorbehalten.<br \/>\nSofern die Voraussetzungen von Abs. 3 vorliegen, geht die Gefahr eines zuf\u00e4lligen Untergangs oder einer<br \/>\nzuf\u00e4lligen Verschlechterung der Kaufsache in dem Zeitpunkt auf den Kunden u\u0308ber, in dem dieser in Annahme-<br \/>\noder Schuldnerverzug geraten ist.<br \/>\nWir haften nach den gesetzlichen Bestimmungen, soweit der zugrundeliegende Kaufvertrag ein Fixgesch\u00e4ft<br \/>\nim Sinn von \u00a7 286 Abs. 2 Nr. 4 BGB oder von \u00a7 376 HGB ist. Wir haften auch nach den gesetzlichen Bestimmungen,<br \/>\nsofern als Folge eines von uns zu vertretenden Lieferverzugs der Kunde berechtigt ist, geltend<br \/>\nzu machen, dass sein Interesse an der weiteren Vertragserfu\u0308llung in Fortfall geraten ist.<br \/>\nWir haften ferner nach den gesetzlichen Bestimmungen, sofern der Lieferverzug auf einer von uns zu vertretenden<br \/>\nvors\u00e4tzlichen oder grob fahrl\u00e4ssigen Vertragsverletzung beruht; ein Verschulden unserer Vertreter<br \/>\noder Erfu\u0308llungsgehilfen ist uns zuzurechnen. Sofern der Lieferverzug nicht auf einer von uns zu vertretenden<br \/>\nvors\u00e4tzlichen Vertragsverletzung beruht, ist unsere Schadensersatzhaftung auf den vorhersehbaren, typischerweise<br \/>\neintretenden Schaden begrenzt.<br \/>\nWir haften auch nach den gesetzlichen Bestimmungen, soweit der von uns zu vertretende Lieferverzug auf<br \/>\nder schuldhaften Verletzung einer wesentlichen Vertragspflicht beruht; in diesem Fall ist aber die Schadensersatzhaftung<br \/>\nauf den vorhersehbaren, typischerweise eintretenden Schaden begrenzt.<br \/>\nIm \u00dcbrigen haften wir im Fall des Lieferverzugs fu\u0308r jede vollendete Woche Verzug im Rahmen einer pauschalierten<br \/>\nVerzugsentsch\u00e4digung in H\u00f6he von 0,5% des Lieferwertes, maximal jedoch nicht mehr als 5%<br \/>\ndes Lieferwertes.<br \/>\nWeitere gesetzliche Anspru\u0308che und Rechte des Kunden bleiben vorbehalten.<br \/>\nAGB Stand: August 2005 2<\/p>\n<p>\u00a7 5 M\u00e4ngelhaftung<br \/>\nM\u00e4ngelanspru\u0308che des Kunden setzen voraus, dass dieser seinen nach \u00a7 377 HGB geschuldeten Untersuchungs-<br \/>\nund Ru\u0308geobliegenheiten ordnungsgem\u00e4\u00df nachgekommen ist.<br \/>\nSoweit ein Mangel der Kaufsache vorliegt, sind wir nach seiner Wahl zur Nacherfu\u0308llung in Form einer<br \/>\nMangelbeseitigung oder zur Lieferung einer neuen mangelfreien Sache berechtigt. Im Fall der Mangelbeseitigung<br \/>\ntragen wir die Aufwendungen nur bis zur H\u00f6he des Kaufpreises. Aufwendungen die dadurch entstehen,<br \/>\ndass die Kaufsache nach einem anderen Ort als dem Erfu\u0308llungsort verbracht wurde, haben wir nicht zu<br \/>\nu\u0308bernehmen.<br \/>\nSchl\u00e4gt die Nacherfu\u0308llung fehl, so ist der Kunde nach seiner Wahl berechtigt, Ru\u0308cktritt oder Minderung zu<br \/>\nverlangen.<br \/>\nWir haften nach den gesetzlichen Bestimmungen, sofern der Kunde Schadensersatzanspru\u0308che geltend<br \/>\nmacht, die auf Vorsatz oder grober Fahrl\u00e4ssigkeit, einschlie\u00dflich von Vorsatz oder grober Fahrl\u00e4ssigkeit unserer<br \/>\nVertreter oder Erfu\u0308llungsgehilfen beruhen. Soweit uns keine vors\u00e4tzliche Vertragsverletzung angelastet<br \/>\nwird, ist die Schadensersatzhaftung auf den vorhersehbaren, typischerweise eintretenden Schaden begrenzt.<br \/>\nWir haften nach den gesetzlichen Bestimmungen, sofern wir schuldhaft eine wesentliche Vertragspflicht<br \/>\nverletzen; in diesem Fall ist aber die Schadensersatzhaftung auf den vorhersehbaren, typischerweise eintretenden<br \/>\nSchaden begrenzt.<br \/>\nDie Haftung wegen schuldhafter Verletzung des Lebens, des K\u00f6rpers oder der Gesundheit bleibt unberu\u0308hrt;<br \/>\ndies gilt auch fu\u0308r die zwingende Haftung nach dem Produkthaftungsgesetz.<br \/>\nSoweit nicht vorstehend etwas Abweichendes geregelt, ist die Haftung ausgeschlossen.<br \/>\nDie Verj\u00e4hrungsfrist fu\u0308r M\u00e4ngelanspru\u0308che betr\u00e4gt 12 Monate, gerechnet ab Gefahrenu\u0308bergang.<br \/>\nDie Verj\u00e4hrungsfrist im Fall eines Lieferregresses nach den \u00a7\u00a7 478, 479 BGB bleibt unberu\u0308hrt; sie betr\u00e4gt<br \/>\nfu\u0308nf Jahre, gerechnet ab Ablieferung der mangelhaften Sache.<br \/>\n\u00a7 6 Gesamthaftung<br \/>\nEine weitergehende Haftung auf Schadensersatz als in \u00a7 5 vorgesehen, ist \u2013 ohne Ru\u0308cksicht auf die Rechtsnatur<br \/>\ndes geltend gemachten Anspruchs \u2013 ausgeschlossen. Dies gilt insbesondere fu\u0308r Schadensersatzanspru\u0308che<br \/>\naus Verschulden bei Vertragsabschluss, wegen sonstiger Pflichtverletzungen oder wegen deliktischer<br \/>\nAnspru\u0308che auf Ersatz von Sachsch\u00e4den gem\u00e4\u00df \u00a7 823 BGB.<br \/>\nDie Begrenzung nach Abs. 1 gilt auch, soweit der Kunde anstelle eines Anspruchs auf Ersatz des Schadens,<br \/>\nstatt der Leistung Ersatz nutzloser Aufwendungen verlangt.<br \/>\nSoweit die Schadensersatzhaftung uns gegenu\u0308ber ausgeschlossen oder eingeschr\u00e4nkt ist, gilt dies auch im<br \/>\nHinblick auf die pers\u00f6nliche Schadensersatzhaftung unserer Angestellten, Arbeitnehmer, Mitarbeiter, Vertreter<br \/>\nund Erfu\u0308llungsgehilfen.<br \/>\n\u00a7 7 Eigentumsvorbehaltssicherung<br \/>\nWir behalten uns das Eigentum an der Kaufsache bis zum Eingang aller Zahlungen aus dem Liefervertrag<br \/>\nvor. Bei vertragswidrigem Verhalten des Kunden, insbesondere bei Zahlungsverzug, sind wir berechtigt, die<br \/>\nKaufsache zuru\u0308ckzunehmen. In der Zuru\u0308cknahme der Kaufsache durch uns liegt ein Ru\u0308cktritt vom Vertrag.<br \/>\nWir sind nach Ru\u0308cknahme der Kaufsache zu deren Verwertung befugt, der Verwertungserl\u00f6s ist auf die<br \/>\nVerbindlichkeiten des Kunden \u2013 abzu\u0308glich angemessener Verwertungskosten \u2013 anzurechnen.<br \/>\nDer Kunde ist verpflichtet, die Kaufsache pfleglich zu behandeln; insbesondere ist er verpflichtet, diese auf<br \/>\neigene Kosten gegen Feuer-, Wasser- und Diebstahlssch\u00e4den ausreichend zum Neuwert zu versichern. Sofern<br \/>\nWartungs- und Inspektionsarbeiten erforderlich sind, muss der Kunde diese auf eigene Kosten rechtzeitig<br \/>\ndurchfu\u0308hren.<br \/>\nBei Pf\u00e4ndungen oder sonstigen Eingriffen Dritter hat uns der Kunde unverzu\u0308glich schriftlich zu benachrichtigen,<br \/>\ndamit wir Klage gem\u00e4\u00df \u00a7 771 ZPO erheben k\u00f6nnen.<br \/>\nDer Kunde ist berechtigt, die Kaufsache im ordentlichen Gesch\u00e4ftsgang weiter zu verkaufen; er tritt uns jedoch<br \/>\nbereits jetzt alle Forderungen in H\u00f6he des Fakturaendbetrages (einschlie\u00dflich MWSt) unserer Forderung<br \/>\nab, die ihm aus der Weiterver\u00e4u\u00dferung gegen seine Abnehmer oder Dritte erwachsen, und zwar unabh\u00e4ngig<br \/>\ndavon, ob die Kaufsache ohne oder nach Verarbeitung weiter verkauft worden ist. Zur Einziehung<br \/>\ndieser Forderung bleibt der Kunde auch nach der Abtretung erm\u00e4chtigt. Unsere Befugnis, die Forderung<br \/>\nAGB Stand: August 2005 3<br \/>\nselbst einzuziehen, bleibt hiervon unberu\u0308hrt. Wir verpflichten uns jedoch, die Forderung nicht einzuziehen,<br \/>\nsolange der Kunde seinen Zahlungsverpflichtungen aus den vereinnahmten Erl\u00f6sen nachkommt, nicht in<br \/>\nZahlungsverzug ger\u00e4t und insbesondere kein Antrag auf Er\u00f6ffnung eines Vergleichs- oder Insolvenzverfahrens<br \/>\ngestellt ist oder Zahlungseinstellung vorliegt. Ist aber dies der Fall, so k\u00f6nnen wir verlangen, dass der<br \/>\nKunde uns die abgetretenen Forderungen und deren Schuldner bekannt gibt, alle zum Einzug erforderlichen<br \/>\nAngaben macht, die dazugeh\u00f6rigen Unterlagen aush\u00e4ndigt und den Schuldnern (Dritten) die Abtretung mitteilt.<br \/>\nDie Verarbeitung oder Umbildung der Kaufsache durch den Kunden wird stets fu\u0308r uns vorgenommen. Wird<br \/>\ndie Kaufsache mit anderen, uns nicht geh\u00f6renden Gegenst\u00e4nden verarbeitet, so erwerben wir das Miteigentum<br \/>\nan der neuen Sache im Verh\u00e4ltnis des Wertes der Kaufsache (Fakturaendbetrag, einschlie\u00dflich MWSt)<br \/>\nzu den anderen verarbeiteten Gegenst\u00e4nden zur Zeit der Verarbeitung. Fu\u0308r die durch Verarbeitung entstehende<br \/>\nSache gilt im \u00dcbrigen das Gleiche wie fu\u0308r die unter Vorbehalt gelieferte Kaufsache.<br \/>\nWird die Kaufsache mit anderen, uns nicht geh\u00f6renden Gegenst\u00e4nden untrennbar vermischt, so erwerben<br \/>\nwir das Miteigentum an der neuen Sache im Verh\u00e4ltnis des Wertes der Kaufsache (Fakturaendbetrag, einschlie\u00dflich<br \/>\nMWSt) zu den anderen vermischten Gegenst\u00e4nden zum Zeitpunkt der Vermischung. Erfolgt die<br \/>\nVermischung in der Weise, dass die Sache des Kunden als Hauptsache anzusehen ist, so gilt als vereinbart,<br \/>\ndass der Kunde uns anteilm\u00e4\u00dfig Miteigentum u\u0308bertr\u00e4gt. Der Kunde verwahrt das so entstandene Alleineigentum<br \/>\noder Miteigentum fu\u0308r uns.<br \/>\nDer Kunde tritt uns auch die Forderungen zur Sicherung unserer Forderungen gegen ihn ab, die durch die<br \/>\nVerbindung der Kaufsache mit einem Grundstu\u0308ck gegen einen Dritten erwachsen.<br \/>\nWir verpflichten uns, die uns zustehenden Sicherheiten auf Verlangen des Kunden insoweit freizugeben, als<br \/>\nder realisierbare Wert unserer Sicherheiten die zu sichernden Forderungen um mehr als 10% u\u0308bersteigt; die<br \/>\nAuswahl der freizugebenden Sicherheiten obliegt uns.<br \/>\n\u00a7 8 Gerichtsstand \u2013 Erfu\u0308llungsort<br \/>\nSofern der Kunde Kaufmann ist, ist unser Gesch\u00e4ftssitz Gerichtsstand; wir sind jedoch berechtigt, den Kunden<br \/>\nauch an seinem Wohnsitzgericht zu verklagen.<br \/>\nEs gilt das Recht der Bundesrepublik Deutschland; die Geltung des UN-Kaufrechts ist ausgeschlossen.<br \/>\nSofern sich aus der Auftragsbest\u00e4tigung nichts anderes ergibt, ist unser Gesch\u00e4ftssitz Erfu\u0308llungsort.<\/p>\n","protected":false},"excerpt":{"rendered":"<p>AGB Stand: August 2005 1 Allgemeine Gesch\u00e4ftsbedingungen (AGB) \u00a7 1 Allgemeines \u2013 Geltungsbereich Unsere Verkaufsbedingungen gelten ausschlie\u00dflich; entgegenstehende oder von unseren Verkaufsbedingungen abweichende Bedingungen des Kunden erkennen wir nicht an, es sei denn, wir h\u00e4tten ausdru\u0308cklich schriftlich ihrer Geltung zugestimmt. Unsere Verkaufsbedingungen gelten auch dann, wenn wir in Kenntnis entgegenstehender oder von unseren Verkaufsbedingungen abweichender&hellip;<\/p>\n","protected":false},"author":2,"featured_media":0,"parent":0,"menu_order":0,"comment_status":"closed","ping_status":"closed","template":"","meta":{"footnotes":""},"class_list":["post-2774","page","type-page","status-publish","hentry"],"yoast_head":"<!-- This site is optimized with the Yoast SEO Premium plugin v15.3 - https:\/\/yoast.com\/wordpress\/plugins\/seo\/ -->\n<title>GTC - Gruse Maschinenbau<\/title>\n<meta name=\"robots\" content=\"index, follow, max-snippet:-1, max-image-preview:large, max-video-preview:-1\" \/>\n<link rel=\"canonical\" href=\"https:\/\/gruse.de\/fr\/gtc\/\" \/>\n<meta property=\"og:locale\" content=\"fr_FR\" \/>\n<meta property=\"og:type\" content=\"article\" \/>\n<meta property=\"og:title\" content=\"GTC - Gruse Maschinenbau\" \/>\n<meta property=\"og:description\" content=\"AGB Stand: August 2005 1 Allgemeine Gesch\u00e4ftsbedingungen (AGB) \u00a7 1 Allgemeines \u2013 Geltungsbereich Unsere Verkaufsbedingungen gelten ausschlie\u00dflich; entgegenstehende oder von unseren Verkaufsbedingungen abweichende Bedingungen des Kunden erkennen wir nicht an, es sei denn, wir h\u00e4tten ausdru\u0308cklich schriftlich ihrer Geltung zugestimmt. Unsere Verkaufsbedingungen gelten auch dann, wenn wir in Kenntnis entgegenstehender oder von unseren Verkaufsbedingungen abweichender&hellip;\" \/>\n<meta property=\"og:url\" content=\"https:\/\/gruse.de\/fr\/gtc\/\" \/>\n<meta property=\"og:site_name\" content=\"Gruse Maschinenbau\" \/>\n<meta property=\"article:modified_time\" content=\"2018-10-14T15:13:45+00:00\" \/>\n<meta name=\"twitter:card\" content=\"summary_large_image\" \/>\n<meta name=\"twitter:label1\" content=\"\u00c9crit par\">\n\t<meta name=\"twitter:data1\" content=\"\">\n\t<meta name=\"twitter:label2\" content=\"Dur\u00e9e de lecture estim\u00e9e\">\n\t<meta name=\"twitter:data2\" content=\"6 minutes\">\n<script type=\"application\/ld+json\" class=\"yoast-schema-graph\">{\"@context\":\"https:\/\/schema.org\",\"@graph\":[{\"@type\":\"WebSite\",\"@id\":\"https:\/\/gruse.de\/fr\/#website\",\"url\":\"https:\/\/gruse.de\/fr\/\",\"name\":\"Gruse Maschinenbau\",\"description\":\"Maschinenbau Hubtisch Coil Handling F\\u00f6rdertechnik\",\"potentialAction\":[{\"@type\":\"SearchAction\",\"target\":\"https:\/\/gruse.de\/fr\/?s={search_term_string}\",\"query-input\":\"required name=search_term_string\"}],\"inLanguage\":\"fr-FR\"},{\"@type\":\"WebPage\",\"@id\":\"https:\/\/gruse.de\/fr\/gtc\/#webpage\",\"url\":\"https:\/\/gruse.de\/fr\/gtc\/\",\"name\":\"GTC - Gruse Maschinenbau\",\"isPartOf\":{\"@id\":\"https:\/\/gruse.de\/fr\/#website\"},\"datePublished\":\"2017-07-27T07:33:01+00:00\",\"dateModified\":\"2018-10-14T15:13:45+00:00\",\"inLanguage\":\"fr-FR\",\"potentialAction\":[{\"@type\":\"ReadAction\",\"target\":[\"https:\/\/gruse.de\/fr\/gtc\/\"]}]}]}<\/script>\n<!-- \/ Yoast SEO Premium plugin. -->","_links":{"self":[{"href":"https:\/\/gruse.de\/fr\/wp-json\/wp\/v2\/pages\/2774","targetHints":{"allow":["GET"]}}],"collection":[{"href":"https:\/\/gruse.de\/fr\/wp-json\/wp\/v2\/pages"}],"about":[{"href":"https:\/\/gruse.de\/fr\/wp-json\/wp\/v2\/types\/page"}],"author":[{"embeddable":true,"href":"https:\/\/gruse.de\/fr\/wp-json\/wp\/v2\/users\/2"}],"replies":[{"embeddable":true,"href":"https:\/\/gruse.de\/fr\/wp-json\/wp\/v2\/comments?post=2774"}],"version-history":[{"count":1,"href":"https:\/\/gruse.de\/fr\/wp-json\/wp\/v2\/pages\/2774\/revisions"}],"predecessor-version":[{"id":5633,"href":"https:\/\/gruse.de\/fr\/wp-json\/wp\/v2\/pages\/2774\/revisions\/5633"}],"wp:attachment":[{"href":"https:\/\/gruse.de\/fr\/wp-json\/wp\/v2\/media?parent=2774"}],"curies":[{"name":"wp","href":"https:\/\/api.w.org\/{rel}","templated":true}]}}