{"id":501,"date":"2017-07-17T19:54:58","date_gmt":"2017-07-17T17:54:58","guid":{"rendered":"http:\/\/gruse.de\/?page_id=501"},"modified":"2020-04-02T08:30:53","modified_gmt":"2020-04-02T06:30:53","slug":"solutions-de-levage","status":"publish","type":"page","link":"https:\/\/gruse.de\/fr\/solutions-de-levage\/","title":{"rendered":"Solutions-de-levage"},"content":{"rendered":"<h1>\n\t\tSolutions de levage modulaires\n\t<\/h1>\n<h2>\n\t\tTables \u00e9l\u00e9vatrices d\u00e9di\u00e9es au levage, \u00e0 l\u2019inclinaison et au convoyage\n\t<\/h2>\n\t\u00ab La fonction primaire d\u2019une table \u00e9l\u00e9vatrice est le levage en continu de charges lourdes dans toutes les positions avantageuses du point de vue de l\u2019ergonomie afin de garantir ainsi un travail plus facile et sans peine. \u00bb\nNous nous y connaissons en la mati\u00e8re, car nous fabriquons des tables \u00e9l\u00e9vatrices \u00e0 ciseaux en s\u00e9rie depuis plus de 20 ans. Le syst\u00e8me modulaire d\u00e9velopp\u00e9 par nos ing\u00e9nieurs offre de nombreuses possibilit\u00e9s de combinaison et peut \u00eatre \u00e9tendu avec une multitude d\u2019accessoires. Nommez-nous vos exigences et nous construirons votre solution de levage individuelle.\n\t\t\t\t<img decoding=\"async\" src=\"https:\/\/gruse.de\/wp-content\/uploads\/2017\/07\/gruse-hubtisch-els-6-8-so.jpg\" alt=\"Hubtische_Eurolift_de_5c_druckversion_grau\" title=\"Hubtische_Eurolift_de_5c_druckversion_grau\" \/>\n<h3>\n\t\tVos exigences produit sont au c\u0153ur de nos pr\u00e9occupations.\n\t<\/h3>\n\t<p>Avec notre syst\u00e8me modulaire, nous composons, \u00e9tape par \u00e9tape, votre solution de levage individuelle. Il vous suffit de r\u00e9pondre \u00e0 ces deux questions : que souhaitez-vous soulever et de quelle mani\u00e8re ? Et nous pourrons d\u00e9j\u00e0 nous mettre au travail.<\/p>\n\t<p>En fonction du domaine d\u2019application, nous configurons votre table \u00e9l\u00e9vatrice standard, votre table \u00e9l\u00e9vatrice de montage, votre table \u00e9l\u00e9vatrice de chargement, vos plateformes \u00e9l\u00e9vatrices, \u00e0 montage fixe ou mobile, avec un entra\u00eenement hydraulique, par courroie ou \u00e0 broches et encore bien plus d\u2019autres variantes d\u2019\u00e9quipement.<\/p>\n<h2>\n\t\tFabrications hors s\u00e9rie\n\t<\/h2>\n\t<h4>Deux ascenseurs des superlatifs<\/h4>\n<h4>pour l\u2019h\u00f4tel design Andel\u2019s \u00e0 Berlin<\/h4>\n<p>L\u2019h\u00f4tel Vienna House Andel\u2019s est un h\u00f4tel design 4\u00a0\u00e9toiles, situ\u00e9 non loin de l\u2019Alexanderplatz \u00e0 Berlin. L\u2019h\u00f4tel a \u00e9t\u00e9 reconstruit en 2009.<\/p>\n<p>Les architectes planifiaient une superficie de presque 2\u00a0000\u00a0m\u00e8tres carr\u00e9s r\u00e9serv\u00e9e aux manifestations au deuxi\u00e8me sous-sol de l\u2019h\u00f4tel et avaient besoin de deux ascenseurs avec une charge utile respective de 30\u00a0tonnes pour les bus et camions.<\/p>\n<p><strong>Profil en bref<\/strong><\/p>\n<ul>\n<li>Charge utile de 30\u00a0000 kg<\/li>\n<li>Course utile\u00a0: 6\u00a0500\u00a0mm<\/li>\n<li>Plateforme de 15\u00a0000\u00a0mm x 3\u00a0200 mm<\/li>\n<\/ul>\n<p>&nbsp;<\/p>\n\t\t\t\t<a href=\"https:\/\/gruse.de\/fr\/wp-content\/uploads\/sites\/3\/2017\/07\/Gruse-Design-Hotel-Andels-2.jpg\" target=\"_self\" rel=\"noopener noreferrer\">\n\t\t\t\t<img decoding=\"async\" src=\"https:\/\/gruse.de\/wp-content\/uploads\/2017\/07\/Gruse-Design-Hotel-Andels-700x549.jpg\" alt=\"Gruse-Design-Hotel-Andels\" title=\"Gruse-Design-Hotel-Andels\" \/>\n\t\t\t\t<\/a>\n<h2>\n\t\tVous \u00eates \u00e0 la recherche d\u2019une solution sur mesure pour votre entreprise ?\n\t<\/h2>\n<h4>Inclinaison, manutention et usinage<\/h4>\n<p>Lorsqu\u2019il n\u2019est pas seulement question de levage, mais que la pi\u00e8ce \u00e0 travailler doit \u00e9galement \u00eatre inclin\u00e9e, usin\u00e9e, convoy\u00e9e ou transport\u00e9e, une\u00a0<strong>machine ou ligne sp\u00e9cialement adapt\u00e9e \u00e0 vos besoins<\/strong>\u00a0peut bien s\u00fbr \u00e9galement constituer la solution id\u00e9ale. Il s\u2019agit d\u2019ailleurs de notre activit\u00e9 principale, car nous d\u00e9veloppons et produisons principalement des fabrications sur mesure. Il vous suffit de nous contacter. Nous trouverons une solution \u00e0 votre probl\u00e8me. C\u2019est promis.<\/p>\n\t\n<div class=\"wpcf7 no-js\" id=\"wpcf7-f4483-o1\" lang=\"de-DE\" dir=\"ltr\" data-wpcf7-id=\"4483\">\n<div class=\"screen-reader-response\"><p role=\"status\" aria-live=\"polite\" aria-atomic=\"true\"><\/p> <ul><\/ul><\/div>\n<form action=\"\/fr\/wp-json\/wp\/v2\/pages\/501#wpcf7-f4483-o1\" method=\"post\" class=\"wpcf7-form init\" aria-label=\"Kontaktformular\" novalidate=\"novalidate\" data-status=\"init\">\n<fieldset class=\"hidden-fields-container\"><input type=\"hidden\" name=\"_wpcf7\" value=\"4483\" \/><input type=\"hidden\" name=\"_wpcf7_version\" value=\"6.1.5\" \/><input type=\"hidden\" name=\"_wpcf7_locale\" value=\"de_DE\" \/><input type=\"hidden\" name=\"_wpcf7_unit_tag\" value=\"wpcf7-f4483-o1\" \/><input type=\"hidden\" name=\"_wpcf7_container_post\" value=\"0\" \/><input type=\"hidden\" name=\"_wpcf7_posted_data_hash\" value=\"\" \/><input type=\"hidden\" name=\"_wpcf7dtx_version\" value=\"5.0.5\" \/>\n<\/fieldset>\n<h4>Votre nom\n<\/h4>\n<p><label><span class=\"wpcf7-form-control-wrap\" data-name=\"your-name\"><input size=\"40\" maxlength=\"400\" class=\"wpcf7-form-control wpcf7-text wpcf7-validates-as-required\" aria-required=\"true\" aria-invalid=\"false\" value=\"\" type=\"text\" name=\"your-name\" \/><\/span> <\/label>\n<\/p>\n<h4>Votre adresse courriel\n<\/h4>\n<p><label> <span class=\"wpcf7-form-control-wrap\" data-name=\"your-email\"><input size=\"40\" maxlength=\"400\" class=\"wpcf7-form-control wpcf7-email wpcf7-validates-as-required wpcf7-text wpcf7-validates-as-email\" aria-required=\"true\" aria-invalid=\"false\" value=\"\" type=\"email\" name=\"your-email\" \/><\/span> <\/label>\n<\/p>\n<h4>Votre message\n<\/h4>\n<p><label> <span class=\"wpcf7-form-control-wrap\" data-name=\"your-message\"><textarea cols=\"40\" rows=\"10\" maxlength=\"2000\" class=\"wpcf7-form-control wpcf7-textarea\" aria-invalid=\"false\" name=\"your-message\"><\/textarea><\/span> <\/label><br \/>\n<span id=\"wpcf7-69d43c6c36828-wrapper\" class=\"wpcf7-form-control-wrap honeypot-17-wrap\" style=\"display:none !important; visibility:hidden !important;\"><label for=\"wpcf7-69d43c6c36828-field\" class=\"hp-message\">Bitte lasse dieses Feld leer.<\/label><input id=\"wpcf7-69d43c6c36828-field\"  class=\"wpcf7-form-control wpcf7-text\" type=\"text\" name=\"honeypot-17\" value=\"\" size=\"40\" tabindex=\"-1\" autocomplete=\"new-password\" \/><\/span><br \/>\n<input class=\"wpcf7-form-control wpcf7-submit has-spinner\" type=\"submit\" value=\"Envoyer\" \/>\n<\/p><div class=\"wpcf7-response-output\" aria-hidden=\"true\"><\/div>\n<\/form>\n<\/div>\n\n<h2>\n\t\tNos produits en s\u00e9rie\n\t<\/h2>\n\t<h3><strong>Tables \u00e9l\u00e9vatrices ELS | ELD | ELT<\/strong><\/h3>\n<h4>Le mod\u00e8le polyvalent convertible<\/h4>\n<p>\u00c0 simple ciseau, doubles ciseaux ou ciseaux en tandem, cette table \u00e9l\u00e9vatrice s\u2019adapte aux exigences les plus vari\u00e9es. Par exemple comme table \u00e9l\u00e9vatrice de ligne ou de chargement.<\/p>\n\t\t\t<a href=\"\/fr\/solutions-de-levage\/tables-elevatrices-els-eld-elt\/\" target=\"_self\" role=\"button\" rel=\"noopener noreferrer\">\n\t\t\t\t\t\t\tEN SAVOIR PLUS\n\t\t\t\t\t<\/a>\n\t\t\t\t<img decoding=\"async\" src=\"https:\/\/gruse.de\/wp-content\/uploads\/2017\/07\/gruse_hubtisch_ELS.jpg\" alt=\"gruse_hubtisch_ELS\" title=\"gruse_hubtisch_ELS\" \/>\n\t\t\t\t<img decoding=\"async\" src=\"https:\/\/gruse.de\/wp-content\/uploads\/2017\/07\/gruse_riemenhubtisch-1.jpg\" alt=\"gruse_riemenhubtisch-1\" title=\"gruse_riemenhubtisch-1\" \/>\n\t<h3>Table \u00e9l\u00e9vatrice \u00e0 courroie GHT<\/h3>\n<h4>Grande vitesse de levage, grande efficience \u00e9nerg\u00e9tique<\/h4>\n<p>Faible effort gr\u00e2ce au principe brevet\u00e9 du levier \u00e0 genouill\u00e8re.<\/p>\n\t\t\t<a href=\"\/fr\/solutions-de-levage\/table-elevatrice-a-courroie-ght\" target=\"_self\" role=\"button\" rel=\"noopener noreferrer\">\n\t\t\t\t\t\t\tEN SAVOIR PLUS\n\t\t\t\t\t<\/a>\n\t<h3>Entra\u00eenement \u00e0 broches<\/h3>\n<h4>Positionnement pr\u00e9cis, entra\u00eenement sans huile<\/h4>\n<p>Faible consommation d\u2019\u00e9nergie et positionnement pr\u00e9cis gr\u00e2ce \u00e0 une broche filet\u00e9e \u00e0 billes.<\/p>\n\t\t\t<a href=\"\/fr\/solutions-de-levage\/entrainement-a-broches-sp\/\" target=\"_self\" role=\"button\" rel=\"noopener noreferrer\">\n\t\t\t\t\t\t\tEN SAVOIR PLUS\n\t\t\t\t\t<\/a>\n\t\t\t\t<img decoding=\"async\" src=\"https:\/\/gruse.de\/wp-content\/uploads\/2017\/07\/gruse_spindelantrieb.jpg\" alt=\"gruse_spindelantrieb\" title=\"gruse_spindelantrieb\" \/>\n<h2>\n\t\tNous nous ferons un plaisir de vous aider\n\t<\/h2>\n<h3>\n\t\tIl vous suffit de nous appeler ou de compl\u00e9ter notre formulaire de contact.\n\t<\/h3>\n","protected":false},"excerpt":{"rendered":"<p>Solutions de levage modulaires Tables \u00e9l\u00e9vatrices d\u00e9di\u00e9es au levage, \u00e0 l\u2019inclinaison et au convoyage \u00ab La fonction primaire d\u2019une table \u00e9l\u00e9vatrice est le levage en continu de charges lourdes dans toutes les positions avantageuses du point de vue de l\u2019ergonomie afin de garantir ainsi un travail plus facile et sans peine. \u00bb Nous nous y&hellip;<\/p>\n","protected":false},"author":2,"featured_media":0,"parent":0,"menu_order":0,"comment_status":"closed","ping_status":"closed","template":"","meta":{"footnotes":""},"class_list":["post-501","page","type-page","status-publish","hentry"],"yoast_head":"<!-- This site is optimized with the Yoast SEO Premium plugin v15.3 - https:\/\/yoast.com\/wordpress\/plugins\/seo\/ -->\n<title>Solutions-de-levage - Gruse Maschinenbau<\/title>\n<meta name=\"robots\" content=\"index, follow, max-snippet:-1, max-image-preview:large, max-video-preview:-1\" \/>\n<link rel=\"canonical\" href=\"https:\/\/gruse.de\/fr\/solutions-de-levage\/\" \/>\n<meta property=\"og:locale\" content=\"fr_FR\" \/>\n<meta property=\"og:type\" content=\"article\" \/>\n<meta property=\"og:title\" content=\"Solutions-de-levage - Gruse Maschinenbau\" \/>\n<meta property=\"og:description\" content=\"Solutions de levage modulaires Tables \u00e9l\u00e9vatrices d\u00e9di\u00e9es au levage, \u00e0 l\u2019inclinaison et au convoyage \u00ab La fonction primaire d\u2019une table \u00e9l\u00e9vatrice est le levage en continu de charges lourdes dans toutes les positions avantageuses du point de vue de l\u2019ergonomie afin de garantir ainsi un travail plus facile et sans peine. \u00bb Nous nous y&hellip;\" \/>\n<meta property=\"og:url\" content=\"https:\/\/gruse.de\/fr\/solutions-de-levage\/\" \/>\n<meta property=\"og:site_name\" content=\"Gruse Maschinenbau\" \/>\n<meta property=\"article:modified_time\" content=\"2020-04-02T06:30:53+00:00\" \/>\n<meta property=\"og:image\" content=\"https:\/\/gruse.de\/wp-content\/uploads\/2017\/07\/gruse-hubtisch-els-6-8-so.jpg\" \/>\n<meta name=\"twitter:card\" content=\"summary_large_image\" \/>\n<meta name=\"twitter:label1\" content=\"\u00c9crit par\">\n\t<meta name=\"twitter:data1\" content=\"\">\n\t<meta name=\"twitter:label2\" content=\"Dur\u00e9e de lecture estim\u00e9e\">\n\t<meta name=\"twitter:data2\" content=\"2 minutes\">\n<script type=\"application\/ld+json\" class=\"yoast-schema-graph\">{\"@context\":\"https:\/\/schema.org\",\"@graph\":[{\"@type\":\"WebSite\",\"@id\":\"https:\/\/gruse.de\/fr\/#website\",\"url\":\"https:\/\/gruse.de\/fr\/\",\"name\":\"Gruse Maschinenbau\",\"description\":\"Maschinenbau Hubtisch Coil Handling F\\u00f6rdertechnik\",\"potentialAction\":[{\"@type\":\"SearchAction\",\"target\":\"https:\/\/gruse.de\/fr\/?s={search_term_string}\",\"query-input\":\"required name=search_term_string\"}],\"inLanguage\":\"fr-FR\"},{\"@type\":\"ImageObject\",\"@id\":\"https:\/\/gruse.de\/fr\/solutions-de-levage\/#primaryimage\",\"inLanguage\":\"fr-FR\",\"url\":\"https:\/\/gruse.de\/wp-content\/uploads\/2017\/07\/gruse-hubtisch-els-6-8-so.jpg\"},{\"@type\":\"WebPage\",\"@id\":\"https:\/\/gruse.de\/fr\/solutions-de-levage\/#webpage\",\"url\":\"https:\/\/gruse.de\/fr\/solutions-de-levage\/\",\"name\":\"Solutions-de-levage - Gruse Maschinenbau\",\"isPartOf\":{\"@id\":\"https:\/\/gruse.de\/fr\/#website\"},\"primaryImageOfPage\":{\"@id\":\"https:\/\/gruse.de\/fr\/solutions-de-levage\/#primaryimage\"},\"datePublished\":\"2017-07-17T17:54:58+00:00\",\"dateModified\":\"2020-04-02T06:30:53+00:00\",\"inLanguage\":\"fr-FR\",\"potentialAction\":[{\"@type\":\"ReadAction\",\"target\":[\"https:\/\/gruse.de\/fr\/solutions-de-levage\/\"]}]}]}<\/script>\n<!-- \/ Yoast SEO Premium plugin. -->","_links":{"self":[{"href":"https:\/\/gruse.de\/fr\/wp-json\/wp\/v2\/pages\/501","targetHints":{"allow":["GET"]}}],"collection":[{"href":"https:\/\/gruse.de\/fr\/wp-json\/wp\/v2\/pages"}],"about":[{"href":"https:\/\/gruse.de\/fr\/wp-json\/wp\/v2\/types\/page"}],"author":[{"embeddable":true,"href":"https:\/\/gruse.de\/fr\/wp-json\/wp\/v2\/users\/2"}],"replies":[{"embeddable":true,"href":"https:\/\/gruse.de\/fr\/wp-json\/wp\/v2\/comments?post=501"}],"version-history":[{"count":10,"href":"https:\/\/gruse.de\/fr\/wp-json\/wp\/v2\/pages\/501\/revisions"}],"predecessor-version":[{"id":5824,"href":"https:\/\/gruse.de\/fr\/wp-json\/wp\/v2\/pages\/501\/revisions\/5824"}],"wp:attachment":[{"href":"https:\/\/gruse.de\/fr\/wp-json\/wp\/v2\/media?parent=501"}],"curies":[{"name":"wp","href":"https:\/\/api.w.org\/{rel}","templated":true}]}}