{"id":5952,"date":"2022-01-02T20:36:55","date_gmt":"2022-01-02T19:36:55","guid":{"rendered":"https:\/\/gruse.de\/fr\/?page_id=5952"},"modified":"2024-12-09T02:20:48","modified_gmt":"2024-12-09T01:20:48","slug":"iso-9001","status":"publish","type":"page","link":"https:\/\/gruse.de\/fr\/a-propos-de-gruse\/iso-9001\/","title":{"rendered":"ISO 9001"},"content":{"rendered":"\n<h2>\n\t\tQualit\u00e9 et S\u00e9curit\u00e9 Certifi\u00e9es \n\t<\/h2>\n<h4>\n\t\tselon DIN EN ISO 9001:2015\n\t<\/h4>\n<h4>\n\t\tNos machines et installations vous offrent une assistance fiable tout au long de vos processus de travail. Avec une qualit\u00e9 et une s\u00e9curit\u00e9 constantes sur lesquelles vous pouvez compter. \u00c0 cet effet, nous faisons r\u00e9guli\u00e8rement certifier notre management de la qualit\u00e9. <br \/><br \/>Les objectifs de tous les processus et d\u00e9roulements au sein de notre entreprise sont de r\u00e9pondre durablement \u00e0 vos exigences et d&rsquo;am\u00e9liorer constamment notre offre. <br \/><br \/>Nous nous r\u00e9jouissons d&rsquo;ores et d\u00e9j\u00e0 d&rsquo;une collaboration pleine de confiance et couronn\u00e9e de succ\u00e8s.\n\t<\/h4>\n\t\t\t\t<img loading=\"lazy\" decoding=\"async\" src=\"https:\/\/gruse.de\/fr\/wp-content\/uploads\/sites\/3\/2023\/05\/Gruse_Zertifikat_9001-EN_2023-495x700.jpg\" alt=\"Gruse ISO 9001 certificate 2023\" height=\"700\" width=\"495\" title=\"Gruse_Zertifikat_9001 EN_2023\" \/>\n\t\n<div class=\"wpcf7 no-js\" id=\"wpcf7-f5675-o1\" lang=\"en-US\" dir=\"ltr\" data-wpcf7-id=\"5675\">\n<div class=\"screen-reader-response\"><p role=\"status\" aria-live=\"polite\" aria-atomic=\"true\"><\/p> <ul><\/ul><\/div>\n<form action=\"\/fr\/wp-json\/wp\/v2\/pages\/5952#wpcf7-f5675-o1\" method=\"post\" class=\"wpcf7-form init\" aria-label=\"Contact form\" novalidate=\"novalidate\" data-status=\"init\">\n<fieldset class=\"hidden-fields-container\"><input type=\"hidden\" name=\"_wpcf7\" value=\"5675\" \/><input type=\"hidden\" name=\"_wpcf7_version\" value=\"6.1.5\" \/><input type=\"hidden\" name=\"_wpcf7_locale\" value=\"en_US\" \/><input type=\"hidden\" name=\"_wpcf7_unit_tag\" value=\"wpcf7-f5675-o1\" \/><input type=\"hidden\" name=\"_wpcf7_container_post\" value=\"0\" \/><input type=\"hidden\" name=\"_wpcf7_posted_data_hash\" value=\"\" \/><input type=\"hidden\" name=\"_wpcf7dtx_version\" value=\"5.0.5\" \/>\n<\/fieldset>\n<p>Nous vous fournissons volontiers des informations compl\u00e9mentaires \u00e0 propos de nos produits et vous recommandons une solution appropri\u00e9e pour votre entreprise. N\u2019h\u00e9sitez pas \u00e0 nous contacter.\n<\/p>\n<h2>Comment pouvons-nous vous \u00eatre utiles\u00a0?\n<\/h2>\n<div class=\"linke-spalte\">\n\t<p>Votre message\n\t<\/p>\n\t<p><span class=\"wpcf7-form-control-wrap\" data-name=\"beschreibung\"><textarea cols=\"40\" rows=\"10\" maxlength=\"2000\" class=\"wpcf7-form-control wpcf7-textarea\" aria-invalid=\"false\" name=\"beschreibung\"><\/textarea><\/span>\n\t<\/p>\n<\/div>\n<div class=\"rechte-spalte\" style=\"margin-top:10px\">\n\t<p>Votre nom<br \/>\n<span class=\"wpcf7-form-control-wrap\" data-name=\"ihr-name\"><input size=\"40\" maxlength=\"400\" class=\"wpcf7-form-control wpcf7-text wpcf7-validates-as-required ihr-name\" aria-required=\"true\" aria-invalid=\"false\" value=\"\" type=\"text\" name=\"ihr-name\" \/><\/span>\n\t<\/p>\n\t<p>Votre adresse courriel<br \/>\n<span class=\"wpcf7-form-control-wrap\" data-name=\"email\"><input size=\"40\" maxlength=\"400\" class=\"wpcf7-form-control wpcf7-email wpcf7-validates-as-required wpcf7-text wpcf7-validates-as-email e-mail\" aria-required=\"true\" aria-invalid=\"false\" value=\"\" type=\"email\" name=\"email\" \/><\/span>\n\t<\/p>\n\t<p>Votre n\u00b0 de t\u00e9l\u00e9phone<br \/>\n<span class=\"wpcf7-form-control-wrap\" data-name=\"telefon\"><input size=\"40\" maxlength=\"400\" class=\"wpcf7-form-control wpcf7-text wpcf7-validates-as-required telefon\" aria-required=\"true\" aria-invalid=\"false\" value=\"\" type=\"text\" name=\"telefon\" \/><\/span>\n\t<\/p>\n<\/div>\n<hr class=\"clear\" \/>\n<p><span id=\"wpcf7-69d43dbe0c9eb-wrapper\" class=\"wpcf7-form-control-wrap honeypot-429-wrap\" style=\"display:none !important; visibility:hidden !important;\"><label for=\"wpcf7-69d43dbe0c9eb-field\" class=\"hp-message\">Please leave this field empty.<\/label><input id=\"wpcf7-69d43dbe0c9eb-field\"  class=\"wpcf7-form-control wpcf7-text\" type=\"text\" name=\"honeypot-429\" value=\"\" size=\"40\" tabindex=\"-1\" autocomplete=\"new-password\" \/><\/span>\n<\/p>\n<p><input class=\"wpcf7-form-control wpcf7-submit has-spinner\" type=\"submit\" value=\"Envoyer\" \/>\n<\/p>\n<div class=\"danke\">\n\t<h4>Merci de votre int\u00e9r\u00eat, nous vous contacterons dans les plus brefs d\u00e9lais.\n\t<\/h4>\n\t<p>Toute l\u2019\u00e9quipe Gruse\n\t<\/p>\n<\/div><div class=\"wpcf7-response-output\" aria-hidden=\"true\"><\/div>\n<\/form>\n<\/div>\n\nGruse Maschinenbau GmbH &amp; Co. KG<br \/>\nDibbetweg 32 | 31855 Aerzen<br \/>\nAllemagne<br \/>\n\nT\u00e9l.: +49 5154 9510-0<br \/>\n Fax: +49 5154 2030\n<p>Courriel: info[at]gruse.de<\/p>\n\n","protected":false},"excerpt":{"rendered":"<p>Qualit\u00e9 et S\u00e9curit\u00e9 Certifi\u00e9es selon DIN EN ISO 9001:2015 Nos machines et installations vous offrent une assistance fiable tout au long de vos processus de travail. Avec une qualit\u00e9 et une s\u00e9curit\u00e9 constantes sur lesquelles vous pouvez compter. \u00c0 cet effet, nous faisons r\u00e9guli\u00e8rement certifier notre management de la qualit\u00e9. Les objectifs de tous les&hellip;<\/p>\n","protected":false},"author":4,"featured_media":0,"parent":97,"menu_order":0,"comment_status":"closed","ping_status":"closed","template":"","meta":{"footnotes":""},"class_list":["post-5952","page","type-page","status-publish","hentry"],"yoast_head":"<!-- This site is optimized with the Yoast SEO Premium plugin v15.3 - https:\/\/yoast.com\/wordpress\/plugins\/seo\/ -->\n<title>ISO 9001 - Gruse Maschinenbau<\/title>\n<meta name=\"robots\" content=\"index, follow, max-snippet:-1, max-image-preview:large, max-video-preview:-1\" \/>\n<link rel=\"canonical\" href=\"https:\/\/gruse.de\/fr\/a-propos-de-gruse\/iso-9001\/\" \/>\n<meta property=\"og:locale\" content=\"fr_FR\" \/>\n<meta property=\"og:type\" content=\"article\" \/>\n<meta property=\"og:title\" content=\"ISO 9001 - Gruse Maschinenbau\" \/>\n<meta property=\"og:description\" content=\"Qualit\u00e9 et S\u00e9curit\u00e9 Certifi\u00e9es selon DIN EN ISO 9001:2015 Nos machines et installations vous offrent une assistance fiable tout au long de vos processus de travail. Avec une qualit\u00e9 et une s\u00e9curit\u00e9 constantes sur lesquelles vous pouvez compter. \u00c0 cet effet, nous faisons r\u00e9guli\u00e8rement certifier notre management de la qualit\u00e9. Les objectifs de tous les&hellip;\" \/>\n<meta property=\"og:url\" content=\"https:\/\/gruse.de\/fr\/a-propos-de-gruse\/iso-9001\/\" \/>\n<meta property=\"og:site_name\" content=\"Gruse Maschinenbau\" \/>\n<meta property=\"article:modified_time\" content=\"2024-12-09T01:20:48+00:00\" \/>\n<meta property=\"og:image\" content=\"https:\/\/gruse.de\/fr\/wp-content\/uploads\/sites\/3\/2023\/05\/Gruse_Zertifikat_9001-EN_2023-495x700.jpg\" \/>\n<meta name=\"twitter:card\" content=\"summary_large_image\" \/>\n<meta name=\"twitter:label1\" content=\"\u00c9crit par\">\n\t<meta name=\"twitter:data1\" content=\"Kerstin Meyer\">\n\t<meta name=\"twitter:label2\" content=\"Dur\u00e9e de lecture estim\u00e9e\">\n\t<meta name=\"twitter:data2\" content=\"0 minute\">\n<script type=\"application\/ld+json\" class=\"yoast-schema-graph\">{\"@context\":\"https:\/\/schema.org\",\"@graph\":[{\"@type\":\"WebSite\",\"@id\":\"https:\/\/gruse.de\/fr\/#website\",\"url\":\"https:\/\/gruse.de\/fr\/\",\"name\":\"Gruse Maschinenbau\",\"description\":\"Maschinenbau Hubtisch Coil Handling F\\u00f6rdertechnik\",\"potentialAction\":[{\"@type\":\"SearchAction\",\"target\":\"https:\/\/gruse.de\/fr\/?s={search_term_string}\",\"query-input\":\"required name=search_term_string\"}],\"inLanguage\":\"fr-FR\"},{\"@type\":\"ImageObject\",\"@id\":\"https:\/\/gruse.de\/fr\/a-propos-de-gruse\/iso-9001\/#primaryimage\",\"inLanguage\":\"fr-FR\",\"url\":\"https:\/\/gruse.de\/fr\/wp-content\/uploads\/sites\/3\/2023\/05\/Gruse_Zertifikat_9001-EN_2023.jpg\",\"width\":1240,\"height\":1754,\"caption\":\"Gruse ISO 9001 certificate 2023\"},{\"@type\":\"WebPage\",\"@id\":\"https:\/\/gruse.de\/fr\/a-propos-de-gruse\/iso-9001\/#webpage\",\"url\":\"https:\/\/gruse.de\/fr\/a-propos-de-gruse\/iso-9001\/\",\"name\":\"ISO 9001 - Gruse Maschinenbau\",\"isPartOf\":{\"@id\":\"https:\/\/gruse.de\/fr\/#website\"},\"primaryImageOfPage\":{\"@id\":\"https:\/\/gruse.de\/fr\/a-propos-de-gruse\/iso-9001\/#primaryimage\"},\"datePublished\":\"2022-01-02T19:36:55+00:00\",\"dateModified\":\"2024-12-09T01:20:48+00:00\",\"inLanguage\":\"fr-FR\",\"potentialAction\":[{\"@type\":\"ReadAction\",\"target\":[\"https:\/\/gruse.de\/fr\/a-propos-de-gruse\/iso-9001\/\"]}]}]}<\/script>\n<!-- \/ Yoast SEO Premium plugin. -->","_links":{"self":[{"href":"https:\/\/gruse.de\/fr\/wp-json\/wp\/v2\/pages\/5952","targetHints":{"allow":["GET"]}}],"collection":[{"href":"https:\/\/gruse.de\/fr\/wp-json\/wp\/v2\/pages"}],"about":[{"href":"https:\/\/gruse.de\/fr\/wp-json\/wp\/v2\/types\/page"}],"author":[{"embeddable":true,"href":"https:\/\/gruse.de\/fr\/wp-json\/wp\/v2\/users\/4"}],"replies":[{"embeddable":true,"href":"https:\/\/gruse.de\/fr\/wp-json\/wp\/v2\/comments?post=5952"}],"version-history":[{"count":5,"href":"https:\/\/gruse.de\/fr\/wp-json\/wp\/v2\/pages\/5952\/revisions"}],"predecessor-version":[{"id":6104,"href":"https:\/\/gruse.de\/fr\/wp-json\/wp\/v2\/pages\/5952\/revisions\/6104"}],"up":[{"embeddable":true,"href":"https:\/\/gruse.de\/fr\/wp-json\/wp\/v2\/pages\/97"}],"wp:attachment":[{"href":"https:\/\/gruse.de\/fr\/wp-json\/wp\/v2\/media?parent=5952"}],"curies":[{"name":"wp","href":"https:\/\/api.w.org\/{rel}","templated":true}]}}