{"id":6486,"date":"2024-12-09T02:15:09","date_gmt":"2024-12-09T01:15:09","guid":{"rendered":"https:\/\/gruse.de\/fr\/?page_id=6486"},"modified":"2024-12-09T02:15:09","modified_gmt":"2024-12-09T01:15:09","slug":"iso-14001","status":"publish","type":"page","link":"https:\/\/gruse.de\/fr\/a-propos-de-gruse\/iso-14001\/","title":{"rendered":"ISO 14001"},"content":{"rendered":"\n<h2>\n\t\tGestion certifi\u00e9e de l&rsquo;environnement\n\t<\/h2>\n<h4>\n\t\tselon DIN EN ISO 14001:2015\n\t<\/h4>\n<h4>\n\t\tChez Gruse Maschinenbau, nous consid\u00e9rons la protection de l&rsquo;environnement comme une r\u00e9elle opportunit\u00e9 d&rsquo;utiliser les ressources d&rsquo;une mani\u00e8re durable et efficace. Notre syst\u00e8me certifi\u00e9 de gestion de l&rsquo;environnement selon DIN EN ISO 14001:2015 d\u00e9montre notre responsabilit\u00e9 vis-\u00e0-vis de notre environnement et nos efforts continus pour minimiser les cons\u00e9quences \u00e9cologiques.<br \/><br \/>Par des mesures cibl\u00e9es et une gestion efficace des ressources, nous nous engageons \u00e0 r\u00e9duire le gaspillage des ressources naturelles et \u00e0 garantir aux prochaines g\u00e9n\u00e9rations un cadre de vie sain. Pour nous, la protection de l&rsquo;environnement est un devoir, mais aussi l&rsquo;un de nos principaux objectifs d&rsquo;entreprise.\u00a0<br \/><br \/>Nous nous r\u00e9jouissons d&rsquo;ores et d\u00e9j\u00e0 d&rsquo;une collaboration pleine de confiance et couronn\u00e9e de succ\u00e8s.\n\t<\/h4>\n\t\t\t\t<img loading=\"lazy\" decoding=\"async\" src=\"https:\/\/gruse.de\/fr\/wp-content\/uploads\/sites\/3\/2024\/12\/Gruse-Mechanical-Engineering-Certificate-ISO-14001-EN.png\" alt=\"Gruse-Mechanical-Engineering-Certificate ISO 14001 EN\" itemprop=\"image\" height=\"841\" width=\"595\" title=\"Gruse-Mechanical-Engineering-Certificate ISO 14001 EN\" onerror=\"this.style.display='none'\"  \/>\n\t\n<div class=\"wpcf7 no-js\" id=\"wpcf7-f5675-o1\" lang=\"en-US\" dir=\"ltr\" data-wpcf7-id=\"5675\">\n<div class=\"screen-reader-response\"><p role=\"status\" aria-live=\"polite\" aria-atomic=\"true\"><\/p> <ul><\/ul><\/div>\n<form action=\"\/fr\/wp-json\/wp\/v2\/pages\/6486#wpcf7-f5675-o1\" method=\"post\" class=\"wpcf7-form init\" aria-label=\"Contact form\" novalidate=\"novalidate\" data-status=\"init\">\n<fieldset class=\"hidden-fields-container\"><input type=\"hidden\" name=\"_wpcf7\" value=\"5675\" \/><input type=\"hidden\" name=\"_wpcf7_version\" value=\"6.1.5\" \/><input type=\"hidden\" name=\"_wpcf7_locale\" value=\"en_US\" \/><input type=\"hidden\" name=\"_wpcf7_unit_tag\" value=\"wpcf7-f5675-o1\" \/><input type=\"hidden\" name=\"_wpcf7_container_post\" value=\"0\" \/><input type=\"hidden\" name=\"_wpcf7_posted_data_hash\" value=\"\" \/><input type=\"hidden\" name=\"_wpcf7dtx_version\" value=\"5.0.5\" \/>\n<\/fieldset>\n<p>Nous vous fournissons volontiers des informations compl\u00e9mentaires \u00e0 propos de nos produits et vous recommandons une solution appropri\u00e9e pour votre entreprise. N\u2019h\u00e9sitez pas \u00e0 nous contacter.\n<\/p>\n<h2>Comment pouvons-nous vous \u00eatre utiles\u00a0?\n<\/h2>\n<div class=\"linke-spalte\">\n\t<p>Votre message\n\t<\/p>\n\t<p><span class=\"wpcf7-form-control-wrap\" data-name=\"beschreibung\"><textarea cols=\"40\" rows=\"10\" maxlength=\"2000\" class=\"wpcf7-form-control wpcf7-textarea\" aria-invalid=\"false\" name=\"beschreibung\"><\/textarea><\/span>\n\t<\/p>\n<\/div>\n<div class=\"rechte-spalte\" style=\"margin-top:10px\">\n\t<p>Votre nom<br \/>\n<span class=\"wpcf7-form-control-wrap\" data-name=\"ihr-name\"><input size=\"40\" maxlength=\"400\" class=\"wpcf7-form-control wpcf7-text wpcf7-validates-as-required ihr-name\" aria-required=\"true\" aria-invalid=\"false\" value=\"\" type=\"text\" name=\"ihr-name\" \/><\/span>\n\t<\/p>\n\t<p>Votre adresse courriel<br \/>\n<span class=\"wpcf7-form-control-wrap\" data-name=\"email\"><input size=\"40\" maxlength=\"400\" class=\"wpcf7-form-control wpcf7-email wpcf7-validates-as-required wpcf7-text wpcf7-validates-as-email e-mail\" aria-required=\"true\" aria-invalid=\"false\" value=\"\" type=\"email\" name=\"email\" \/><\/span>\n\t<\/p>\n\t<p>Votre n\u00b0 de t\u00e9l\u00e9phone<br \/>\n<span class=\"wpcf7-form-control-wrap\" data-name=\"telefon\"><input size=\"40\" maxlength=\"400\" class=\"wpcf7-form-control wpcf7-text wpcf7-validates-as-required telefon\" aria-required=\"true\" aria-invalid=\"false\" value=\"\" type=\"text\" name=\"telefon\" \/><\/span>\n\t<\/p>\n<\/div>\n<hr class=\"clear\" \/>\n<p><span id=\"wpcf7-69d43dc304c0a-wrapper\" class=\"wpcf7-form-control-wrap honeypot-429-wrap\" style=\"display:none !important; visibility:hidden !important;\"><label for=\"wpcf7-69d43dc304c0a-field\" class=\"hp-message\">Please leave this field empty.<\/label><input id=\"wpcf7-69d43dc304c0a-field\"  class=\"wpcf7-form-control wpcf7-text\" type=\"text\" name=\"honeypot-429\" value=\"\" size=\"40\" tabindex=\"-1\" autocomplete=\"new-password\" \/><\/span>\n<\/p>\n<p><input class=\"wpcf7-form-control wpcf7-submit has-spinner\" type=\"submit\" value=\"Envoyer\" \/>\n<\/p>\n<div class=\"danke\">\n\t<h4>Merci de votre int\u00e9r\u00eat, nous vous contacterons dans les plus brefs d\u00e9lais.\n\t<\/h4>\n\t<p>Toute l\u2019\u00e9quipe Gruse\n\t<\/p>\n<\/div><div class=\"wpcf7-response-output\" aria-hidden=\"true\"><\/div>\n<\/form>\n<\/div>\n\nGruse Maschinenbau GmbH &amp; Co. KG<br \/>\nDibbetweg 32 | 31855 Aerzen<br \/>\nAllemagne<br \/>\n\nT\u00e9l.: +49 5154 9510-0<br \/>\n Fax: +49 5154 2030\n<p>Courriel: info[at]gruse.de<\/p>\n\n","protected":false},"excerpt":{"rendered":"<p>Gestion certifi\u00e9e de l&rsquo;environnement selon DIN EN ISO 14001:2015 Chez Gruse Maschinenbau, nous consid\u00e9rons la protection de l&rsquo;environnement comme une r\u00e9elle opportunit\u00e9 d&rsquo;utiliser les ressources d&rsquo;une mani\u00e8re durable et efficace. Notre syst\u00e8me certifi\u00e9 de gestion de l&rsquo;environnement selon DIN EN ISO 14001:2015 d\u00e9montre notre responsabilit\u00e9 vis-\u00e0-vis de notre environnement et nos efforts continus pour minimiser&hellip;<\/p>\n","protected":false},"author":4,"featured_media":0,"parent":97,"menu_order":0,"comment_status":"closed","ping_status":"closed","template":"","meta":{"footnotes":""},"class_list":["post-6486","page","type-page","status-publish","hentry"],"yoast_head":"<!-- This site is optimized with the Yoast SEO Premium plugin v15.3 - https:\/\/yoast.com\/wordpress\/plugins\/seo\/ -->\n<title>ISO 14001 - Gruse Maschinenbau<\/title>\n<meta name=\"robots\" content=\"index, follow, max-snippet:-1, max-image-preview:large, max-video-preview:-1\" \/>\n<link rel=\"canonical\" href=\"https:\/\/gruse.de\/fr\/a-propos-de-gruse\/iso-14001\/\" \/>\n<meta property=\"og:locale\" content=\"fr_FR\" \/>\n<meta property=\"og:type\" content=\"article\" \/>\n<meta property=\"og:title\" content=\"ISO 14001 - Gruse Maschinenbau\" \/>\n<meta property=\"og:description\" content=\"Gestion certifi\u00e9e de l&rsquo;environnement selon DIN EN ISO 14001:2015 Chez Gruse Maschinenbau, nous consid\u00e9rons la protection de l&rsquo;environnement comme une r\u00e9elle opportunit\u00e9 d&rsquo;utiliser les ressources d&rsquo;une mani\u00e8re durable et efficace. Notre syst\u00e8me certifi\u00e9 de gestion de l&rsquo;environnement selon DIN EN ISO 14001:2015 d\u00e9montre notre responsabilit\u00e9 vis-\u00e0-vis de notre environnement et nos efforts continus pour minimiser&hellip;\" \/>\n<meta property=\"og:url\" content=\"https:\/\/gruse.de\/fr\/a-propos-de-gruse\/iso-14001\/\" \/>\n<meta property=\"og:site_name\" content=\"Gruse Maschinenbau\" \/>\n<meta property=\"og:image\" content=\"https:\/\/gruse.de\/fr\/wp-content\/uploads\/sites\/3\/2024\/12\/Gruse-Mechanical-Engineering-Certificate-ISO-14001-EN.png\" \/>\n<meta name=\"twitter:card\" content=\"summary_large_image\" \/>\n<meta name=\"twitter:label1\" content=\"\u00c9crit par\">\n\t<meta name=\"twitter:data1\" content=\"Kerstin Meyer\">\n\t<meta name=\"twitter:label2\" content=\"Dur\u00e9e de lecture estim\u00e9e\">\n\t<meta name=\"twitter:data2\" content=\"1 minute\">\n<script type=\"application\/ld+json\" class=\"yoast-schema-graph\">{\"@context\":\"https:\/\/schema.org\",\"@graph\":[{\"@type\":\"WebSite\",\"@id\":\"https:\/\/gruse.de\/fr\/#website\",\"url\":\"https:\/\/gruse.de\/fr\/\",\"name\":\"Gruse Maschinenbau\",\"description\":\"Maschinenbau Hubtisch Coil Handling F\\u00f6rdertechnik\",\"potentialAction\":[{\"@type\":\"SearchAction\",\"target\":\"https:\/\/gruse.de\/fr\/?s={search_term_string}\",\"query-input\":\"required name=search_term_string\"}],\"inLanguage\":\"fr-FR\"},{\"@type\":\"ImageObject\",\"@id\":\"https:\/\/gruse.de\/fr\/a-propos-de-gruse\/iso-14001\/#primaryimage\",\"inLanguage\":\"fr-FR\",\"url\":\"https:\/\/gruse.de\/fr\/wp-content\/uploads\/sites\/3\/2024\/12\/Gruse-Mechanical-Engineering-Certificate-ISO-14001-EN.png\",\"width\":595,\"height\":841},{\"@type\":\"WebPage\",\"@id\":\"https:\/\/gruse.de\/fr\/a-propos-de-gruse\/iso-14001\/#webpage\",\"url\":\"https:\/\/gruse.de\/fr\/a-propos-de-gruse\/iso-14001\/\",\"name\":\"ISO 14001 - Gruse Maschinenbau\",\"isPartOf\":{\"@id\":\"https:\/\/gruse.de\/fr\/#website\"},\"primaryImageOfPage\":{\"@id\":\"https:\/\/gruse.de\/fr\/a-propos-de-gruse\/iso-14001\/#primaryimage\"},\"datePublished\":\"2024-12-09T01:15:09+00:00\",\"dateModified\":\"2024-12-09T01:15:09+00:00\",\"inLanguage\":\"fr-FR\",\"potentialAction\":[{\"@type\":\"ReadAction\",\"target\":[\"https:\/\/gruse.de\/fr\/a-propos-de-gruse\/iso-14001\/\"]}]}]}<\/script>\n<!-- \/ Yoast SEO Premium plugin. -->","_links":{"self":[{"href":"https:\/\/gruse.de\/fr\/wp-json\/wp\/v2\/pages\/6486","targetHints":{"allow":["GET"]}}],"collection":[{"href":"https:\/\/gruse.de\/fr\/wp-json\/wp\/v2\/pages"}],"about":[{"href":"https:\/\/gruse.de\/fr\/wp-json\/wp\/v2\/types\/page"}],"author":[{"embeddable":true,"href":"https:\/\/gruse.de\/fr\/wp-json\/wp\/v2\/users\/4"}],"replies":[{"embeddable":true,"href":"https:\/\/gruse.de\/fr\/wp-json\/wp\/v2\/comments?post=6486"}],"version-history":[{"count":2,"href":"https:\/\/gruse.de\/fr\/wp-json\/wp\/v2\/pages\/6486\/revisions"}],"predecessor-version":[{"id":6489,"href":"https:\/\/gruse.de\/fr\/wp-json\/wp\/v2\/pages\/6486\/revisions\/6489"}],"up":[{"embeddable":true,"href":"https:\/\/gruse.de\/fr\/wp-json\/wp\/v2\/pages\/97"}],"wp:attachment":[{"href":"https:\/\/gruse.de\/fr\/wp-json\/wp\/v2\/media?parent=6486"}],"curies":[{"name":"wp","href":"https:\/\/api.w.org\/{rel}","templated":true}]}}