{"id":666,"date":"2017-07-20T20:55:15","date_gmt":"2017-07-20T18:55:15","guid":{"rendered":"http:\/\/gruse.de\/?page_id=666"},"modified":"2018-09-03T12:36:55","modified_gmt":"2018-09-03T10:36:55","slug":"entrainement-a-broches-sp","status":"publish","type":"page","link":"https:\/\/gruse.de\/fr\/solutions-de-levage\/entrainement-a-broches-sp\/","title":{"rendered":"Entra\u00eenement \u00e0 broches SP"},"content":{"rendered":"<h1>\n\t\tTable \u00e9l\u00e9vatrice \u00e0 broches SP<br \/>\n\t<\/h1>\n<h2>\n\t\tPositionnement pr\u00e9cis, entra\u00eenement sans huile<br \/>\n\t<\/h2>\n<p>Les tables \u00e9l\u00e9vatrices \u00e0 ciseaux entra\u00een\u00e9es par broche de la marque Gruse sont un tout nouveau d\u00e9veloppement et surpassent nettement les produits de la concurrence avec un principe brevet\u00e9 de levier \u00e0 genouill\u00e8re pour la transmission de force. Gr\u00e2ce \u00e0 ce principe, un effort nettement moindre est requis pour le mouvement de levage et cela se traduit par une <strong>grande efficience \u00e9nerg\u00e9tique<\/strong>. Le mouvement de levage est r\u00e9alis\u00e9 soit au moyen d\u2019une broche \u00e0 filet trap\u00e9zo\u00efdal soit au moyen d\u2019une broche filet\u00e9e \u00e0 billes avec un motor\u00e9ducteur \u00e9lectrique. En fonction de la charge utile et de la vitesse de levage requises, le motor\u00e9ducteur est con\u00e7u sous forme de moteur triphas\u00e9 ou de servomoteur. \u2028Ce type de table \u00e9l\u00e9vatrice convient particuli\u00e8rement au levage et au positionnement pr\u00e9cis de charges lourdes comme cela est fr\u00e9quemment n\u00e9cessaire dans le secteur de la construction de machines et d\u2019installations technologiques. En cas d\u2019utilisation dans un environnement poussi\u00e9reux ou humide, les broches et entra\u00eenements sont prot\u00e9g\u00e9s par des soufflets.<\/p>\n<h3><\/h3>\n<h3>Les avantages de l\u2019entra\u00eenement par broche sans huile\u2026<\/h3>\n<p>&nbsp;<\/p>\n<p>r\u00e9sident en particulier dans le<strong> levage et le positionnement hautement pr\u00e9cis de charges lourdes<\/strong> comme cela est fr\u00e9quemment n\u00e9cessaire dans le secteur de la construction de machines et d\u2019installations technologiques, en particulier pour la production automobile.<\/p>\n<p>\t\t\t\t<img decoding=\"async\" src=\"https:\/\/gruse.de\/wp-content\/uploads\/2017\/07\/gruse_spindelantrieb.jpg\" alt=\"gruse_spindelantrieb\" itemprop=\"image\" title=\"gruse_spindelantrieb\"  \/><\/p>\n<p>L\u2019utilisation d\u2019une broche filet\u00e9e \u00e0 billes garantit un tr\u00e8s bon r\u00e9glage de la vitesse en liaison avec un syst\u00e8me de r\u00e9gulation de la vitesse de rotation.<\/p>\n<p>\t\t\t\t<img decoding=\"async\" src=\"https:\/\/gruse.de\/wp-content\/uploads\/2017\/07\/gruse-Spindelhubtisch-SP-2.jpg\" alt=\"gruse-Spindelhubtisch-SP-2\" itemprop=\"image\" title=\"gruse-Spindelhubtisch-SP-2\"  \/><\/p>\n<h2>\n\t\tProfil en bref de notre table \u00e9l\u00e9vatrice \u00e0 broche SP<br \/>\n\t<\/h2>\n<h4>Entra\u00eenement sans huile, positionnement pr\u00e9cis<\/h4>\n<ul>\n<li>Convient particuli\u00e8rement au levage et au positionnement pr\u00e9cis des charges lourdes<\/li>\n<li>\u2028Faible effort avec une l\u00e9g\u00e8re inclinaison de la broche, en particulier en cas d\u2019utilisation d\u2019une broche filet\u00e9e \u00e0 billes<\/li>\n<li>Tr\u00e8s bon r\u00e9glage de la vitesse en cas d\u2019utilisation de syst\u00e8mes de r\u00e9gulation de la vitesse de rotation<\/li>\n<li>Maintien pr\u00e9cis de la position de levage<\/li>\n<li>Entra\u00eenement sans huile<\/li>\n<li>Faible consommation d\u2019\u00e9nergie \u00e9tant donn\u00e9 que le choix de la multiplication par engrenage appropri\u00e9e permet d\u2019employer des entra\u00eenements de petite taille.<\/li>\n<\/ul>\n<h3>\n\t\tNous nous ferons un plaisir de vous aider<br \/>\n\t<\/h3>\n\n<div class=\"wpcf7 no-js\" id=\"wpcf7-f8-o1\" lang=\"de-DE\" dir=\"ltr\" data-wpcf7-id=\"8\">\n<div class=\"screen-reader-response\"><p role=\"status\" aria-live=\"polite\" aria-atomic=\"true\"><\/p> <ul><\/ul><\/div>\n<form action=\"\/fr\/wp-json\/wp\/v2\/pages\/666#wpcf7-f8-o1\" method=\"post\" class=\"wpcf7-form init\" aria-label=\"Kontaktformular\" novalidate=\"novalidate\" data-status=\"init\">\n<fieldset class=\"hidden-fields-container\"><input type=\"hidden\" name=\"_wpcf7\" value=\"8\" \/><input type=\"hidden\" name=\"_wpcf7_version\" value=\"6.1.5\" \/><input type=\"hidden\" name=\"_wpcf7_locale\" value=\"de_DE\" \/><input type=\"hidden\" name=\"_wpcf7_unit_tag\" value=\"wpcf7-f8-o1\" \/><input type=\"hidden\" name=\"_wpcf7_container_post\" value=\"0\" \/><input type=\"hidden\" name=\"_wpcf7_posted_data_hash\" value=\"\" \/><input type=\"hidden\" name=\"_wpcf7dtx_version\" value=\"5.0.5\" \/>\n<\/fieldset>\n<h4 style=\"margin:0;\">Ihr Name\n<\/h4>\n<p><label><span class=\"wpcf7-form-control-wrap\" data-name=\"your-name\"><input size=\"40\" maxlength=\"400\" class=\"wpcf7-form-control wpcf7-text wpcf7-validates-as-required\" aria-required=\"true\" aria-invalid=\"false\" value=\"\" type=\"text\" name=\"your-name\" \/><\/span> <\/label>\n<\/p>\n<h4 style=\"margin:0;\">Ihre E-Mail Adresse\n<\/h4>\n<p><label> <span class=\"wpcf7-form-control-wrap\" data-name=\"your-email\"><input size=\"40\" maxlength=\"400\" class=\"wpcf7-form-control wpcf7-email wpcf7-validates-as-required wpcf7-text wpcf7-validates-as-email\" aria-required=\"true\" aria-invalid=\"false\" value=\"\" type=\"email\" name=\"your-email\" \/><\/span> <\/label>\n<\/p>\n<h4 style=\"margin:0;\">Ihre Nachricht\n<\/h4>\n<p><label> <span class=\"wpcf7-form-control-wrap\" data-name=\"your-message\"><textarea cols=\"40\" rows=\"5\" maxlength=\"2000\" class=\"wpcf7-form-control wpcf7-textarea\" aria-invalid=\"false\" name=\"your-message\"><\/textarea><\/span> <\/label><br \/>\n<span id=\"wpcf7-69d64a6e0558f-wrapper\" class=\"wpcf7-form-control-wrap honeypot-546-wrap\" style=\"display:none !important; visibility:hidden !important;\"><label for=\"wpcf7-69d64a6e0558f-field\" class=\"hp-message\">Bitte lasse dieses Feld leer.<\/label><input id=\"wpcf7-69d64a6e0558f-field\"  class=\"wpcf7-form-control wpcf7-text\" type=\"text\" name=\"honeypot-546\" value=\"\" size=\"40\" tabindex=\"-1\" autocomplete=\"new-password\" \/><\/span><br \/>\n<input class=\"wpcf7-form-control wpcf7-submit has-spinner\" type=\"submit\" value=\"Senden\" \/><br \/>\n<!-- textarea: 40x5 means 40columns (width) and 5 rows (height) -->\n<\/p><div class=\"wpcf7-response-output\" aria-hidden=\"true\"><\/div>\n<\/form>\n<\/div>\n\n<p>N\u2019h\u00e9sitez pas \u00e0 m\u2019appeler ou utilisez notre formulaire de contact.<\/p>\n<h3>T\u00e9l.: +49 5154 9510-60<\/h3>\n<div id=\"attachment_282\" style=\"width: 710px\" class=\"wp-caption alignnone\"><img loading=\"lazy\" decoding=\"async\" aria-describedby=\"caption-attachment-282\" src=\"https:\/\/gruse.de\/wp-content\/uploads\/2017\/06\/gruse-friedrich_quast-700x466.jpg\" alt=\"\" width=\"700\" height=\"466\" \/><p id=\"caption-attachment-282\" class=\"wp-caption-text\">Friedrich Quast | Service commercial<\/p><\/div>\n","protected":false},"excerpt":{"rendered":"<p>Table \u00e9l\u00e9vatrice \u00e0 broches SP Positionnement pr\u00e9cis, entra\u00eenement sans huile Les tables \u00e9l\u00e9vatrices \u00e0 ciseaux entra\u00een\u00e9es par broche de la marque Gruse sont un tout nouveau d\u00e9veloppement et surpassent nettement les produits de la concurrence avec un principe brevet\u00e9 de levier \u00e0 genouill\u00e8re pour la transmission de force. Gr\u00e2ce \u00e0 ce principe, un effort nettement&hellip;<\/p>\n","protected":false},"author":2,"featured_media":0,"parent":501,"menu_order":0,"comment_status":"closed","ping_status":"closed","template":"","meta":{"footnotes":""},"class_list":["post-666","page","type-page","status-publish","hentry"],"yoast_head":"<!-- This site is optimized with the Yoast SEO Premium plugin v15.3 - https:\/\/yoast.com\/wordpress\/plugins\/seo\/ -->\n<title>Entra\u00eenement \u00e0 broches SP - Gruse Maschinenbau<\/title>\n<meta name=\"robots\" content=\"index, follow, max-snippet:-1, max-image-preview:large, max-video-preview:-1\" \/>\n<link rel=\"canonical\" href=\"https:\/\/gruse.de\/fr\/solutions-de-levage\/entrainement-a-broches-sp\/\" \/>\n<meta property=\"og:locale\" content=\"fr_FR\" \/>\n<meta property=\"og:type\" content=\"article\" \/>\n<meta property=\"og:title\" content=\"Entra\u00eenement \u00e0 broches SP - Gruse Maschinenbau\" \/>\n<meta property=\"og:description\" content=\"Table \u00e9l\u00e9vatrice \u00e0 broches SP Positionnement pr\u00e9cis, entra\u00eenement sans huile Les tables \u00e9l\u00e9vatrices \u00e0 ciseaux entra\u00een\u00e9es par broche de la marque Gruse sont un tout nouveau d\u00e9veloppement et surpassent nettement les produits de la concurrence avec un principe brevet\u00e9 de levier \u00e0 genouill\u00e8re pour la transmission de force. Gr\u00e2ce \u00e0 ce principe, un effort nettement&hellip;\" \/>\n<meta property=\"og:url\" content=\"https:\/\/gruse.de\/fr\/solutions-de-levage\/entrainement-a-broches-sp\/\" \/>\n<meta property=\"og:site_name\" content=\"Gruse Maschinenbau\" \/>\n<meta property=\"article:modified_time\" content=\"2018-09-03T10:36:55+00:00\" \/>\n<meta property=\"og:image\" content=\"https:\/\/gruse.de\/wp-content\/uploads\/2017\/07\/gruse_spindelantrieb.jpg\" \/>\n<meta name=\"twitter:card\" content=\"summary_large_image\" \/>\n<meta name=\"twitter:label1\" content=\"\u00c9crit par\">\n\t<meta name=\"twitter:data1\" content=\"\">\n\t<meta name=\"twitter:label2\" content=\"Dur\u00e9e de lecture estim\u00e9e\">\n\t<meta name=\"twitter:data2\" content=\"2 minutes\">\n<script type=\"application\/ld+json\" class=\"yoast-schema-graph\">{\"@context\":\"https:\/\/schema.org\",\"@graph\":[{\"@type\":\"WebSite\",\"@id\":\"https:\/\/gruse.de\/fr\/#website\",\"url\":\"https:\/\/gruse.de\/fr\/\",\"name\":\"Gruse Maschinenbau\",\"description\":\"Maschinenbau Hubtisch Coil Handling F\\u00f6rdertechnik\",\"potentialAction\":[{\"@type\":\"SearchAction\",\"target\":\"https:\/\/gruse.de\/fr\/?s={search_term_string}\",\"query-input\":\"required name=search_term_string\"}],\"inLanguage\":\"fr-FR\"},{\"@type\":\"ImageObject\",\"@id\":\"https:\/\/gruse.de\/fr\/solutions-de-levage\/entrainement-a-broches-sp\/#primaryimage\",\"inLanguage\":\"fr-FR\",\"url\":\"https:\/\/gruse.de\/wp-content\/uploads\/2017\/07\/gruse_spindelantrieb.jpg\"},{\"@type\":\"WebPage\",\"@id\":\"https:\/\/gruse.de\/fr\/solutions-de-levage\/entrainement-a-broches-sp\/#webpage\",\"url\":\"https:\/\/gruse.de\/fr\/solutions-de-levage\/entrainement-a-broches-sp\/\",\"name\":\"Entra\\u00eenement \\u00e0 broches SP - Gruse Maschinenbau\",\"isPartOf\":{\"@id\":\"https:\/\/gruse.de\/fr\/#website\"},\"primaryImageOfPage\":{\"@id\":\"https:\/\/gruse.de\/fr\/solutions-de-levage\/entrainement-a-broches-sp\/#primaryimage\"},\"datePublished\":\"2017-07-20T18:55:15+00:00\",\"dateModified\":\"2018-09-03T10:36:55+00:00\",\"inLanguage\":\"fr-FR\",\"potentialAction\":[{\"@type\":\"ReadAction\",\"target\":[\"https:\/\/gruse.de\/fr\/solutions-de-levage\/entrainement-a-broches-sp\/\"]}]}]}<\/script>\n<!-- \/ Yoast SEO Premium plugin. -->","_links":{"self":[{"href":"https:\/\/gruse.de\/fr\/wp-json\/wp\/v2\/pages\/666","targetHints":{"allow":["GET"]}}],"collection":[{"href":"https:\/\/gruse.de\/fr\/wp-json\/wp\/v2\/pages"}],"about":[{"href":"https:\/\/gruse.de\/fr\/wp-json\/wp\/v2\/types\/page"}],"author":[{"embeddable":true,"href":"https:\/\/gruse.de\/fr\/wp-json\/wp\/v2\/users\/2"}],"replies":[{"embeddable":true,"href":"https:\/\/gruse.de\/fr\/wp-json\/wp\/v2\/comments?post=666"}],"version-history":[{"count":2,"href":"https:\/\/gruse.de\/fr\/wp-json\/wp\/v2\/pages\/666\/revisions"}],"predecessor-version":[{"id":5642,"href":"https:\/\/gruse.de\/fr\/wp-json\/wp\/v2\/pages\/666\/revisions\/5642"}],"up":[{"embeddable":true,"href":"https:\/\/gruse.de\/fr\/wp-json\/wp\/v2\/pages\/501"}],"wp:attachment":[{"href":"https:\/\/gruse.de\/fr\/wp-json\/wp\/v2\/media?parent=666"}],"curies":[{"name":"wp","href":"https:\/\/api.w.org\/{rel}","templated":true}]}}