{"id":7,"date":"2017-06-23T11:11:39","date_gmt":"2017-06-23T09:11:39","guid":{"rendered":"http:\/\/localhost:8888\/wordpress\/?page_id=7"},"modified":"2023-02-23T16:17:42","modified_gmt":"2023-02-23T15:17:42","slug":"home-2","status":"publish","type":"page","link":"https:\/\/gruse.de\/fr\/","title":{"rendered":"Home"},"content":{"rendered":"\n\n\t<script type=\"text\/javascript\">jQuery(function() { _initLayerSlider( '#layerslider_7_1mg17px8nhcpa', {sliderVersion: '6.7.6', allowFullscreen: true, autoStart: false, pauseOnHover: 'enabled', skin: 'v6', sliderFadeInDuration: 350, globalBGSize: 'cover', hoverPrevNext: false, navStartStop: false, navButtons: false, showCircleTimer: false, useSrcset: true, skinsPath: 'https:\/\/gruse.de\/fr\/wp-content\/plugins\/LayerSlider\/assets\/static\/layerslider\/skins\/', performanceMode: true}); });<\/script><div id=\"layerslider_7_1mg17px8nhcpa\"  class=\"ls-wp-container fitvidsignore ls-selectable\" style=\"width:1200px;height:550px;max-width:1200px;margin:0 auto;margin-bottom: 0px;\"><div class=\"ls-slide\" data-ls=\"duration:6000;\"><img loading=\"lazy\" decoding=\"async\" width=\"1200\" height=\"550\" src=\"https:\/\/gruse.de\/fr\/wp-content\/uploads\/sites\/3\/layerslider\/Startseite\/gruse-tischkicker-170607-3.jpg\" class=\"ls-l ls-img-layer\" alt=\"\" srcset=\"https:\/\/gruse.de\/fr\/wp-content\/uploads\/sites\/3\/layerslider\/Startseite\/gruse-tischkicker-170607-3.jpg 1200w, https:\/\/gruse.de\/fr\/wp-content\/uploads\/sites\/3\/layerslider\/Startseite\/gruse-tischkicker-170607-3-700x321.jpg 700w, https:\/\/gruse.de\/fr\/wp-content\/uploads\/sites\/3\/layerslider\/Startseite\/gruse-tischkicker-170607-3-768x352.jpg 768w\" sizes=\"auto, (max-width: 1200px) 100vw, 1200px\" style=\"top:0px;left:0px;text-align:initial;font-weight:400;font-style:normal;text-decoration:none;mix-blend-mode:normal;\" data-ls=\"showinfo:1;position:relative;\"><p style=\"top:276px;left:179px;text-align:initial;font-weight:400;font-style:normal;text-decoration:none;mix-blend-mode:normal;font-size:55px;line-height:67px;color:#ffffff;background:#13588f;padding-left:10px;padding-right:10px;\" class=\"ls-l ls-text-layer\" data-ls=\"showinfo:1;position:relative;\">Nous d\u00e9veloppons<\/p><a href=\"#start\" target=\"_self\" class=\"ls-link ls-link-on-top\"><\/a><\/div><div class=\"ls-slide\" data-ls=\"duration:5000;\"><img loading=\"lazy\" decoding=\"async\" width=\"1138\" height=\"550\" src=\"https:\/\/gruse.de\/fr\/wp-content\/uploads\/sites\/3\/layerslider\/Startseite\/gruse-slider-Hundhausenfraese_1.jpg\" class=\"ls-l ls-img-layer\" alt=\"\" srcset=\"https:\/\/gruse.de\/fr\/wp-content\/uploads\/sites\/3\/layerslider\/Startseite\/gruse-slider-Hundhausenfraese_1.jpg 1138w, https:\/\/gruse.de\/fr\/wp-content\/uploads\/sites\/3\/layerslider\/Startseite\/gruse-slider-Hundhausenfraese_1-700x338.jpg 700w, https:\/\/gruse.de\/fr\/wp-content\/uploads\/sites\/3\/layerslider\/Startseite\/gruse-slider-Hundhausenfraese_1-768x371.jpg 768w\" sizes=\"auto, (max-width: 1138px) 100vw, 1138px\" style=\"top:10px;left:10px;text-align:initial;font-weight:400;font-style:normal;text-decoration:none;mix-blend-mode:normal;\" data-ls=\"showinfo:1;position:relative;\"><p style=\"\n;top:184px;left:125px;text-align:initial;font-weight:400;font-style:normal;text-decoration:none;mix-blend-mode:normal;font-size:55px;line-height:67px;color:#ffffff;background:#13588f;;padding-left:10px;padding-right:10px;\" class=\"ls-l ls-text-layer\" data-ls=\"showinfo:1;position:relative;\">Nous construisons<\/p><\/div><div class=\"ls-slide\" data-ls=\"duration:4000;\"><img decoding=\"async\" src=\"https:\/\/gruse.wp-knowhow.com\/wp-content\/plugins\/LayerSlider\/static\/admin\/img\/blank.gif\" class=\"ls-tn\" alt=\"Slide thumbnail\" \/><img loading=\"lazy\" decoding=\"async\" width=\"1200\" height=\"550\" src=\"https:\/\/gruse.de\/fr\/wp-content\/uploads\/sites\/3\/layerslider\/Startseite\/170607-0181-1.jpg\" class=\"ls-l ls-img-layer\" alt=\"\" srcset=\"https:\/\/gruse.de\/fr\/wp-content\/uploads\/sites\/3\/layerslider\/Startseite\/170607-0181-1.jpg 1200w, https:\/\/gruse.de\/fr\/wp-content\/uploads\/sites\/3\/layerslider\/Startseite\/170607-0181-1-700x321.jpg 700w, https:\/\/gruse.de\/fr\/wp-content\/uploads\/sites\/3\/layerslider\/Startseite\/170607-0181-1-768x352.jpg 768w\" sizes=\"auto, (max-width: 1200px) 100vw, 1200px\" style=\"top:10px;left:10px;text-align:initial;font-weight:400;font-style:normal;text-decoration:none;mix-blend-mode:normal;\" data-ls=\"showinfo:1;position:relative;\"><p style=\"top:226px;left:136px;text-align:initial;font-weight:400;font-style:normal;text-decoration:none;mix-blend-mode:normal;font-size:55px;line-height:67px;color:#ffffff;background:#13588f;padding-left:10px;padding-right:10px;\" class=\"ls-l ls-text-layer\" data-ls=\"showinfo:1;position:relative;\">Nous fabriquons<\/p><\/div><div class=\"ls-slide\" data-ls=\"duration:7000;\"><img loading=\"lazy\" decoding=\"async\" width=\"1500\" height=\"550\" src=\"https:\/\/gruse.de\/fr\/wp-content\/uploads\/sites\/3\/layerslider\/Startseite\/gruse-slider-tietz-1.jpg\" class=\"ls-l ls-img-layer\" alt=\"\" srcset=\"https:\/\/gruse.de\/fr\/wp-content\/uploads\/sites\/3\/layerslider\/Startseite\/gruse-slider-tietz-1.jpg 1500w, https:\/\/gruse.de\/fr\/wp-content\/uploads\/sites\/3\/layerslider\/Startseite\/gruse-slider-tietz-1-700x257.jpg 700w, https:\/\/gruse.de\/fr\/wp-content\/uploads\/sites\/3\/layerslider\/Startseite\/gruse-slider-tietz-1-768x282.jpg 768w, https:\/\/gruse.de\/fr\/wp-content\/uploads\/sites\/3\/layerslider\/Startseite\/gruse-slider-tietz-1-1200x440.jpg 1200w\" sizes=\"auto, (max-width: 1500px) 100vw, 1500px\" style=\"top:0px;left:0px;text-align:initial;font-weight:400;font-style:normal;text-decoration:none;mix-blend-mode:normal;\" data-ls=\"showinfo:1;position:relative;\"><p style=\"top:211px;left:569px;text-align:initial;font-weight:400;font-style:normal;text-decoration:none;mix-blend-mode:normal;font-size:55px;color:#ffffff;background:#13588f;padding-right:10px;padding-left:10px;\" class=\"ls-l ls-text-layer\" data-ls=\"showinfo:1;position:relative;\">machines par excellence<\/p><p style=\"top:131px;left:620px;text-align:initial;font-weight:400;font-style:normal;text-decoration:none;mix-blend-mode:normal;font-size:55px;color:#ffffff;background:#13588f;padding-right:10px;padding-left:10px;\" class=\"ls-l ls-text-layer\" data-ls=\"showinfo:1;position:relative;\">Construction de<\/p><\/div><\/div>\n<h1>\n\t\tNous simplifions encore davantage votre travail au quotidien et le rendons encore plus s\u00fbr et flexible.\n\t<\/h1>\n<h3>\n\t\tNous construisons des machines, qui am\u00e9liorent la pr\u00e9cision et l&rsquo;efficience de vos processus de production et garantissent une manutention optimale du mat\u00e9riel.\n\t<\/h3>\n\t<p>Nous sommes constructeurs de machines. Avec corps et \u00e2me. La r\u00e9solution de probl\u00e8mes techniques est notre passion. Et nous ne baissons pas les bras lorsque les choses se compliquent.<\/p>\n\t<p>Nous avons toujours une longueur d&rsquo;avance afin de pouvoir satisfaire aux exigences de demain de nos clients.<\/p>\n\n<h3>\n\t\tAvez vous des questions?\n\t<\/h3>\n<h4>\n\t\tN&rsquo;h\u00e9sitez pas \u00e0 nous contacter. Nous nous ferons un plaisir de vous aider.\n\t<\/h4>\n\t\t\t<a href=\"#kontakt\" target=\"_self\" role=\"button\" rel=\"noopener\">\n\t\t\t\t\t\tFormulaire de contact\n\t\t\t\t\t<\/a>\n<h2>\n\t\tVotre sp\u00e9cialiste pour les solutions sur mesure\n\t<\/h2>\n\t<p>Au cours des 20\u00a0derni\u00e8res ann\u00e9es, nous sommes devenus, avec nos solutions de levage innovantes, l&rsquo;un des num\u00e9ros uns de la fabrication de tables \u00e9l\u00e9vatrices en Allemagne et en Europe.<\/p>\n<p>\u00c0 l&rsquo;heure actuelle, de plus en plus de clients nous demandent des solutions sp\u00e9ciales, adapt\u00e9es \u00e0 leurs processus de production et de fabrication et \u00e0 leur logistique.<\/p>\n\t<p>85 % de nos machines sont, par cons\u00e9quent, des fabrications hors s\u00e9rie, qui combinent les techniques de levage et de manutention avec des machines d&rsquo;usinage ou des machines-outils. Adapt\u00e9es de mani\u00e8re individuelle aux exigences actuelles, elles s&rsquo;int\u00e8grent parfaitement aux lignes existantes ou sont disponibles sous forme de solutions cl\u00e9s en main.<\/p>\n\t<h3>Construction de machines<\/h3>\n<h4>Manutention de bobines, manutention du mat\u00e9riel et lignes de montage<\/h4>\n<p>En tant que sp\u00e9cialiste de la fabrication hors s\u00e9rie, nous poss\u00e9dons une grande exp\u00e9rience des charges lourdes, comme par exemple dans le secteur de la manutention de bobines. C\u00f4t\u00e9 bobinage et d\u00e9bobinage, nous veillons \u00e0 un flux optimal du mat\u00e9riel sur vos lignes avec de courts temps de transfert du mat\u00e9riel.<\/p>\n<p>Nos lignes de montage s&rsquo;int\u00e8grent \u00e0 merveille \u00e0 votre production et garantissent une disponibilit\u00e9 permanente. Gr\u00e2ce \u00e0 notre longue exp\u00e9rience, nous sommes en mesure d&rsquo;\u00e9laborer, de fabriquer et de mettre en service des solutions adapt\u00e9es sur mesure \u00e0 vos probl\u00e8mes.<\/p>\n<p>&nbsp;<\/p>\n\t\t\t<a href=\"\/fr\/construction-de-machines\" target=\"_self\" role=\"button\" rel=\"noopener\">\n\t\t\t\t\t\t\tEN SAVOIR PLUS\n\t\t\t\t\t<\/a>\n\t\t\t\t<img decoding=\"async\" src=\"https:\/\/gruse.de\/wp-content\/uploads\/2017\/06\/coilhandling-400x400.png\" alt=\"coilhandling\" itemprop=\"image\" title=\"coilhandling\" onerror=\"this.style.display='none'\"  \/>\n<h2>\n\t\tUne production en s\u00e9rie de qualit\u00e9\n\t<\/h2>\n\t<p>En 1995, l&rsquo;entreprise Gruse d\u00e9veloppe le syst\u00e8me modulaire ELS en tant que pi\u00e8ce centrale pour la production de nos tables \u00e9l\u00e9vatrices. De nombreuses variantes d&rsquo;application, telles qu&rsquo;ELD et ELT par exemple, reposent sur cette table \u00e9l\u00e9vatrice. En tant que table \u00e9l\u00e9vatrice \u00e0 doubles ciseaux, le mod\u00e8le ELD se distingue par sa particuli\u00e8rement grande course utile.<\/p>\n\t<p>Lorsqu&rsquo;une plateforme particuli\u00e8rement longue est requise, nous proposons le mod\u00e8le ELT \u00e0 ciseaux en tandem. Les avantages de notre syst\u00e8me modulaire reposent sur une multitude de domaines d&rsquo;application.<\/p>\n\t\t\t\t<img decoding=\"async\" src=\"https:\/\/gruse.de\/wp-content\/uploads\/2017\/07\/gruse-hubtisch-els-6-8-so.jpg\" alt=\"Hubtische_Eurolift_de_5c_druckversion_grau\" itemprop=\"image\" title=\"Hubtische_Eurolift_de_5c_druckversion_grau\" onerror=\"this.style.display='none'\"  \/>\n<h3>Tables \u00e9l\u00e9vatrices ELS | ELD | ELT<\/h3>\n<h4>Le syst\u00e8me polyvalent<\/h4>\n<p>Avec des charges utiles de 500 \u00e0 10 000 kg, les tables \u00e9l\u00e9vatrices ELS, ELD et ELT peuvent, avec leur vaste gamme d&rsquo;accessoires, \u00eatre employ\u00e9es comme tables \u00e9l\u00e9vatrices de montage, tables \u00e9l\u00e9vatrices de quai, plateformes \u00e9l\u00e9vatrices et bien plus encore.<\/p>\n<p>Dans de nombreux \u00e9tablissements, une table \u00e9l\u00e9vatrice construite sur mesure constitue une solution id\u00e9ale pour des processus de fabrication efficients et optimis\u00e9s.<\/p>\n<p>Nos machines satisfont aux exigences europ\u00e9ennes de la norme DIN EN 1570.<\/p>\n\t\t\t<a href=\"\/fr\/solutions-de-levage\" target=\"_self\" role=\"button\" rel=\"noopener\">\n\t\t\t\t\t\t\tEN SAVOIR PLUS\n\t\t\t\t\t<\/a>\n<h2>\n\t\tL&rsquo;entreprise\n\t<\/h2>\n\t\t\t\t<img loading=\"lazy\" decoding=\"async\" src=\"https:\/\/gruse.de\/fr\/wp-content\/uploads\/sites\/3\/2023\/02\/Gruse-Unternehmen1-5_20230206.png\" alt=\"Gruse Maschinenbau\" itemprop=\"image\" height=\"847\" width=\"1875\" title=\"Gruse Maschinenbau\" onerror=\"this.style.display='none'\"  \/>\n\t<p>Notre entreprise riche en tradition op\u00e8re \u00e0 l&rsquo;\u00e9chelle internationale avec un grand succ\u00e8s dans le secteur de la construction de machines hors s\u00e9rie. En tant que d\u00e9veloppeur et fabricant de solutions exigeantes et individuelles de syst\u00e8mes de levage et de manutention d\u00e9di\u00e9s \u00e0 la gestion du transport et du mat\u00e9riel en interne, nous sommes devenus l&rsquo;un des partenaires les plus sollicit\u00e9s de la branche au cours des derni\u00e8res d\u00e9cennies.<\/p>\n\t\t\t<a href=\"\/fr\/a-propos-de-gruse\" target=\"_self\" role=\"button\" rel=\"noopener\">\n\t\t\t\t\t\t\tEN SAVOIR PLUS\n\t\t\t\t\t<\/a>\n<h2>\n\t\tNos machines sont employ\u00e9es par\n\t<\/h2>\n\t<h3>ainsi que par<\/h3>\n<p>3M Deutschland GmbH | AEG AG | AEG Lichttechnik GmbH | AEG Z\u00e4hler | Airbus | AUDI AG | Bahm\u00fcller BASF | BASF Magnetics GmbH | Baum\u00fcller Anlagen-Systeme | Bayer AG | Bayerischer Rundfunk | Blaupunkt Werke GmbH | BMW AG | BMW AG Sparte Motorrad | Bosch-Siemens Hausger\u00e4te GmbH | Br\u00f6tje Automation | Bundespost Direktion | C&amp;A Mode GmbH &amp; Co. KG | Claas KGaA | Continental AG | Daimler-Benz | Aerospace AG | Deutsche Bahn AG | Deutsche Grammophon | Deutsche Lufthansa AG | Deutsche Shell AG | Deuzer Maschinenfabrik | Heitze GmbH &amp; Co. KG | Dr\u00e4gerwerk | DUNLOP GmbH | D\u00fcrkopp Adler AG | EDE EUROCOPTER Deutschland GmbH | FAG Kugelfischer Forschungszentrum J\u00fclich GmbH | Gaerner Gea Westfalia GmbH | Grundfos Pumpenfabrik GmbH | Hako-Werke GmbH &amp;Co. | Heraeus Elektrochemie | Hoechst AG | Hoechst Schering AgrEvo | ITT Automotive Europe GmbH | Jungheinrich AG | Kaiser + Kraft | KARDEX Organisation | KELLOGG (DEUTSCHLAND) | Keuco GmbH &amp; Co. KG | Kl\u00f6ckner-Moeller GmbH | Knorr-Bremse Systeme | K\u00f6gel Fahrzeugwerke AG | MAN Nutzfahrzeuge AG | Mannesmann Rexroth | Mannesmann-Demag-Sack Ratingen | Mercedes -Benz AG | Miele &amp; Cie. GmbH &amp; Co. | Minda Industrieanlagen GmbH | Nestle Deutschland AG | Noell Service Nord-West | Otto-Versand | Phoenix AG | Porsche AG | Premium Aerotec GmbH | Procter&amp;Gamble GmbH &amp; Co. | PSA Technology GmbH | RBB Rittal-Werk | ROBERT BOSCH GmbH | Rolf Benz AG | Ruhrkohle Bergbau AG | RWE Energie Schaeffler KG | Schenker Eurocargo | SieMatic-M\u00f6belwerke | Siemens | Stephan Machinery GmbH | Stiebel Eltron GmbH &amp; Co. KG | STILL GmbH | Thyssen Aufz\u00fcge GmbH | Thyssen Guss AG | Umdasch AG | Volkswagen AG | VOLVO Busse Deutschland | Wilhelm Karmann GmbH<\/p>\n<h2>\n\t\tComment pouvons-nous vous \u00eatre utiles\u00a0?\n\t<\/h2>\n\t\n<div class=\"wpcf7 no-js\" id=\"wpcf7-f4483-o1\" lang=\"de-DE\" dir=\"ltr\" data-wpcf7-id=\"4483\">\n<div class=\"screen-reader-response\"><p role=\"status\" aria-live=\"polite\" aria-atomic=\"true\"><\/p> <ul><\/ul><\/div>\n<form action=\"\/fr\/wp-json\/wp\/v2\/pages\/7#wpcf7-f4483-o1\" method=\"post\" class=\"wpcf7-form init\" aria-label=\"Kontaktformular\" novalidate=\"novalidate\" data-status=\"init\">\n<fieldset class=\"hidden-fields-container\"><input type=\"hidden\" name=\"_wpcf7\" value=\"4483\" \/><input type=\"hidden\" name=\"_wpcf7_version\" value=\"6.1.5\" \/><input type=\"hidden\" name=\"_wpcf7_locale\" value=\"de_DE\" \/><input type=\"hidden\" name=\"_wpcf7_unit_tag\" value=\"wpcf7-f4483-o1\" \/><input type=\"hidden\" name=\"_wpcf7_container_post\" value=\"0\" \/><input type=\"hidden\" name=\"_wpcf7_posted_data_hash\" value=\"\" \/><input type=\"hidden\" name=\"_wpcf7dtx_version\" value=\"5.0.5\" \/>\n<\/fieldset>\n<h4>Votre nom\n<\/h4>\n<p><label><span class=\"wpcf7-form-control-wrap\" data-name=\"your-name\"><input size=\"40\" maxlength=\"400\" class=\"wpcf7-form-control wpcf7-text wpcf7-validates-as-required\" aria-required=\"true\" aria-invalid=\"false\" value=\"\" type=\"text\" name=\"your-name\" \/><\/span> <\/label>\n<\/p>\n<h4>Votre adresse courriel\n<\/h4>\n<p><label> <span class=\"wpcf7-form-control-wrap\" data-name=\"your-email\"><input size=\"40\" maxlength=\"400\" class=\"wpcf7-form-control wpcf7-email wpcf7-validates-as-required wpcf7-text wpcf7-validates-as-email\" aria-required=\"true\" aria-invalid=\"false\" value=\"\" type=\"email\" name=\"your-email\" \/><\/span> <\/label>\n<\/p>\n<h4>Votre message\n<\/h4>\n<p><label> <span class=\"wpcf7-form-control-wrap\" data-name=\"your-message\"><textarea cols=\"40\" rows=\"10\" maxlength=\"2000\" class=\"wpcf7-form-control wpcf7-textarea\" aria-invalid=\"false\" name=\"your-message\"><\/textarea><\/span> <\/label><br \/>\n<span id=\"wpcf7-69d8d89712e78-wrapper\" class=\"wpcf7-form-control-wrap honeypot-17-wrap\" style=\"display:none !important; visibility:hidden !important;\"><label for=\"wpcf7-69d8d89712e78-field\" class=\"hp-message\">Bitte lasse dieses Feld leer.<\/label><input id=\"wpcf7-69d8d89712e78-field\"  class=\"wpcf7-form-control wpcf7-text\" type=\"text\" name=\"honeypot-17\" value=\"\" size=\"40\" tabindex=\"-1\" autocomplete=\"new-password\" \/><\/span><br \/>\n<input class=\"wpcf7-form-control wpcf7-submit has-spinner\" type=\"submit\" value=\"Envoyer\" \/>\n<\/p><div class=\"wpcf7-response-output\" aria-hidden=\"true\"><\/div>\n<\/form>\n<\/div>\n\n\n","protected":false},"excerpt":{"rendered":"<p>Nous simplifions encore davantage votre travail au quotidien et le rendons encore plus s\u00fbr et flexible. Nous construisons des machines, qui am\u00e9liorent la pr\u00e9cision et l&rsquo;efficience de vos processus de production et garantissent une manutention optimale du mat\u00e9riel. Nous sommes constructeurs de machines. Avec corps et \u00e2me. La r\u00e9solution de probl\u00e8mes techniques est notre passion.&hellip;<\/p>\n","protected":false},"author":2,"featured_media":0,"parent":0,"menu_order":0,"comment_status":"closed","ping_status":"closed","template":"","meta":{"footnotes":""},"class_list":["post-7","page","type-page","status-publish","hentry"],"yoast_head":"<!-- This site is optimized with the Yoast SEO Premium plugin v15.3 - https:\/\/yoast.com\/wordpress\/plugins\/seo\/ -->\n<title>Home - Gruse Maschinenbau<\/title>\n<meta name=\"robots\" content=\"index, follow, max-snippet:-1, max-image-preview:large, max-video-preview:-1\" \/>\n<link rel=\"canonical\" href=\"https:\/\/gruse.de\/fr\/\" \/>\n<meta property=\"og:locale\" content=\"fr_FR\" \/>\n<meta property=\"og:type\" content=\"article\" \/>\n<meta property=\"og:title\" content=\"Home - Gruse Maschinenbau\" \/>\n<meta property=\"og:description\" content=\"Nous simplifions encore davantage votre travail au quotidien et le rendons encore plus s\u00fbr et flexible. Nous construisons des machines, qui am\u00e9liorent la pr\u00e9cision et l&rsquo;efficience de vos processus de production et garantissent une manutention optimale du mat\u00e9riel. Nous sommes constructeurs de machines. Avec corps et \u00e2me. La r\u00e9solution de probl\u00e8mes techniques est notre passion.&hellip;\" \/>\n<meta property=\"og:url\" content=\"https:\/\/gruse.de\/fr\/\" \/>\n<meta property=\"og:site_name\" content=\"Gruse Maschinenbau\" \/>\n<meta property=\"article:modified_time\" content=\"2023-02-23T15:17:42+00:00\" \/>\n<meta property=\"og:image\" content=\"https:\/\/gruse.de\/wp-content\/uploads\/2017\/06\/coilhandling-400x400.png\" \/>\n<meta name=\"twitter:card\" content=\"summary_large_image\" \/>\n<meta name=\"twitter:label1\" content=\"\u00c9crit par\">\n\t<meta name=\"twitter:data1\" content=\"\">\n\t<meta name=\"twitter:label2\" content=\"Dur\u00e9e de lecture estim\u00e9e\">\n\t<meta name=\"twitter:data2\" content=\"3 minutes\">\n<script type=\"application\/ld+json\" class=\"yoast-schema-graph\">{\"@context\":\"https:\/\/schema.org\",\"@graph\":[{\"@type\":\"WebSite\",\"@id\":\"https:\/\/gruse.de\/fr\/#website\",\"url\":\"https:\/\/gruse.de\/fr\/\",\"name\":\"Gruse Maschinenbau\",\"description\":\"Maschinenbau Hubtisch Coil Handling F\\u00f6rdertechnik\",\"potentialAction\":[{\"@type\":\"SearchAction\",\"target\":\"https:\/\/gruse.de\/fr\/?s={search_term_string}\",\"query-input\":\"required name=search_term_string\"}],\"inLanguage\":\"fr-FR\"},{\"@type\":\"ImageObject\",\"@id\":\"https:\/\/gruse.de\/fr\/#primaryimage\",\"inLanguage\":\"fr-FR\",\"url\":\"https:\/\/gruse.de\/wp-content\/uploads\/2017\/06\/coilhandling-400x400.png\"},{\"@type\":\"WebPage\",\"@id\":\"https:\/\/gruse.de\/fr\/#webpage\",\"url\":\"https:\/\/gruse.de\/fr\/\",\"name\":\"Home - Gruse Maschinenbau\",\"isPartOf\":{\"@id\":\"https:\/\/gruse.de\/fr\/#website\"},\"primaryImageOfPage\":{\"@id\":\"https:\/\/gruse.de\/fr\/#primaryimage\"},\"datePublished\":\"2017-06-23T09:11:39+00:00\",\"dateModified\":\"2023-02-23T15:17:42+00:00\",\"inLanguage\":\"fr-FR\",\"potentialAction\":[{\"@type\":\"ReadAction\",\"target\":[\"https:\/\/gruse.de\/fr\/\"]}]}]}<\/script>\n<!-- \/ Yoast SEO Premium plugin. -->","_links":{"self":[{"href":"https:\/\/gruse.de\/fr\/wp-json\/wp\/v2\/pages\/7","targetHints":{"allow":["GET"]}}],"collection":[{"href":"https:\/\/gruse.de\/fr\/wp-json\/wp\/v2\/pages"}],"about":[{"href":"https:\/\/gruse.de\/fr\/wp-json\/wp\/v2\/types\/page"}],"author":[{"embeddable":true,"href":"https:\/\/gruse.de\/fr\/wp-json\/wp\/v2\/users\/2"}],"replies":[{"embeddable":true,"href":"https:\/\/gruse.de\/fr\/wp-json\/wp\/v2\/comments?post=7"}],"version-history":[{"count":10,"href":"https:\/\/gruse.de\/fr\/wp-json\/wp\/v2\/pages\/7\/revisions"}],"predecessor-version":[{"id":6080,"href":"https:\/\/gruse.de\/fr\/wp-json\/wp\/v2\/pages\/7\/revisions\/6080"}],"wp:attachment":[{"href":"https:\/\/gruse.de\/fr\/wp-json\/wp\/v2\/media?parent=7"}],"curies":[{"name":"wp","href":"https:\/\/api.w.org\/{rel}","templated":true}]}}