{"id":776,"date":"2017-07-21T05:25:35","date_gmt":"2017-07-21T03:25:35","guid":{"rendered":"http:\/\/gruse.de\/?page_id=776"},"modified":"2020-04-02T07:34:39","modified_gmt":"2020-04-02T05:34:39","slug":"construction-de-machines","status":"publish","type":"page","link":"https:\/\/gruse.de\/fr\/construction-de-machines\/","title":{"rendered":"Construction de machines"},"content":{"rendered":"<h1>\n\t\tConstruction de machines par excellence\n\t<\/h1>\n<h2>\n\t\tFabrications hors s\u00e9rie adapt\u00e9es aux exigences individuelles des clients\n\t<\/h2>\n\t<p>Nous sommes constructeurs de machines, avec corps et \u00e2me. Nous construisons des machines depuis presque 150 ans : au d\u00e9part des machines agricoles et, par la suite, des syst\u00e8mes de levage et des appareils d\u00e9di\u00e9s \u00e0 la manutention du mat\u00e9riel. Depuis plus de 10 ans, nous fabriquons \u00e9galement des machines sp\u00e9ciales, qui r\u00e9pondent aux exigences tr\u00e8s individuelles de nos clients.<\/p>\n<p>Bien souvent, nous sommes amen\u00e9s \u00e0 combiner les machines d\u2019usinage et machines-outils avec les techniques de levage et de manutention, en vue de l\u2019int\u00e9gration aux lignes de fabrication ou de production existantes ou de l\u2019extension de ces derni\u00e8res. \u00c0 l\u2019heure actuelle, la demande est si grande que les fabrications hors s\u00e9rie adapt\u00e9es aux exigences individuelles de nos clients sont devenues notre activit\u00e9 principale.<\/p>\n\t\t\t\t<img decoding=\"async\" src=\"https:\/\/gruse.de\/wp-content\/uploads\/2017\/07\/Gruse-Maschinenbau-Coilhandling-1.jpg\" alt=\"Gruse-Maschinenbau-Coilhandling-1\" title=\"Gruse-Maschinenbau-Coilhandling-1\" \/>\n<h3>\n\t\tExactement la machine dont vous avez besoin\n\t<\/h3>\n\t<p>Afin que nous puissions construire votre machine id\u00e9ale, notre travail commence par une analyse d\u00e9taill\u00e9e de vos besoins. Nous d\u00e9finirons ensemble vos exigences et examinerons les conditions locales.<\/p>\n\t<p>La pi\u00e8ce \u00e0 usiner doit-elle \u00eatre inclin\u00e9e, usin\u00e9e, convoy\u00e9e ou transport\u00e9e ? Ou une combinaison de toutes ces possibilit\u00e9s ? Souhaitez-vous l\u2019int\u00e9gration \u00e0 une ligne existante ou une solution autonome ?<\/p>\n<p>Appelez-nous, nous nous chargeons du reste.<\/p>\n<h3>\n\t\tNous nous ferons un plaisir de vous aider\n\t<\/h3>\n\t\n<div class=\"wpcf7 no-js\" id=\"wpcf7-f4483-o1\" lang=\"de-DE\" dir=\"ltr\" data-wpcf7-id=\"4483\">\n<div class=\"screen-reader-response\"><p role=\"status\" aria-live=\"polite\" aria-atomic=\"true\"><\/p> <ul><\/ul><\/div>\n<form action=\"\/fr\/wp-json\/wp\/v2\/pages\/776#wpcf7-f4483-o1\" method=\"post\" class=\"wpcf7-form init\" aria-label=\"Kontaktformular\" novalidate=\"novalidate\" data-status=\"init\">\n<fieldset class=\"hidden-fields-container\"><input type=\"hidden\" name=\"_wpcf7\" value=\"4483\" \/><input type=\"hidden\" name=\"_wpcf7_version\" value=\"6.1.5\" \/><input type=\"hidden\" name=\"_wpcf7_locale\" value=\"de_DE\" \/><input type=\"hidden\" name=\"_wpcf7_unit_tag\" value=\"wpcf7-f4483-o1\" \/><input type=\"hidden\" name=\"_wpcf7_container_post\" value=\"0\" \/><input type=\"hidden\" name=\"_wpcf7_posted_data_hash\" value=\"\" \/><input type=\"hidden\" name=\"_wpcf7dtx_version\" value=\"5.0.5\" \/>\n<\/fieldset>\n<h4>Votre nom\n<\/h4>\n<p><label><span class=\"wpcf7-form-control-wrap\" data-name=\"your-name\"><input size=\"40\" maxlength=\"400\" class=\"wpcf7-form-control wpcf7-text wpcf7-validates-as-required\" aria-required=\"true\" aria-invalid=\"false\" value=\"\" type=\"text\" name=\"your-name\" \/><\/span> <\/label>\n<\/p>\n<h4>Votre adresse courriel\n<\/h4>\n<p><label> <span class=\"wpcf7-form-control-wrap\" data-name=\"your-email\"><input size=\"40\" maxlength=\"400\" class=\"wpcf7-form-control wpcf7-email wpcf7-validates-as-required wpcf7-text wpcf7-validates-as-email\" aria-required=\"true\" aria-invalid=\"false\" value=\"\" type=\"email\" name=\"your-email\" \/><\/span> <\/label>\n<\/p>\n<h4>Votre message\n<\/h4>\n<p><label> <span class=\"wpcf7-form-control-wrap\" data-name=\"your-message\"><textarea cols=\"40\" rows=\"10\" maxlength=\"2000\" class=\"wpcf7-form-control wpcf7-textarea\" aria-invalid=\"false\" name=\"your-message\"><\/textarea><\/span> <\/label><br \/>\n<span id=\"wpcf7-69d8d557bdfb3-wrapper\" class=\"wpcf7-form-control-wrap honeypot-17-wrap\" style=\"display:none !important; visibility:hidden !important;\"><label for=\"wpcf7-69d8d557bdfb3-field\" class=\"hp-message\">Bitte lasse dieses Feld leer.<\/label><input id=\"wpcf7-69d8d557bdfb3-field\"  class=\"wpcf7-form-control wpcf7-text\" type=\"text\" name=\"honeypot-17\" value=\"\" size=\"40\" tabindex=\"-1\" autocomplete=\"new-password\" \/><\/span><br \/>\n<input class=\"wpcf7-form-control wpcf7-submit has-spinner\" type=\"submit\" value=\"Envoyer\" \/>\n<\/p><div class=\"wpcf7-response-output\" aria-hidden=\"true\"><\/div>\n<\/form>\n<\/div>\n\n\t<p>N\u2019h\u00e9sitez pas \u00e0 m\u2019appeler ou utilisez notre formulaire de contact.<\/p>\n<h3>T\u00e9l.: +49 5154 9510-0<\/h3>\n\t\t\t\t<a href=\"https:\/\/gruse.de\/fr\/wp-content\/uploads\/sites\/3\/2017\/07\/Gruse-Maschinenbau-Abstapelanlage-kl-2.jpg\" target=\"_self\" rel=\"noopener noreferrer\">\n\t\t\t\t<img decoding=\"async\" src=\"https:\/\/gruse.de\/wp-content\/uploads\/2017\/07\/Gruse-Maschinenbau-Abstapelanlage-kl.jpg\" alt=\"Gruse-Maschinenbau-Abstapelanlage-kl\" title=\"Gruse-Maschinenbau-Abstapelanlage-kl\" \/>\n\t\t\t\t<\/a>\n<h3><strong>Ligne de d\u00e9pilage avec rampes escamotables pour l\u2019industrie automobile<\/strong><\/h3>\n<h4><strong>Un flux du mat\u00e9riel sans discontinuit\u00e9<\/strong><\/h4>\n<p>La ligne de d\u00e9pilage d\u00e9velopp\u00e9e par Gruse est l\u2019\u00e9l\u00e9ment central d\u2019un dispositif d\u2019alimentation automatique destin\u00e9 au montage de pneumatiques dans l\u2019industrie automobile. Les syst\u00e8mes de levage autonomes permettent un chargement continu des lignes de montage en aval. Les groupes hydrauliques performants et redondants garantissent la poursuite de la production avec les deux tables \u00e9l\u00e9vatrices, m\u00eame en cas de panne de l\u2019un des groupes. Le remplacement de pi\u00e8ces de rechange en moins d\u2019une heure est garanti au moyen de connecteurs ou raccords \u00e0 vis. Cela offre \u00e9galement une plus grande disponibilit\u00e9 pour le flux de production.<\/p>\n<p><strong>Profil en bref<\/strong><\/p>\n<ul>\n<li><strong>2\u00a0syst\u00e8mes de levage ind\u00e9pendants pour un fonctionnement permanent<\/strong><\/li>\n<li><strong>S\u00e9curit\u00e9 de production gr\u00e2ce \u00e0 des groupes hydrauliques redondants<\/strong><\/li>\n<li><strong>Grande disponibilit\u00e9 gr\u00e2ce au remplacement rapide des pi\u00e8ces de rechange en moins d\u2019une heure<\/strong><\/li>\n<\/ul>\n\t<h3>Coilhandling<\/h3>\n<h4><strong>Chariot \u00e9l\u00e9vateur \u00e0 bobines pour la manutention de mat\u00e9riel jusqu\u2019\u00e0 50\u00a0t<\/strong><\/h4>\n<p>En tant que sp\u00e9cialiste des fabrications hors s\u00e9rie dans le secteur des charges lourdes, nous poss\u00e9dons une grande exp\u00e9rience dans la manutention de bobines jusqu\u2019\u00e0 50\u00a0t. Nous garantissons ainsi, c\u00f4t\u00e9 bobinage et d\u00e9bobinage, un flux du mat\u00e9riel optimal avec de courts temps de transfert du mat\u00e9riel.<\/p>\n<p>Nous avons d\u00e9velopp\u00e9 et fabriqu\u00e9 ce chariot \u00e9l\u00e9vateur sp\u00e9cialement pour le transport de bobines. La table \u00e9l\u00e9vatrice \u00e0 ciseaux compacte se d\u00e9place sur un dispositif de roulement sur rails entra\u00een\u00e9. Pour le pr\u00e9l\u00e8vement des bobines, le chariot \u00e9l\u00e9vateur \u00e0 bobines est \u00e9quip\u00e9 d\u2019un dispositif de r\u00e9ception appropri\u00e9.<\/p>\n<p><strong>Profil en bref<\/strong><\/p>\n<ul>\n<li><strong>Charges utiles jusqu\u2019\u00e0 50\u00a0t<\/strong><\/li>\n<li><strong>D\u00e9placement sur rails 5\u00a0000\u00a0mm<\/strong><\/li>\n<li><strong>Diam\u00e8tre des bobines jusqu\u2019\u00e0 2\u00a0150\u00a0mm<\/strong><\/li>\n<\/ul>\n<p>&nbsp;<\/p>\n\t\t\t\t<a href=\"https:\/\/gruse.de\/fr\/wp-content\/uploads\/sites\/3\/2017\/06\/coilhandling-2.png\" target=\"_self\" rel=\"noopener noreferrer\">\n\t\t\t\t<img decoding=\"async\" src=\"https:\/\/gruse.de\/wp-content\/uploads\/2017\/06\/coilhandling-700x677.png\" alt=\"coilhandling\" title=\"coilhandling\" \/>\n\t\t\t\t<\/a>\n\t\t\t\t<a href=\"https:\/\/gruse.de\/fr\/wp-content\/uploads\/sites\/3\/2018\/06\/Hundhausenfraese-fin-1.jpg\" target=\"_self\" rel=\"noopener noreferrer\">\n\t\t\t\t<img decoding=\"async\" src=\"https:\/\/gruse.de\/wp-content\/uploads\/2018\/06\/Hundhausenfraese-fin-700x338.jpg\" alt=\"Hundhausenfraese-fin\" title=\"Hundhausenfraese-fin\" \/>\n\t\t\t\t<\/a>\n<h3>\n\t\tFraiseuse CNC \u00e0 passage sup\u00e9rieur pour fonderie\n\t<\/h3>\n<h4>\n\t\tFraisage pr\u00e9cis et rapide de canaux de coul\u00e9e dans le sable de fonderie\n\t<\/h4>\n\t<p>Pour les fonderies, Gruse a d\u00e9velopp\u00e9 et construit une fraiseuse CNC \u00e0 passage sup\u00e9rieur\u00a0\/ entonnoir. La machine fraise les passages sup\u00e9rieurs des contrech\u00e2ssis d\u2019une ligne de moulage via programme CNC. Deux dispositifs de fraisage \u00e0 entonnoir avec commande CNC autonome permettent l\u2019al\u00e9sage d\u2019entonnoirs ou le fraisage de bassins de coul\u00e9e. Les avantages sont notamment des surfaces de pi\u00e8ces frais\u00e9es de grande pr\u00e9cision avec une qualit\u00e9 optimale et des temps de cycle extr\u00eamement courts. Cette solution sur mesure a \u00e9t\u00e9 int\u00e9gr\u00e9e \u00e0 la ligne existante de la fonderie.<\/p>\n<p><strong>Profil en bref<\/strong><\/p>\n<ul>\n<li><strong>Taille (longueur x hauteur)\u00a0: env. 10\u00a0000\u00a0mm x 2\u00a0500\u00a0mm <\/strong><\/li>\n<li><strong>Rapidit\u00e9 gr\u00e2ce \u00e0 des temps de cycle extr\u00eamement courts, respectivement gr\u00e2ce \u00e0 la cadence de production adapt\u00e9e \u00e0 la ligne <\/strong><\/li>\n<li><strong>Qualit\u00e9 optimale\u00a0: grande pr\u00e9cision et reproductibilit\u00e9 des structures de fraisage<\/strong><\/li>\n<\/ul>\n<h3><strong>Ligne de montage pour fabricant de ventilateurs<\/strong><\/h3>\n<h4><strong>Levage, basculement, rotation, montage et convoyage<\/strong><\/h4>\n<p>Pour un fabricant de ventilateurs et de compresseurs \u00e0 vis hautes performances, Gruse a construit, fabriqu\u00e9 et install\u00e9 une ligne de montage sur site. La ligne de montage se compose de 4\u00a0tables \u00e9l\u00e9vatrices basculantes et de 6\u00a0porteurs de charge avec dispositif de roulement sur rails ronds. Les porteurs de charge sont munis d\u2019un listel de montage et leur taille est l\u00e9g\u00e8rement inf\u00e9rieure \u00e0 celle des tables \u00e9l\u00e9vatrices basculantes. Les porteurs de charge sont d\u00e9plac\u00e9s sur des rails au-dessus des tables \u00e9l\u00e9vatrices basculantes puis fix\u00e9s par un dispositif hydraulique. Ils peuvent ensuite \u00eatre soulev\u00e9s et bascul\u00e9s. La rotation s\u2019effectue \u00e0 la main et est possible en position horizontale, avec un blocage dans 4\u00a0positions respectivement \u00e0 90\u00a0degr\u00e9s. De cette mani\u00e8re, les groupes avec un poids \u00e0 concurrence de 2\u00a0000\u00a0kg peuvent \u00eatre amen\u00e9s dans une position de travail ergonomique aux fins de montage.<\/p>\n<p><strong>Profil en bref<\/strong><\/p>\n<ul>\n<li><strong>4\u00a0tables \u00e9l\u00e9vatrices basculantes<\/strong><\/li>\n<li><strong>6\u00a0porteurs de charge<\/strong><\/li>\n<li><strong>Dispositif de roulement sur rails ronds<\/strong><\/li>\n<\/ul>\n<p>&nbsp;<\/p>\n\t\t\t\t<a href=\"https:\/\/gruse.de\/fr\/wp-content\/uploads\/sites\/3\/2017\/07\/Hub_Kipp_Komplett_2-2.jpg\" target=\"_self\" rel=\"noopener noreferrer\">\n\t\t\t\t<img decoding=\"async\" src=\"https:\/\/gruse.de\/wp-content\/uploads\/2017\/07\/Hub_Kipp_Komplett_2.jpg\" alt=\"Hub_Kipp_Komplett_2\" title=\"Hub_Kipp_Komplett_2\" \/>\n\t\t\t\t<\/a>\n<h3>\n\t\tVous \u00eates \u00e0 la recherche d\u2019une machine ou d\u2019une ligne particuli\u00e8re ?\n\t<\/h3>\n<h4>\n\t\tIl vous suffit de nous appeler ou de compl\u00e9ter notre formulaire de contact.\n\t<\/h4>\n","protected":false},"excerpt":{"rendered":"<p>Construction de machines par excellence Fabrications hors s\u00e9rie adapt\u00e9es aux exigences individuelles des clients Nous sommes constructeurs de machines, avec corps et \u00e2me. Nous construisons des machines depuis presque 150 ans : au d\u00e9part des machines agricoles et, par la suite, des syst\u00e8mes de levage et des appareils d\u00e9di\u00e9s \u00e0 la manutention du mat\u00e9riel. Depuis&hellip;<\/p>\n","protected":false},"author":2,"featured_media":0,"parent":0,"menu_order":0,"comment_status":"closed","ping_status":"closed","template":"","meta":{"footnotes":""},"class_list":["post-776","page","type-page","status-publish","hentry"],"yoast_head":"<!-- This site is optimized with the Yoast SEO Premium plugin v15.3 - https:\/\/yoast.com\/wordpress\/plugins\/seo\/ -->\n<title>Construction de machines - Gruse Maschinenbau<\/title>\n<meta name=\"robots\" content=\"index, follow, max-snippet:-1, max-image-preview:large, max-video-preview:-1\" \/>\n<link rel=\"canonical\" href=\"https:\/\/gruse.de\/fr\/construction-de-machines\/\" \/>\n<meta property=\"og:locale\" content=\"fr_FR\" \/>\n<meta property=\"og:type\" content=\"article\" \/>\n<meta property=\"og:title\" content=\"Construction de machines - Gruse Maschinenbau\" \/>\n<meta property=\"og:description\" content=\"Construction de machines par excellence Fabrications hors s\u00e9rie adapt\u00e9es aux exigences individuelles des clients Nous sommes constructeurs de machines, avec corps et \u00e2me. Nous construisons des machines depuis presque 150 ans : au d\u00e9part des machines agricoles et, par la suite, des syst\u00e8mes de levage et des appareils d\u00e9di\u00e9s \u00e0 la manutention du mat\u00e9riel. Depuis&hellip;\" \/>\n<meta property=\"og:url\" content=\"https:\/\/gruse.de\/fr\/construction-de-machines\/\" \/>\n<meta property=\"og:site_name\" content=\"Gruse Maschinenbau\" \/>\n<meta property=\"article:modified_time\" content=\"2020-04-02T05:34:39+00:00\" \/>\n<meta property=\"og:image\" content=\"https:\/\/gruse.de\/wp-content\/uploads\/2017\/07\/Gruse-Maschinenbau-Coilhandling-1.jpg\" \/>\n<meta name=\"twitter:card\" content=\"summary_large_image\" \/>\n<meta name=\"twitter:label1\" content=\"\u00c9crit par\">\n\t<meta name=\"twitter:data1\" content=\"\">\n\t<meta name=\"twitter:label2\" content=\"Dur\u00e9e de lecture estim\u00e9e\">\n\t<meta name=\"twitter:data2\" content=\"4 minutes\">\n<script type=\"application\/ld+json\" class=\"yoast-schema-graph\">{\"@context\":\"https:\/\/schema.org\",\"@graph\":[{\"@type\":\"WebSite\",\"@id\":\"https:\/\/gruse.de\/fr\/#website\",\"url\":\"https:\/\/gruse.de\/fr\/\",\"name\":\"Gruse Maschinenbau\",\"description\":\"Maschinenbau Hubtisch Coil Handling F\\u00f6rdertechnik\",\"potentialAction\":[{\"@type\":\"SearchAction\",\"target\":\"https:\/\/gruse.de\/fr\/?s={search_term_string}\",\"query-input\":\"required name=search_term_string\"}],\"inLanguage\":\"fr-FR\"},{\"@type\":\"ImageObject\",\"@id\":\"https:\/\/gruse.de\/fr\/construction-de-machines\/#primaryimage\",\"inLanguage\":\"fr-FR\",\"url\":\"https:\/\/gruse.de\/wp-content\/uploads\/2017\/07\/Gruse-Maschinenbau-Coilhandling-1.jpg\"},{\"@type\":\"WebPage\",\"@id\":\"https:\/\/gruse.de\/fr\/construction-de-machines\/#webpage\",\"url\":\"https:\/\/gruse.de\/fr\/construction-de-machines\/\",\"name\":\"Construction de machines - Gruse Maschinenbau\",\"isPartOf\":{\"@id\":\"https:\/\/gruse.de\/fr\/#website\"},\"primaryImageOfPage\":{\"@id\":\"https:\/\/gruse.de\/fr\/construction-de-machines\/#primaryimage\"},\"datePublished\":\"2017-07-21T03:25:35+00:00\",\"dateModified\":\"2020-04-02T05:34:39+00:00\",\"inLanguage\":\"fr-FR\",\"potentialAction\":[{\"@type\":\"ReadAction\",\"target\":[\"https:\/\/gruse.de\/fr\/construction-de-machines\/\"]}]}]}<\/script>\n<!-- \/ Yoast SEO Premium plugin. -->","_links":{"self":[{"href":"https:\/\/gruse.de\/fr\/wp-json\/wp\/v2\/pages\/776","targetHints":{"allow":["GET"]}}],"collection":[{"href":"https:\/\/gruse.de\/fr\/wp-json\/wp\/v2\/pages"}],"about":[{"href":"https:\/\/gruse.de\/fr\/wp-json\/wp\/v2\/types\/page"}],"author":[{"embeddable":true,"href":"https:\/\/gruse.de\/fr\/wp-json\/wp\/v2\/users\/2"}],"replies":[{"embeddable":true,"href":"https:\/\/gruse.de\/fr\/wp-json\/wp\/v2\/comments?post=776"}],"version-history":[{"count":10,"href":"https:\/\/gruse.de\/fr\/wp-json\/wp\/v2\/pages\/776\/revisions"}],"predecessor-version":[{"id":5823,"href":"https:\/\/gruse.de\/fr\/wp-json\/wp\/v2\/pages\/776\/revisions\/5823"}],"wp:attachment":[{"href":"https:\/\/gruse.de\/fr\/wp-json\/wp\/v2\/media?parent=776"}],"curies":[{"name":"wp","href":"https:\/\/api.w.org\/{rel}","templated":true}]}}