{"id":95,"date":"2017-06-23T19:08:03","date_gmt":"2017-06-23T17:08:03","guid":{"rendered":"http:\/\/localhost:8888\/wordpress\/?page_id=95"},"modified":"2018-09-03T12:50:30","modified_gmt":"2018-09-03T10:50:30","slug":"telechargements","status":"publish","type":"page","link":"https:\/\/gruse.de\/fr\/telechargements\/","title":{"rendered":"T\u00e9l\u00e9chargements"},"content":{"rendered":"<h1>\n\t\tPlans cot\u00e9s pour ELS | ELD | ELT<br \/>\n\t<\/h1>\n<h3>\n\t\tTable \u00e9l\u00e9vatrice ELS<br \/>\n\t<\/h3>\n<table>\n<tbody>\n<tr>\n<td><a href=\"\/download\/massblaetter\/els05501.pdf\" target=\"_blank\" rel=\"noopener\">ELS 0.5-5-01<\/a><\/td>\n<td><a href=\"\/download\/massblaetter\/els181.pdf\" target=\"_blank\" rel=\"noopener\">ELS 1-8-1<\/a><\/td>\n<td><a href=\"\/download\/massblaetter\/els281.pdf\" target=\"_blank\" rel=\"noopener\">ELS 2-8-1<\/a><\/td>\n<td><a href=\"\/download\/massblaetter\/els381.pdf\" target=\"_blank\" rel=\"noopener\">ELS 3-8-1<\/a><\/td>\n<td><a href=\"\/download\/massblaetter\/els483.pdf\" target=\"_blank\" rel=\"noopener\">ELS 4-8-3<\/a><\/td>\n<\/tr>\n<tr>\n<td><a href=\"\/download\/massblaetter\/els05502.pdf\" target=\"_blank\" rel=\"noopener\">ELS 0.5-5-02<\/a><\/td>\n<td><a href=\"\/download\/massblaetter\/els182.pdf\" target=\"_blank\" rel=\"noopener\">ELS 1-8-2<\/a><\/td>\n<td><a href=\"\/download\/massblaetter\/els282.pdf\" target=\"_blank\" rel=\"noopener\">ELS 2-8-2<\/a><\/td>\n<td><a href=\"\/download\/massblaetter\/els382.pdf\" target=\"_blank\" rel=\"noopener\">ELS 3-8-2<\/a><\/td>\n<td><a href=\"\/download\/massblaetter\/els484.pdf\" target=\"_blank\" rel=\"noopener\">ELS 4-8-4<\/a><\/td>\n<\/tr>\n<tr>\n<td><a href=\"\/download\/massblaetter\/els05503.pdf\" target=\"_blank\" rel=\"noopener\">ELS 0.5-5-03<\/a><\/td>\n<td><a href=\"\/download\/massblaetter\/els183.pdf\" target=\"_blank\" rel=\"noopener\">ELS 1-8-3<\/a><\/td>\n<td><a href=\"\/download\/massblaetter\/els283.pdf\" target=\"_blank\" rel=\"noopener\">ELS 2-8-3<\/a><\/td>\n<td><a href=\"\/download\/massblaetter\/els383.pdf\" target=\"_blank\" rel=\"noopener\">ELS 3-8-3<\/a><\/td>\n<td><a href=\"\/download\/massblaetter\/els4107.pdf\" target=\"_blank\" rel=\"noopener\">ELS 4-10-7<\/a><\/td>\n<\/tr>\n<tr>\n<td><a href=\"\/download\/massblaetter\/els05504.pdf\" target=\"_blank\" rel=\"noopener\">ELS 0.5-5-04<\/a><\/td>\n<td><a href=\"\/download\/massblaetter\/els184.pdf\" target=\"_blank\" rel=\"noopener\">ELS 1-8-4<\/a><\/td>\n<td><a href=\"\/download\/massblaetter\/els284.pdf\" target=\"_blank\" rel=\"noopener\">ELS 2-8-4<\/a><\/td>\n<td><a href=\"\/download\/massblaetter\/els384.pdf\" target=\"_blank\" rel=\"noopener\">ELS 3-8-4<\/a><\/td>\n<td><a href=\"\/download\/massblaetter\/els4108.pdf\" target=\"_blank\" rel=\"noopener\">ELS 4-10-8<\/a><\/td>\n<\/tr>\n<tr>\n<td colspan=\"9\"><\/td>\n<\/tr>\n<tr>\n<td><a href=\"\/download\/massblaetter\/els0581.pdf\" target=\"_blank\" rel=\"noopener\">ELS 0.5-8-1<\/a><\/td>\n<td><a href=\"\/download\/massblaetter\/els1105.pdf\" target=\"_blank\" rel=\"noopener\">ELS 1-10-5<\/a><\/td>\n<td><a href=\"\/download\/massblaetter\/els2105.pdf\" target=\"_blank\" rel=\"noopener\">ELS 2-10-5<\/a><\/td>\n<td><a href=\"\/download\/massblaetter\/els3105.pdf\" target=\"_blank\" rel=\"noopener\">ELS 3-10-5<\/a><\/td>\n<td><a href=\"\/download\/massblaetter\/els4139.pdf\" target=\"_blank\" rel=\"noopener\">ELS 4-13-9<\/a><\/td>\n<\/tr>\n<tr>\n<td><a href=\"\/download\/massblaetter\/els0582.pdf\" target=\"_blank\" rel=\"noopener\">ELS 0.5-8-2<\/a><\/td>\n<td><a href=\"\/download\/massblaetter\/els1106.pdf\" target=\"_blank\" rel=\"noopener\">ELS 1-10-6<\/a><\/td>\n<td><a href=\"\/download\/massblaetter\/els2106.pdf\" target=\"_blank\" rel=\"noopener\">ELS 2-10-6<\/a><\/td>\n<td><a href=\"\/download\/massblaetter\/els3106.pdf\" target=\"_blank\" rel=\"noopener\">ELS 3-10-6<\/a><\/td>\n<td><a href=\"\/download\/massblaetter\/els41310.pdf\" target=\"_blank\" rel=\"noopener\">ELS 4-13-10<\/a><\/td>\n<\/tr>\n<tr>\n<td><a href=\"\/download\/massblaetter\/els0583.pdf\" target=\"_blank\" rel=\"noopener\">ELS 0.5-8-3<\/a><\/td>\n<td><a href=\"\/download\/massblaetter\/els1107.pdf\" target=\"_blank\" rel=\"noopener\">ELS 1-10-7<\/a><\/td>\n<td><a href=\"\/download\/massblaetter\/els2107.pdf\" target=\"_blank\" rel=\"noopener\">ELS 2-10-7<\/a><\/td>\n<td><a href=\"\/download\/massblaetter\/els3107.pdf\" target=\"_blank\" rel=\"noopener\">ELS 3-10-7<\/a><\/td>\n<td><a href=\"\/download\/massblaetter\/els41311.pdf\" target=\"_blank\" rel=\"noopener\">ELS 4-13-11<\/a><\/td>\n<\/tr>\n<tr>\n<td><a href=\"\/download\/massblaetter\/els0584.pdf\" target=\"_blank\" rel=\"noopener\">ELS 0.5-8-4<\/a><\/td>\n<td><a href=\"\/download\/massblaetter\/els1108.pdf\" target=\"_blank\" rel=\"noopener\">ELS 1-10-8<\/a><\/td>\n<td><a href=\"\/download\/massblaetter\/els2108.pdf\" target=\"_blank\" rel=\"noopener\">ELS 2-10-8<\/a><\/td>\n<td><a href=\"\/download\/massblaetter\/els3108.pdf\" target=\"_blank\" rel=\"noopener\">ELS 3-10-8<\/a><\/td>\n<td><a href=\"\/download\/massblaetter\/els41312.pdf\" target=\"_blank\" rel=\"noopener\">ELS 4-13-12<\/a><\/td>\n<\/tr>\n<tr>\n<td colspan=\"9\"><\/td>\n<\/tr>\n<tr>\n<td><a href=\"\/download\/massblaetter\/els05105.pdf\" target=\"_blank\" rel=\"noopener\">ELS 0.5-10-5<\/a><\/td>\n<td><a href=\"\/download\/massblaetter\/els1139.pdf\" target=\"_blank\" rel=\"noopener\">ELS 1-13-9<\/a><\/td>\n<td><a href=\"\/download\/massblaetter\/els2139.pdf\" target=\"_blank\" rel=\"noopener\">ELS 2-13-9<\/a><\/td>\n<td><a href=\"\/download\/massblaetter\/els3139.pdf\" target=\"_blank\" rel=\"noopener\">ELS 3-13-9<\/a><\/td>\n<td><a href=\"\/download\/massblaetter\/els41613.pdf\" target=\"_blank\" rel=\"noopener\">ELS 4-16-13<\/a><\/td>\n<\/tr>\n<tr>\n<td><a href=\"\/download\/massblaetter\/els05106.pdf\" target=\"_blank\" rel=\"noopener\">ELS 0.5-10-6<\/a><\/td>\n<td><a href=\"\/download\/massblaetter\/els11310.pdf\" target=\"_blank\" rel=\"noopener\">ELS 1-13-10<\/a><\/td>\n<td><a href=\"\/download\/massblaetter\/els21310.pdf\" target=\"_blank\" rel=\"noopener\">ELS 2-13-10<\/a><\/td>\n<td><a href=\"\/download\/massblaetter\/els31310.pdf\" target=\"_blank\" rel=\"noopener\">ELS 3-13-10<\/a><\/td>\n<td><a href=\"\/download\/massblaetter\/els41614.pdf\" target=\"_blank\" rel=\"noopener\">ELS 4-16-14<\/a><\/td>\n<\/tr>\n<tr>\n<td><a href=\"\/download\/massblaetter\/els05107.pdf\" target=\"_blank\" rel=\"noopener\">ELS 0.5-10-7<\/a><\/td>\n<td><a href=\"\/download\/massblaetter\/els11311.pdf\" target=\"_blank\" rel=\"noopener\">ELS 1-13-11<\/a><\/td>\n<td><a href=\"\/download\/massblaetter\/els21311.pdf\" target=\"_blank\" rel=\"noopener\">ELS 2-13-11<\/a><\/td>\n<td><a href=\"\/download\/massblaetter\/els31311.pdf\" target=\"_blank\" rel=\"noopener\">ELS 3-13-11<\/a><\/td>\n<td><a href=\"\/download\/massblaetter\/els41618.pdf\" target=\"_blank\" rel=\"noopener\">ELS 4-16-18<\/a><\/td>\n<\/tr>\n<tr>\n<td><a href=\"\/download\/massblaetter\/els05108.pdf\" target=\"_blank\" rel=\"noopener\">ELS 0.5-10-8<\/a><\/td>\n<td><a href=\"\/download\/massblaetter\/els11312.pdf\" target=\"_blank\" rel=\"noopener\">ELS 1-13-12<\/a><\/td>\n<td><a href=\"\/download\/massblaetter\/els21312.pdf\" target=\"_blank\" rel=\"noopener\">ELS 2-13-12<\/a><\/td>\n<td><a href=\"\/download\/massblaetter\/els31312.pdf\" target=\"_blank\" rel=\"noopener\">ELS 3-13-12<\/a><\/td>\n<td><a href=\"\/download\/massblaetter\/els41619.pdf\" target=\"_blank\" rel=\"noopener\">ELS 4-16-19<\/a><\/td>\n<\/tr>\n<tr>\n<td colspan=\"9\"><\/td>\n<\/tr>\n<tr>\n<td><a href=\"\/download\/massblaetter\/els05139.pdf\" target=\"_blank\" rel=\"noopener\">ELS 0.5-13-9<\/a><\/td>\n<td><a href=\"\/download\/massblaetter\/els11613.pdf\" target=\"_blank\" rel=\"noopener\">ELS 1-16-13<\/a><\/td>\n<td><a href=\"\/download\/massblaetter\/els21613.pdf\" target=\"_blank\" rel=\"noopener\">ELS 2-16-13<\/a><\/td>\n<td><a href=\"\/download\/massblaetter\/els31613.pdf\" target=\"_blank\" rel=\"noopener\">ELS 3-16-13<\/a><\/td>\n<td><\/td>\n<\/tr>\n<tr>\n<td><a href=\"\/download\/massblaetter\/els051310.pdf\" target=\"_blank\" rel=\"noopener\">ELS 0.5-13-10<\/a><\/td>\n<td><a href=\"\/download\/massblaetter\/els11614.pdf\" target=\"_blank\" rel=\"noopener\">ELS 1-16-14<\/a><\/td>\n<td><a href=\"\/download\/massblaetter\/els21614.pdf\" target=\"_blank\" rel=\"noopener\">ELS 2-16-14<\/a><\/td>\n<td><a href=\"\/download\/massblaetter\/els31614.pdf\" target=\"_blank\" rel=\"noopener\">ELS 3-16-14<\/a><\/td>\n<td><\/td>\n<\/tr>\n<tr>\n<td><a href=\"\/download\/massblaetter\/els051311.pdf\" target=\"_blank\" rel=\"noopener\">ELS 0.5-13-11<\/a><\/td>\n<td><a href=\"\/download\/massblaetter\/els11618.pdf\" target=\"_blank\" rel=\"noopener\">ELS 1-16-18<\/a><\/td>\n<td><a href=\"\/download\/massblaetter\/els21618.pdf\" target=\"_blank\" rel=\"noopener\">ELS 2-16-18<\/a><\/td>\n<td><a href=\"\/download\/massblaetter\/els31618.pdf\" target=\"_blank\" rel=\"noopener\">ELS 3-16-18<\/a><\/td>\n<td><\/td>\n<\/tr>\n<tr>\n<td><a href=\"\/download\/massblaetter\/els051312.pdf\" target=\"_blank\" rel=\"noopener\">ELS 0.5-13-12<\/a><\/td>\n<td><a href=\"\/download\/massblaetter\/els11619.pdf\" target=\"_blank\" rel=\"noopener\">ELS 1-16-19<\/a><\/td>\n<td><a href=\"\/download\/massblaetter\/els21619.pdf\" target=\"_blank\" rel=\"noopener\">ELS 2-16-19<\/a><\/td>\n<td><a href=\"\/download\/massblaetter\/els31619.pdf\" target=\"_blank\" rel=\"noopener\">ELS 3-16-19<\/a><\/td>\n<td><\/td>\n<\/tr>\n<\/tbody>\n<\/table>\n<h3>\n\t\tTable \u00e9l\u00e9vatrice ELT<br \/>\n\t<\/h3>\n<table>\n<tbody>\n<tr>\n<td><a href=\"\/download\/massblaetter\/elt15815.pdf\" target=\"_blank\" rel=\"noopener\">ELT 1.5-8-15<\/a><\/td>\n<td><a href=\"\/download\/massblaetter\/elt3815.pdf\" target=\"_blank\" rel=\"noopener\">ELT 3-8-15<\/a><\/td>\n<td><a href=\"\/download\/massblaetter\/elt41016.pdf\" target=\"_blank\" rel=\"noopener\">ELT 4-10-16<\/a><\/td>\n<td><a href=\"\/download\/massblaetter\/elt61317.pdf\" target=\"_blank\" rel=\"noopener\">ELT 6-13-17<\/a><\/td>\n<td><a href=\"\/download\/massblaetter\/elt81317.pdf\" target=\"_blank\" rel=\"noopener\">ELT 8-13-17<\/a><\/td>\n<td><a href=\"\/download\/massblaetter\/elt101317.pdf\" target=\"_blank\" rel=\"noopener\">ELT 10-13-17<\/a><\/td>\n<\/tr>\n<tr>\n<td><a href=\"\/download\/massblaetter\/elt151016.pdf\" target=\"_blank\" rel=\"noopener\">ELT 1.5-10-16<\/a><\/td>\n<td><a href=\"\/download\/massblaetter\/elt31016.pdf\" target=\"_blank\" rel=\"noopener\">ELT 3-10-16<\/a><\/td>\n<td><a href=\"\/download\/massblaetter\/elt41317.pdf\" target=\"_blank\" rel=\"noopener\">ELT 4-13-17<\/a><\/td>\n<td><a href=\"\/download\/massblaetter\/elt61620.pdf\" target=\"_blank\" rel=\"noopener\">ELT 6-16-20<\/a><\/td>\n<td><a href=\"\/download\/massblaetter\/elt81620.pdf\" target=\"_blank\" rel=\"noopener\">ELT 8-16-20<\/a><\/td>\n<td><a href=\"\/download\/massblaetter\/elt101620.pdf\" target=\"_blank\" rel=\"noopener\">ELT 10-16-20<\/a><\/td>\n<\/tr>\n<tr>\n<td><a href=\"\/download\/massblaetter\/elt151317.pdf\" target=\"_blank\" rel=\"noopener\">ELT 1.5-13-17<\/a><\/td>\n<td><a href=\"\/download\/massblaetter\/elt31317.pdf\" target=\"_blank\" rel=\"noopener\">ELT 3-13-17<\/a><\/td>\n<td><a href=\"\/download\/massblaetter\/elt41620.pdf\" target=\"_blank\" rel=\"noopener\">ELT 4-16-20<\/a><\/td>\n<td><\/td>\n<td><\/td>\n<td><\/td>\n<\/tr>\n<tr>\n<td><a href=\"\/download\/massblaetter\/elt151620.pdf\" target=\"_blank\" rel=\"noopener\">ELT 1.5-16-20<\/a><\/td>\n<td><a href=\"\/download\/massblaetter\/elt31620.pdf\" target=\"_blank\" rel=\"noopener\">ELT 3-16-20<\/a><\/td>\n<td><\/td>\n<\/tr>\n<\/tbody>\n<\/table>\n<h3>\n\t\tTable \u00e9l\u00e9vatrice ELD<br \/>\n\t<\/h3>\n<table>\n<tbody>\n<tr>\n<td><a href=\"\/download\/massblaetter\/eld1161.pdf\" target=\"_blank\" rel=\"noopener\">ELD 1-16-1<\/a><\/td>\n<td><a href=\"\/download\/massblaetter\/eld2161.pdf\" target=\"_blank\" rel=\"noopener\">ELD 2-16-1<\/a><\/td>\n<td><a href=\"\/download\/massblaetter\/eld3161.pdf\" target=\"_blank\" rel=\"noopener\">ELD 3-16-1<\/a><\/td>\n<td><a href=\"\/download\/massblaetter\/eld4161.pdf\" target=\"_blank\" rel=\"noopener\">ELD 4-16-1<\/a><\/td>\n<td><a href=\"\/download\/massblaetter\/eld5163.pdf\" target=\"_blank\" rel=\"noopener\">ELD 5-16-3<\/a><\/td>\n<\/tr>\n<tr>\n<td><a href=\"\/download\/massblaetter\/eld1205.pdf\" target=\"_blank\" rel=\"noopener\">ELD 1-20-5<\/a><\/td>\n<td><a href=\"\/download\/massblaetter\/eld2205.pdf\" target=\"_blank\" rel=\"noopener\">ELD 2-20-5<\/a><\/td>\n<td><a href=\"\/download\/massblaetter\/eld3185.pdf\" target=\"_blank\" rel=\"noopener\">ELD 3-18-5<\/a><\/td>\n<td><a href=\"\/download\/massblaetter\/eld4187.pdf\" target=\"_blank\" rel=\"noopener\">ELD 4-18-7<\/a><\/td>\n<td><a href=\"\/download\/massblaetter\/eld5187.pdf\" target=\"_blank\" rel=\"noopener\">ELD 5-18-7<\/a><\/td>\n<\/tr>\n<tr>\n<td><a href=\"\/download\/massblaetter\/eld1269.pdf\" target=\"_blank\" rel=\"noopener\">ELD 1-26-9<\/a><\/td>\n<td><a href=\"\/download\/massblaetter\/eld2269.pdf\" target=\"_blank\" rel=\"noopener\">ELD 2-26-9<\/a><\/td>\n<td><a href=\"\/download\/massblaetter\/eld3189.pdf\" target=\"_blank\" rel=\"noopener\">ELD 3-18-9<\/a><\/td>\n<td><a href=\"\/download\/massblaetter\/eld4189.pdf\" target=\"_blank\" rel=\"noopener\">ELD 4-18-9<\/a><\/td>\n<td><a href=\"\/download\/massblaetter\/eld5189.pdf\" target=\"_blank\" rel=\"noopener\">ELD 5-18-9<\/a><\/td>\n<\/tr>\n<\/tbody>\n<\/table>\n<h1>\n\t\tPlans des fosses<br \/>\n\t<\/h1>\n<p>\t\t\t\t<img decoding=\"async\" src=\"https:\/\/gruse.de\/wp-content\/uploads\/2017\/06\/Grupenplan-download.jpg\" alt=\"Grupenplan-download\" itemprop=\"image\" title=\"Grupenplan-download\"  \/><\/p>\n<p><a href=\"\/download\/grubenplan1.pdf\" target=\"_blank\" rel=\"noopener\">\u2192 Pour tables \u00e9l\u00e9vatrices sans hayons<\/a><\/p>\n<p><a href=\"\/download\/grubenplan2.pdf\" target=\"_blank\" rel=\"noopener\">\u2192 Pour tables \u00e9l\u00e9vatrices avec hayons c\u00f4t\u00e9 palier libre<\/a><\/p>\n<p><a href=\"\/download\/grubenplan3.pdf\" target=\"_blank\" rel=\"noopener\">\u2192 Pour tables \u00e9l\u00e9vatrices avec hayons c\u00f4t\u00e9 palier fixe<\/a><\/p>\n<p><a href=\"\/download\/grubenplan4.pdf\" target=\"_blank\" rel=\"noopener\">\u2192 Pour tables \u00e9l\u00e9vatrices avec hayons c\u00f4t\u00e9 palier libre et palier fixe<\/a><\/p>\n<p><a href=\"\/download\/grubenplan5.pdf\" target=\"_blank\" rel=\"noopener\">\u2192 Pour tables \u00e9l\u00e9vatrices avec hayons c\u00f4t\u00e9 palier fixe (hayon de plain-pied)<\/a><\/p>\n<p><a href=\"\/download\/grubenplan6.pdf\" target=\"_blank\" rel=\"noopener\">\u2192 Pour tables \u00e9l\u00e9vatrices avec hayons c\u00f4t\u00e9 palier libre (hayon de plain-pied)<\/a><\/p>\n<h1>\n\t\tListe des accessoires<br \/>\n\t<\/h1>\n<p>T\u00e9l\u00e9charger ici la liste des accessoires<\/p>\n<p>\t\t\t<a href=\"\/download\/Zubehoerliste.pdf\" target=\"_self\" role=\"button\"><br \/>\n\t\t\t\t\t\tT\u00e9l\u00e9charger<br \/>\n\t\t\t\t\t<\/a><br \/>\n\t\t\t\t<img decoding=\"async\" src=\"https:\/\/gruse.de\/wp-content\/uploads\/2017\/06\/Zubehorliste.jpg\" alt=\"Zubehorliste\" itemprop=\"image\" title=\"Zubehorliste\"  \/><\/p>\n","protected":false},"excerpt":{"rendered":"<p>Plans cot\u00e9s pour ELS | ELD | ELT Table \u00e9l\u00e9vatrice ELS ELS 0.5-5-01 ELS 1-8-1 ELS 2-8-1 ELS 3-8-1 ELS 4-8-3 ELS 0.5-5-02 ELS 1-8-2 ELS 2-8-2 ELS 3-8-2 ELS 4-8-4 ELS 0.5-5-03 ELS 1-8-3 ELS 2-8-3 ELS 3-8-3 ELS 4-10-7 ELS 0.5-5-04 ELS 1-8-4 ELS 2-8-4 ELS 3-8-4 ELS 4-10-8 ELS 0.5-8-1 ELS 1-10-5&hellip;<\/p>\n","protected":false},"author":2,"featured_media":0,"parent":0,"menu_order":0,"comment_status":"closed","ping_status":"closed","template":"","meta":{"footnotes":""},"class_list":["post-95","page","type-page","status-publish","hentry"],"yoast_head":"<!-- This site is optimized with the Yoast SEO Premium plugin v15.3 - https:\/\/yoast.com\/wordpress\/plugins\/seo\/ -->\n<title>T\u00e9l\u00e9chargements - Gruse Maschinenbau<\/title>\n<meta name=\"robots\" content=\"index, follow, max-snippet:-1, max-image-preview:large, max-video-preview:-1\" \/>\n<link rel=\"canonical\" href=\"https:\/\/gruse.de\/fr\/telechargements\/\" \/>\n<meta property=\"og:locale\" content=\"fr_FR\" \/>\n<meta property=\"og:type\" content=\"article\" \/>\n<meta property=\"og:title\" content=\"T\u00e9l\u00e9chargements - Gruse Maschinenbau\" \/>\n<meta property=\"og:description\" content=\"Plans cot\u00e9s pour ELS | ELD | ELT Table \u00e9l\u00e9vatrice ELS ELS 0.5-5-01 ELS 1-8-1 ELS 2-8-1 ELS 3-8-1 ELS 4-8-3 ELS 0.5-5-02 ELS 1-8-2 ELS 2-8-2 ELS 3-8-2 ELS 4-8-4 ELS 0.5-5-03 ELS 1-8-3 ELS 2-8-3 ELS 3-8-3 ELS 4-10-7 ELS 0.5-5-04 ELS 1-8-4 ELS 2-8-4 ELS 3-8-4 ELS 4-10-8 ELS 0.5-8-1 ELS 1-10-5&hellip;\" \/>\n<meta property=\"og:url\" content=\"https:\/\/gruse.de\/fr\/telechargements\/\" \/>\n<meta property=\"og:site_name\" content=\"Gruse Maschinenbau\" \/>\n<meta property=\"article:modified_time\" content=\"2018-09-03T10:50:30+00:00\" \/>\n<meta property=\"og:image\" content=\"https:\/\/gruse.de\/wp-content\/uploads\/2017\/06\/Grupenplan-download.jpg\" \/>\n<meta name=\"twitter:card\" content=\"summary_large_image\" \/>\n<meta name=\"twitter:label1\" content=\"\u00c9crit par\">\n\t<meta name=\"twitter:data1\" content=\"\">\n\t<meta name=\"twitter:label2\" content=\"Dur\u00e9e de lecture estim\u00e9e\">\n\t<meta name=\"twitter:data2\" content=\"2 minutes\">\n<script type=\"application\/ld+json\" class=\"yoast-schema-graph\">{\"@context\":\"https:\/\/schema.org\",\"@graph\":[{\"@type\":\"WebSite\",\"@id\":\"https:\/\/gruse.de\/fr\/#website\",\"url\":\"https:\/\/gruse.de\/fr\/\",\"name\":\"Gruse Maschinenbau\",\"description\":\"Maschinenbau Hubtisch Coil Handling F\\u00f6rdertechnik\",\"potentialAction\":[{\"@type\":\"SearchAction\",\"target\":\"https:\/\/gruse.de\/fr\/?s={search_term_string}\",\"query-input\":\"required name=search_term_string\"}],\"inLanguage\":\"fr-FR\"},{\"@type\":\"ImageObject\",\"@id\":\"https:\/\/gruse.de\/fr\/telechargements\/#primaryimage\",\"inLanguage\":\"fr-FR\",\"url\":\"https:\/\/gruse.de\/wp-content\/uploads\/2017\/06\/Grupenplan-download.jpg\"},{\"@type\":\"WebPage\",\"@id\":\"https:\/\/gruse.de\/fr\/telechargements\/#webpage\",\"url\":\"https:\/\/gruse.de\/fr\/telechargements\/\",\"name\":\"T\\u00e9l\\u00e9chargements - Gruse Maschinenbau\",\"isPartOf\":{\"@id\":\"https:\/\/gruse.de\/fr\/#website\"},\"primaryImageOfPage\":{\"@id\":\"https:\/\/gruse.de\/fr\/telechargements\/#primaryimage\"},\"datePublished\":\"2017-06-23T17:08:03+00:00\",\"dateModified\":\"2018-09-03T10:50:30+00:00\",\"inLanguage\":\"fr-FR\",\"potentialAction\":[{\"@type\":\"ReadAction\",\"target\":[\"https:\/\/gruse.de\/fr\/telechargements\/\"]}]}]}<\/script>\n<!-- \/ Yoast SEO Premium plugin. -->","_links":{"self":[{"href":"https:\/\/gruse.de\/fr\/wp-json\/wp\/v2\/pages\/95","targetHints":{"allow":["GET"]}}],"collection":[{"href":"https:\/\/gruse.de\/fr\/wp-json\/wp\/v2\/pages"}],"about":[{"href":"https:\/\/gruse.de\/fr\/wp-json\/wp\/v2\/types\/page"}],"author":[{"embeddable":true,"href":"https:\/\/gruse.de\/fr\/wp-json\/wp\/v2\/users\/2"}],"replies":[{"embeddable":true,"href":"https:\/\/gruse.de\/fr\/wp-json\/wp\/v2\/comments?post=95"}],"version-history":[{"count":2,"href":"https:\/\/gruse.de\/fr\/wp-json\/wp\/v2\/pages\/95\/revisions"}],"predecessor-version":[{"id":5645,"href":"https:\/\/gruse.de\/fr\/wp-json\/wp\/v2\/pages\/95\/revisions\/5645"}],"wp:attachment":[{"href":"https:\/\/gruse.de\/fr\/wp-json\/wp\/v2\/media?parent=95"}],"curies":[{"name":"wp","href":"https:\/\/api.w.org\/{rel}","templated":true}]}}