{"id":97,"date":"2017-06-23T19:08:13","date_gmt":"2017-06-23T17:08:13","guid":{"rendered":"http:\/\/localhost:8888\/wordpress\/?page_id=97"},"modified":"2018-10-15T12:41:33","modified_gmt":"2018-10-15T10:41:33","slug":"a-propos-de-gruse","status":"publish","type":"page","link":"https:\/\/gruse.de\/fr\/a-propos-de-gruse\/","title":{"rendered":"A propos de Gruse"},"content":{"rendered":"<h1>\n\t\tGruse. Le constructeur de machines.<br \/>\n\t<\/h1>\n<h2>\n\t\t\u00ab Nous construisons des machines et des lignes. Les techniques, que nous employons, am\u00e9liorent la pr\u00e9cision et l\u2019efficience des processus de production et garantissent une manutention optimale du mat\u00e9riel. \u00bb<br \/>\n\t<\/h2>\n<p>Depuis 20 ans, l\u2019entreprise Gruse d\u00e9veloppe des solutions de levage dans le segment haut de gamme et compte parmi les leaders en Allemagne et en Europe. \u00ab <strong>Nous sommes constructeurs de machines. Avec corps et \u00e2me.<\/strong> \u00bb \u2013 Fid\u00e8les \u00e0 cette devise, nous d\u00e9veloppons et construisons toujours davantage de fabrications hors s\u00e9rie, non seulement d\u00e9di\u00e9es au levage, mais aussi \u00e0 l\u2019usinage et \u00e0 la manutention. \u00c0 l\u2019heure actuelle, les d\u00e9veloppements et fabrications hors s\u00e9rie repr\u00e9sentent 85 % de notre chiffre d\u2019affaires. <strong>Nos clients sont notamment issus de l\u2019industrie a\u00e9ronautique, de l\u2019industrie du bois et de l\u2019industrie automobile.<\/strong> <strong>Nous sommes \u00e9galement fournisseur d\u2019autres fabricants de machines<\/strong>, qui construisent par exemple des laminoirs ou des ventilateurs.<\/p>\n<p>\t\t\t\t<img loading=\"lazy\" decoding=\"async\" src=\"https:\/\/gruse.de\/fr\/wp-content\/uploads\/sites\/3\/2017\/06\/gruse-ludger_helmig-1-1.jpg\" alt=\"Ludger Helmig | Directeur g\u00e9n\u00e9ral \" itemprop=\"image\" height=\"845\" width=\"600\" title=\"gruse-ludger_helmig\"  \/><br \/>\n\t\tLudger Helmig | Directeur g\u00e9n\u00e9ral <\/p>\n<h3>\n\t\tProfil en bref de l\u2019entreprise Gruse<br \/>\n\t<\/h3>\n<ul>\n<li>Nous sommes un constructeur de machines cl\u00e9s en main qui emploie 160\u00a0collaborateurs.<\/li>\n<li>Nous formons la rel\u00e8ve \u2013 20\u00a0apprentis apprennent chez nous les diff\u00e9rents m\u00e9tiers commerciaux et m\u00e9tiers de la menuiserie m\u00e9tallique.<\/li>\n<li>Nos produits sont \u00ab\u00a0Made in Germany\u00a0\u00bb. Nous d\u00e9veloppons et fabriquons dans les locaux de notre si\u00e8ge social implant\u00e9 en Allemagne dans le Weserbergland et d\u00e9tachons nos monteurs dans le monde entier.<\/li>\n<li>Nos clients sont implant\u00e9s dans le monde entier dans plus de 40\u00a0pays.<\/li>\n<\/ul>\n<h3>Fabrications hors s\u00e9rie<\/h3>\n<h4>Inclinaison, manutention et usinage<\/h4>\n<p>Lorsqu\u2019il n\u2019est pas seulement question de levage, mais que la pi\u00e8ce \u00e0 travailler doit \u00e9galement \u00eatre inclin\u00e9e, usin\u00e9e, convoy\u00e9e ou transport\u00e9e, une\u00a0<strong>machine ou ligne sp\u00e9cialement adapt\u00e9e \u00e0 vos besoins<\/strong>\u00a0peut constituer la solution id\u00e9ale. Il s\u2019agit d\u2019ailleurs de notre activit\u00e9 principale, car nous d\u00e9veloppons et produisons principalement des fabrications sur mesure. Il vous suffit de nous contacter. Nous trouverons une solution \u00e0 votre probl\u00e8me. C\u2019est promis.<\/p>\n<p>&nbsp;<\/p>\n\n<div class=\"wpcf7 no-js\" id=\"wpcf7-f4483-o1\" lang=\"de-DE\" dir=\"ltr\" data-wpcf7-id=\"4483\">\n<div class=\"screen-reader-response\"><p role=\"status\" aria-live=\"polite\" aria-atomic=\"true\"><\/p> <ul><\/ul><\/div>\n<form action=\"\/fr\/wp-json\/wp\/v2\/pages\/97#wpcf7-f4483-o1\" method=\"post\" class=\"wpcf7-form init\" aria-label=\"Kontaktformular\" novalidate=\"novalidate\" data-status=\"init\">\n<fieldset class=\"hidden-fields-container\"><input type=\"hidden\" name=\"_wpcf7\" value=\"4483\" \/><input type=\"hidden\" name=\"_wpcf7_version\" value=\"6.1.5\" \/><input type=\"hidden\" name=\"_wpcf7_locale\" value=\"de_DE\" \/><input type=\"hidden\" name=\"_wpcf7_unit_tag\" value=\"wpcf7-f4483-o1\" \/><input type=\"hidden\" name=\"_wpcf7_container_post\" value=\"0\" \/><input type=\"hidden\" name=\"_wpcf7_posted_data_hash\" value=\"\" \/><input type=\"hidden\" name=\"_wpcf7dtx_version\" value=\"5.0.5\" \/>\n<\/fieldset>\n<h4>Votre nom\n<\/h4>\n<p><label><span class=\"wpcf7-form-control-wrap\" data-name=\"your-name\"><input size=\"40\" maxlength=\"400\" class=\"wpcf7-form-control wpcf7-text wpcf7-validates-as-required\" aria-required=\"true\" aria-invalid=\"false\" value=\"\" type=\"text\" name=\"your-name\" \/><\/span> <\/label>\n<\/p>\n<h4>Votre adresse courriel\n<\/h4>\n<p><label> <span class=\"wpcf7-form-control-wrap\" data-name=\"your-email\"><input size=\"40\" maxlength=\"400\" class=\"wpcf7-form-control wpcf7-email wpcf7-validates-as-required wpcf7-text wpcf7-validates-as-email\" aria-required=\"true\" aria-invalid=\"false\" value=\"\" type=\"email\" name=\"your-email\" \/><\/span> <\/label>\n<\/p>\n<h4>Votre message\n<\/h4>\n<p><label> <span class=\"wpcf7-form-control-wrap\" data-name=\"your-message\"><textarea cols=\"40\" rows=\"10\" maxlength=\"2000\" class=\"wpcf7-form-control wpcf7-textarea\" aria-invalid=\"false\" name=\"your-message\"><\/textarea><\/span> <\/label><br \/>\n<span id=\"wpcf7-69d461e5969c6-wrapper\" class=\"wpcf7-form-control-wrap honeypot-17-wrap\" style=\"display:none !important; visibility:hidden !important;\"><label for=\"wpcf7-69d461e5969c6-field\" class=\"hp-message\">Bitte lasse dieses Feld leer.<\/label><input id=\"wpcf7-69d461e5969c6-field\"  class=\"wpcf7-form-control wpcf7-text\" type=\"text\" name=\"honeypot-17\" value=\"\" size=\"40\" tabindex=\"-1\" autocomplete=\"new-password\" \/><\/span><br \/>\n<input class=\"wpcf7-form-control wpcf7-submit has-spinner\" type=\"submit\" value=\"Envoyer\" \/>\n<\/p><div class=\"wpcf7-response-output\" aria-hidden=\"true\"><\/div>\n<\/form>\n<\/div>\n\n<h2>\n\t\tNos machines sont employ\u00e9es par<br \/>\n\t<\/h2>\n<p>\t\t\t\t<img decoding=\"async\" src=\"https:\/\/gruse.de\/wp-content\/uploads\/2017\/06\/logos.png\" alt=\"logos\" itemprop=\"image\" title=\"logos\"  \/><\/p>\n<h3>ainsi que par<\/h3>\n<p>3M Deutschland GmbH AEG AG AEG Lichttechnik GmbH AEG Z\u00e4hler AUDI AG Bahm\u00fcller BASF BASF Magnetics GmbH Baum\u00fcller Anlagen-Systeme Bayer AG Bayerischer Rundfunk Blaupunkt Werke GmbH BMW AG BMW AG Sparte Motorrad Bosch-Siemens Hausger\u00e4te GmbH Br\u00f6tje Automation Bundespost Direktion C&amp;A Mode GmbH &amp; Co. KG Claas KGaA Continental AG Daimler-Benz Aerospace AG Deutsche Bahn AG Deutsche Grammophon Deutsche Lufthansa AG Deutsche Shell AG Deuzer Maschinenfabrik Heitze GmbH &amp; Co. KG Dr\u00e4gerwerk DUNLOP GmbH D\u00fcrkopp Adler AG EDE EUROCOPTER Deutschland GmbH FAG Kugelfischer Forschungszentrum J\u00fclich GmbH Gaerner Gea Westfalia GmbH Grundfos Pumpenfabrik GmbH Hako-Werke GmbH &amp;Co. Heraeus Elektrochemie Hoechst AG Hoechst Schering AgrEvo ITT Automotive Europe GmbH Jungheinrich AG Kaiser + Kraft KARDEX Organisation KELLOGG (DEUTSCHLAND) Keuco GmbH &amp; Co. KG Kl\u00f6ckner-Moeller GmbH Knorr-Bremse Systeme K\u00f6gel Fahrzeugwerke AG MAN Nutzfahrzeuge AG Mannesmann Rexroth Mannesmann-Demag-Sack Ratingen Mercedes -Benz AG Miele &amp; Cie. GmbH &amp; Co. Minda Industrieanlagen GmbH Nestle Deutschland AG Noell Service Nord-West Otto-Versand Phoenix AG Porsche AG Premium Aerotec GmbH Procter&amp;Gamble GmbH &amp; Co. PSA Technology GmbH RBB Rittal-Werk ROBERT BOSCH GmbH Rolf Benz AG Ruhrkohle Bergbau AG RWE Energie Schaeffler KG Schenker Eurocargo SieMatic-M\u00f6belwerke Siemens Stephan Machinery GmbH Stiebel Eltron GmbH &amp; Co. KG STILL GmbH Thyssen Aufz\u00fcge GmbH Thyssen Guss AG Umdasch AG Volkswagen AG VOLVO Busse Deutschland Wilhelm Karmann GmbH<\/p>\n","protected":false},"excerpt":{"rendered":"<p>Gruse. Le constructeur de machines. \u00ab Nous construisons des machines et des lignes. Les techniques, que nous employons, am\u00e9liorent la pr\u00e9cision et l\u2019efficience des processus de production et garantissent une manutention optimale du mat\u00e9riel. \u00bb Depuis 20 ans, l\u2019entreprise Gruse d\u00e9veloppe des solutions de levage dans le segment haut de gamme et compte parmi les&hellip;<\/p>\n","protected":false},"author":2,"featured_media":0,"parent":0,"menu_order":0,"comment_status":"closed","ping_status":"closed","template":"","meta":{"footnotes":""},"class_list":["post-97","page","type-page","status-publish","hentry"],"yoast_head":"<!-- This site is optimized with the Yoast SEO Premium plugin v15.3 - https:\/\/yoast.com\/wordpress\/plugins\/seo\/ -->\n<title>A propos de Gruse - Gruse Maschinenbau<\/title>\n<meta name=\"robots\" content=\"index, follow, max-snippet:-1, max-image-preview:large, max-video-preview:-1\" \/>\n<link rel=\"canonical\" href=\"https:\/\/gruse.de\/fr\/a-propos-de-gruse\/\" \/>\n<meta property=\"og:locale\" content=\"fr_FR\" \/>\n<meta property=\"og:type\" content=\"article\" \/>\n<meta property=\"og:title\" content=\"A propos de Gruse - Gruse Maschinenbau\" \/>\n<meta property=\"og:description\" content=\"Gruse. Le constructeur de machines. \u00ab Nous construisons des machines et des lignes. Les techniques, que nous employons, am\u00e9liorent la pr\u00e9cision et l\u2019efficience des processus de production et garantissent une manutention optimale du mat\u00e9riel. \u00bb Depuis 20 ans, l\u2019entreprise Gruse d\u00e9veloppe des solutions de levage dans le segment haut de gamme et compte parmi les&hellip;\" \/>\n<meta property=\"og:url\" content=\"https:\/\/gruse.de\/fr\/a-propos-de-gruse\/\" \/>\n<meta property=\"og:site_name\" content=\"Gruse Maschinenbau\" \/>\n<meta property=\"article:modified_time\" content=\"2018-10-15T10:41:33+00:00\" \/>\n<meta property=\"og:image\" content=\"https:\/\/gruse.de\/fr\/wp-content\/uploads\/sites\/3\/2017\/06\/gruse-ludger_helmig-1-1.jpg\" \/>\n<meta name=\"twitter:card\" content=\"summary_large_image\" \/>\n<meta name=\"twitter:label1\" content=\"\u00c9crit par\">\n\t<meta name=\"twitter:data1\" content=\"\">\n\t<meta name=\"twitter:label2\" content=\"Dur\u00e9e de lecture estim\u00e9e\">\n\t<meta name=\"twitter:data2\" content=\"2 minutes\">\n<script type=\"application\/ld+json\" class=\"yoast-schema-graph\">{\"@context\":\"https:\/\/schema.org\",\"@graph\":[{\"@type\":\"WebSite\",\"@id\":\"https:\/\/gruse.de\/fr\/#website\",\"url\":\"https:\/\/gruse.de\/fr\/\",\"name\":\"Gruse Maschinenbau\",\"description\":\"Maschinenbau Hubtisch Coil Handling F\\u00f6rdertechnik\",\"potentialAction\":[{\"@type\":\"SearchAction\",\"target\":\"https:\/\/gruse.de\/fr\/?s={search_term_string}\",\"query-input\":\"required name=search_term_string\"}],\"inLanguage\":\"fr-FR\"},{\"@type\":\"ImageObject\",\"@id\":\"https:\/\/gruse.de\/fr\/a-propos-de-gruse\/#primaryimage\",\"inLanguage\":\"fr-FR\",\"url\":\"https:\/\/gruse.de\/fr\/wp-content\/uploads\/sites\/3\/2017\/06\/gruse-ludger_helmig-1-1.jpg\",\"width\":600,\"height\":845,\"caption\":\"Ludger Helmig | Directeur g\\u00e9n\\u00e9ral\"},{\"@type\":\"WebPage\",\"@id\":\"https:\/\/gruse.de\/fr\/a-propos-de-gruse\/#webpage\",\"url\":\"https:\/\/gruse.de\/fr\/a-propos-de-gruse\/\",\"name\":\"A propos de Gruse - Gruse Maschinenbau\",\"isPartOf\":{\"@id\":\"https:\/\/gruse.de\/fr\/#website\"},\"primaryImageOfPage\":{\"@id\":\"https:\/\/gruse.de\/fr\/a-propos-de-gruse\/#primaryimage\"},\"datePublished\":\"2017-06-23T17:08:13+00:00\",\"dateModified\":\"2018-10-15T10:41:33+00:00\",\"inLanguage\":\"fr-FR\",\"potentialAction\":[{\"@type\":\"ReadAction\",\"target\":[\"https:\/\/gruse.de\/fr\/a-propos-de-gruse\/\"]}]}]}<\/script>\n<!-- \/ Yoast SEO Premium plugin. -->","_links":{"self":[{"href":"https:\/\/gruse.de\/fr\/wp-json\/wp\/v2\/pages\/97","targetHints":{"allow":["GET"]}}],"collection":[{"href":"https:\/\/gruse.de\/fr\/wp-json\/wp\/v2\/pages"}],"about":[{"href":"https:\/\/gruse.de\/fr\/wp-json\/wp\/v2\/types\/page"}],"author":[{"embeddable":true,"href":"https:\/\/gruse.de\/fr\/wp-json\/wp\/v2\/users\/2"}],"replies":[{"embeddable":true,"href":"https:\/\/gruse.de\/fr\/wp-json\/wp\/v2\/comments?post=97"}],"version-history":[{"count":5,"href":"https:\/\/gruse.de\/fr\/wp-json\/wp\/v2\/pages\/97\/revisions"}],"predecessor-version":[{"id":5714,"href":"https:\/\/gruse.de\/fr\/wp-json\/wp\/v2\/pages\/97\/revisions\/5714"}],"wp:attachment":[{"href":"https:\/\/gruse.de\/fr\/wp-json\/wp\/v2\/media?parent=97"}],"curies":[{"name":"wp","href":"https:\/\/api.w.org\/{rel}","templated":true}]}}