{"id":97,"date":"2017-06-23T19:08:13","date_gmt":"2017-06-23T17:08:13","guid":{"rendered":"http:\/\/localhost:8888\/wordpress\/?page_id=97"},"modified":"2018-10-15T12:47:49","modified_gmt":"2018-10-15T10:47:49","slug":"about","status":"publish","type":"page","link":"https:\/\/gruse.de\/ru\/about\/","title":{"rendered":"About"},"content":{"rendered":"<h1>\n\t\tGruse. \u041c\u0430\u0448\u0438\u043d\u043e\u0441\u0442\u0440\u043e\u0438\u0442\u0435\u043b\u0438.<br \/>\n\t<\/h1>\n<h2>\n\t\t\u201e\u041c\u044b \u043f\u0440\u043e\u0438\u0437\u0432\u043e\u0434\u0438\u043c \u0441\u0442\u0430\u043d\u043a\u0438 \u0438 \u043e\u0431\u043e\u0440\u0443\u0434\u043e\u0432\u0430\u043d\u0438\u0435. \u0421 \u0443\u0441\u0442\u0440\u043e\u0439\u0441\u0442\u0432\u0430\u043c\u0438, \u043a\u043e\u0442\u043e\u0440\u044b\u0435 \u0434\u0435\u043b\u0430\u044e\u0442 \u043f\u0440\u043e\u0438\u0437\u0432\u043e\u0434\u0441\u0442\u0432\u0435\u043d\u043d\u044b\u0439 \u043f\u0440\u043e\u0446\u0435\u0441\u0441 \u0442\u043e\u0447\u043d\u044b\u043c \u0438 \u044d\u0444\u0444\u0435\u043a\u0442\u0438\u0432\u043d\u044b\u043c \u0438 \u043e\u0431\u0435\u0441\u043f\u0435\u0447\u0438\u0432\u0430\u044e\u0442 \u043e\u043f\u0442\u0438\u043c\u0430\u043b\u044c\u043d\u044b\u0435 \u0442\u0435\u0445\u043d\u043e\u043b\u043e\u0433\u0438\u0447\u0435\u0441\u043a\u0438\u0435 \u043e\u043f\u0435\u0440\u0430\u0446\u0438\u0438\u201c<br \/>\n\t<\/h2>\n<p>\u0411\u043e\u043b\u0435\u0435 20 \u043b\u0435\u0442 \u043a\u043e\u043c\u043f\u0430\u043d\u0438\u044f Gruse \u0440\u0430\u0437\u0440\u0430\u0431\u0430\u0442\u044b\u0432\u0430\u0435\u0442 \u0440\u0435\u0448\u0435\u043d\u0438\u044f \u043f\u043e \u043f\u043e\u0434\u043d\u044f\u0442\u0438\u044e \u0433\u0440\u0443\u0437\u043e\u0432 \u0434\u043b\u044f \u0441\u0435\u0433\u043c\u0435\u043d\u0442\u0430 \u043f\u0440\u0435\u043c\u0438\u0443\u043c-\u043a\u043b\u0430\u0441\u0441\u0430 \u0438 \u0441\u0447\u0438\u0442\u0430\u0435\u0442\u0441\u044f \u043e\u0434\u043d\u0438\u043c \u0438\u0437 \u0432\u0435\u0434\u0443\u0449\u0438\u0445 \u043f\u0440\u0435\u0434\u043f\u0440\u0438\u044f\u0442\u0438\u0439<br \/>\n\u043d\u0430 \u0440\u044b\u043d\u043a\u0435 \u0413\u0435\u0440\u043c\u0430\u043d\u0438\u0438 \u0438 \u0432\u0441\u0435\u0439 \u0415\u0432\u0440\u043e\u043f\u044b. <strong>\u201e\u041c\u044b \u043c\u0430\u0448\u0438\u043d\u043e\u0441\u0442\u0440\u043e\u0438\u0442\u0435\u043b\u0438. \u0418 \u0446\u0435\u043b\u0438\u043a\u043e\u043c <\/strong><strong>\u043e\u0442\u0434\u0430\u0435\u043c\u0441\u044f \u043b\u044e\u0431\u0438\u043c\u043e\u043c\u0443 \u0434\u0435\u043b\u0443.\u201c<\/strong> \u2013 \u043f\u043e\u0434 \u044d\u0442\u0438\u043c \u0434\u0435\u0432\u0438\u0437\u043e\u043c \u043c\u044b \u0440\u0430\u0437\u0440\u0430\u0431\u0430\u0442\u044b\u0432\u0430\u0435\u043c \u0438 \u043a\u043e\u043d\u0441\u0442\u0440\u0443\u0438\u0440\u0443\u0435\u043c \u0432\u0441\u0435 \u0431\u043e\u043b\u044c\u0448\u0435 \u0438\u043d\u0434\u0438\u0432\u0438\u0434\u0443\u0430\u043b\u044c\u043d\u044b\u0445 \u0440\u0435\u0448\u0435\u043d\u0438\u0439, \u043a\u043e\u0442\u043e\u0440\u044b\u0435 \u043d\u0435 \u0442\u043e\u043b\u044c\u043a\u043e \u043f\u043e\u0434\u043d\u0438\u043c\u0430\u044e\u0442, \u043d\u043e \u0438 \u043e\u0431\u0440\u0430\u0431\u0430\u0442\u044b\u0432\u0430\u044e\u0442 \u0438 \u0442\u0440\u0430\u043d\u0441\u043f\u043e\u0440\u0442\u0438\u0440\u0443\u044e\u0442 \u0433\u0440\u0443\u0437. \u0412 \u0434\u0430\u043d\u043d\u044b\u0439 \u043c\u043e\u043c\u0435\u043d\u0442 85% \u0432\u0441\u0435\u0439 \u043f\u0440\u043e\u0434\u0443\u043a\u0446\u0438\u0438 \u0432\u044b\u043f\u0443\u0441\u043a\u0430\u0435\u0442\u0441\u044f \u043f\u043e \u043a\u043e\u043d\u043a\u0440\u0435\u0442\u043d\u044b\u043c \u043f\u043e\u0436\u0435\u043b\u0430\u043d\u0438\u044f\u043c \u0437\u0430\u043a\u0430\u0437\u0447\u0438\u043a\u0430. \u041d\u0430\u0448\u0438\u0445 \u0437\u0430\u043a\u0430\u0437\u0447\u0438\u043a\u043e\u0432 \u043c\u043e\u0436\u043d\u043e \u043d\u0430\u0439\u0442\u0438 \u043f\u0440\u0435\u0436\u0434\u0435 \u0432\u0441\u0435\u0433\u043e \u0432 <strong>\u0430\u0432\u0438\u0430\u0446\u0438\u043e\u043d\u043d\u043e\u0439, \u0430\u0432\u0442\u043e\u043c\u043e\u0431\u0438\u043b\u044c\u043d\u043e\u0439 \u0438 \u0434\u0435\u0440\u0435\u0432\u043e\u043e\u0431\u0440\u0430\u0431\u0430\u0442\u044b\u0432\u0430\u044e\u0449\u0435\u0439 \u043f\u0440\u043e\u043c\u044b\u0448\u043b\u0435\u043d\u043d\u043e\u0441\u0442\u0438. \u0422\u0430\u043a\u0436\u0435 \u043c\u044b \u043f\u043e\u0441\u0442\u0430\u0432\u043b\u044f\u0435\u043c \u043a\u043e\u043c\u043f\u043b\u0435\u043a\u0442\u0443\u044e\u0449\u0438\u0435 \u0434\u0435\u0442\u0430\u043b\u0438 \u043d\u0430 \u0434\u0440\u0443\u0433\u0438\u0435 \u043c\u0430\u0448\u0438\u043d\u043e\u0441\u0442\u0440\u043e\u0438\u0442\u0435\u043b\u044c\u043d\u044b\u0435 \u043f\u0440\u0435\u0434\u043f\u0440\u0438\u044f\u0442\u0438\u044f<\/strong>, \u0437\u0430\u043d\u0438\u043c\u0430\u044e\u0449\u0438\u0435\u0441\u044f, \u043d\u0430\u043f\u0440\u0438\u043c\u0435\u0440, \u043f\u0440\u043e\u0438\u0437\u0432\u043e\u0434\u0441\u0442\u0432\u043e\u043c \u043f\u0440\u043e\u043a\u0430\u0442\u043d\u044b\u0445 \u0441\u0442\u0430\u043d\u043e\u0432 \u0438\u043b\u0438 \u0432\u0435\u043d\u0442\u0438\u043b\u044f\u0442\u043e\u0440\u043d\u043e\u0433\u043e \u043e\u0431\u043e\u0440\u0443\u0434\u043e\u0432\u0430\u043d\u0438\u044f.<\/p>\n<p>\t\t\t\t<img loading=\"lazy\" decoding=\"async\" src=\"https:\/\/gruse.de\/ru\/wp-content\/uploads\/sites\/4\/2017\/06\/gruse-ludger_helmig-1-1.jpg\" alt=\"\u041b\u044e\u0434\u0433\u0435\u0440 \u0425\u0435\u043b\u044c\u043c\u0438\u0433 | \u0423\u043f\u0440\u0430\u0432\u043b\u044f\u044e\u0449\u0438\u0439\" itemprop=\"image\" height=\"845\" width=\"600\" title=\"gruse-ludger_helmig\"  \/><br \/>\n\t\t\u041b\u044e\u0434\u0433\u0435\u0440 \u0425\u0435\u043b\u044c\u043c\u0438\u0433 | \u0423\u043f\u0440\u0430\u0432\u043b\u044f\u044e\u0449\u0438\u0439<\/p>\n<h3>\n\t\t\u041a\u0440\u0430\u0442\u043a\u043e \u043e \u043a\u043e\u043c\u043f\u0430\u043d\u0438\u0438 Gruse<br \/>\n\t<\/h3>\n<ul>\n<li>\u041c\u0430\u0448\u0438\u043d\u043e\u0441\u0442\u0440\u043e\u0438\u0442\u0435\u043b\u044c\u043d\u043e\u0435 \u043f\u0440\u0435\u0434\u043f\u0440\u0438\u044f\u0442\u0438\u0435 \u0441 \u043f\u043e\u043b\u043d\u044b\u043c \u043a\u043e\u043c\u043f\u043b\u0435\u043a\u0441\u043e\u043c \u043e\u0431\u0441\u043b\u0443\u0436\u0438\u0432\u0430\u043d\u0438\u044f, \u043d\u0430\u0441\u0447\u0438\u0442\u044b\u0432\u0430\u044e\u0449\u0435\u0435 160 \u0441\u043e\u0442\u0440\u0443\u0434\u043d\u0438\u043a\u043e\u0432.<\/li>\n<li>\u041c\u044b \u0437\u0430\u043d\u0438\u043c\u0430\u0435\u043c\u0441\u044f \u043e\u0431\u0443\u0447\u0435\u043d\u0438\u0435\u043c \u0432 \u043d\u0430\u0448\u0435\u0439 \u043e\u0442\u0440\u0430\u0441\u043b\u0438 \u2013 20 \u0443\u0447\u0435\u043d\u0438\u043a\u043e\u0432 \u0438\u0437\u0443\u0447\u0430\u044e\u0442 \u0443 \u043d\u0430\u0441 \u0440\u0430\u0437\u043b\u0438\u0447\u043d\u044b\u0435 \u043f\u0440\u043e\u0444\u0435\u0441\u0441\u0438\u0438 \u0432 \u0441\u0444\u0435\u0440\u0435<br \/>\n\u043c\u0430\u0448\u0438\u043d\u043e\u0441\u0442\u0440\u043e\u0435\u043d\u0438\u044f \u0438 \u0442\u043e\u0440\u0433\u043e\u0432\u043b\u0438.<\/li>\n<li>\u201e\u0421\u0434\u0435\u043b\u0430\u043d\u043e \u0432 \u0413\u0435\u0440\u043c\u0430\u043d\u0438\u0438\u201c. \u041d\u0430\u0448\u0443 \u043f\u0440\u043e\u0434\u0443\u043a\u0446\u0438\u044e \u043c\u044b \u0440\u0430\u0437\u0440\u0430\u0431\u0430\u0442\u044b\u0432\u0430\u0435\u043c \u0438 \u043f\u0440\u043e\u0438\u0437\u0432\u043e\u0434\u0438\u043c \u043d\u0430 \u043d\u0430\u0448\u0435\u0439 \u043f\u043b\u043e\u0449\u0430\u0434\u043a\u0435 \u0432 \u0413\u0435\u0440\u043c\u0430\u043d\u0438\u0438, \u0440\u0435\u0433\u0438\u043e\u043d \u0412\u0435\u0437\u0435\u0440\u0431\u0435\u0440\u0433\u043b\u0430\u043d\u0434, \u0441\u043e\u0431\u0438\u0440\u0430\u0435\u043c \u0438 \u0443\u0441\u0442\u0430\u043d\u0430\u0432\u043b\u0438\u0432\u0430\u0435\u043c \u043f\u043e \u0432\u0441\u0435\u043c\u0443 \u043c\u0438\u0440\u0443. \u041d\u0430\u0448\u0438\u0445 \u0437\u0430\u043a\u0430\u0437\u0447\u0438\u043a\u043e\u0432 \u043c\u043e\u0436\u043d\u043e \u043d\u0430\u0439\u0442\u0438 \u0432 \u0431\u043e\u043b\u0435\u0435, \u0447\u0435\u043c 40 \u0441\u0442\u0440\u0430\u043d\u0430\u0445 \u043f\u043e \u0432\u0441\u0435\u043c\u0443 \u043c\u0438\u0440\u0443.<\/li>\n<\/ul>\n<h3>\u0418\u043d\u0434\u0438\u0432\u0438\u0434\u0443\u0430\u043b\u044c\u043d\u044b\u0435 \u0438\u0441\u043f\u043e\u043b\u043d\u0435\u043d\u0438\u044f<\/h3>\n<h4>\u041d\u0430\u043a\u043b\u043e\u043d\u044f\u0442\u044c, \u043f\u043e\u0434\u0430\u0432\u0430\u0442\u044c, \u043e\u0431\u0440\u0430\u0431\u0430\u0442\u044b\u0432\u0430\u0442\u044c<\/h4>\n<p>\u0415\u0441\u043b\u0438 \u0440\u0435\u0447\u044c \u0438\u0434\u0435\u0442 \u043d\u0435 \u0442\u043e\u043b\u044c\u043a\u043e \u043e \u043f\u043e\u0434\u044a\u0435\u043c\u0435 \u0433\u0440\u0443\u0437\u0430, \u043d\u043e \u0438 \u043e \u0442\u043e\u043c, \u0447\u0442\u043e\u0431\u044b \u043d\u0430\u043a\u043b\u043e\u043d\u0438\u0442\u044c, \u043f\u043e\u0434\u0430\u0442\u044c, \u043e\u0431\u0440\u0430\u0431\u043e\u0442\u0430\u0442\u044c \u0438\u043b\u0438 \u0442\u0440\u0430\u043d\u0441\u043f\u043e\u0440\u0442\u0438\u0440\u043e\u0432\u0430\u0442\u044c \u0438\u0437\u0434\u0435\u043b\u0438\u0435,<br \/>\n\u0442\u043e \u0441\u043f\u0435\u0446\u0438\u0430\u043b\u044c\u043d\u043e \u0434\u043b\u044f \u0412\u0430\u0441 \u0441\u043a\u043e\u043d\u0441\u0442\u0440\u0443\u0438\u0440\u043e\u0432\u0430\u043d\u043d\u044b\u0439 \u0441\u0442\u0430\u043d\u043e\u043a \u0438\u043b\u0438 \u0443\u0441\u0442\u0430\u043d\u043e\u0432\u043a\u0430 \u043c\u043e\u0436\u0435\u0442 \u0441\u0442\u0430\u0442\u044c \u0438\u0434\u0435\u0430\u043b\u044c\u043d\u044b\u043c \u0440\u0435\u0448\u0435\u043d\u0438\u0435\u043c. \u0420\u0430\u0437\u0440\u0430\u0431\u043e\u0442\u043a\u0430 \u0438 \u043f\u0440\u043e\u0438\u0437\u0432\u043e\u0434\u0441\u0442\u0432\u043e \u0438\u043d\u0434\u0438\u0432\u0438\u0434\u0443\u0430\u043b\u044c\u043d\u044b\u0445 \u0440\u0435\u0448\u0435\u043d\u0438\u0439 \u044f\u0432\u043b\u044f\u0435\u0442\u0441\u044f \u043d\u0430\u0448\u0435\u0439 \u043e\u0441\u043d\u043e\u0432\u043d\u043e\u0439 \u0434\u0435\u044f\u0442\u0435\u043b\u044c\u043d\u043e\u0441\u0442\u044c\u044e. \u041f\u0440\u043e\u0441\u0442\u043e \u043e\u0431\u0440\u0430\u0442\u0438\u0442\u0435\u0441\u044c \u043a \u043d\u0430\u043c. \u041c\u044b \u0440\u0435\u0448\u0438\u043c \u0412\u0430\u0448\u0443 \u043f\u0440\u043e\u0431\u043b\u0435\u043c\u0443. \u041e\u0431\u0435\u0449\u0430\u0435\u043c.<\/p>\n<p>&nbsp;<\/p>\n\n<div class=\"wpcf7 no-js\" id=\"wpcf7-f3639-o1\" lang=\"de-DE\" dir=\"ltr\" data-wpcf7-id=\"3639\">\n<div class=\"screen-reader-response\"><p role=\"status\" aria-live=\"polite\" aria-atomic=\"true\"><\/p> <ul><\/ul><\/div>\n<form action=\"\/ru\/wp-json\/wp\/v2\/pages\/97#wpcf7-f3639-o1\" method=\"post\" class=\"wpcf7-form init\" aria-label=\"Kontaktformular\" novalidate=\"novalidate\" data-status=\"init\">\n<fieldset class=\"hidden-fields-container\"><input type=\"hidden\" name=\"_wpcf7\" value=\"3639\" \/><input type=\"hidden\" name=\"_wpcf7_version\" value=\"6.1.5\" \/><input type=\"hidden\" name=\"_wpcf7_locale\" value=\"de_DE\" \/><input type=\"hidden\" name=\"_wpcf7_unit_tag\" value=\"wpcf7-f3639-o1\" \/><input type=\"hidden\" name=\"_wpcf7_container_post\" value=\"0\" \/><input type=\"hidden\" name=\"_wpcf7_posted_data_hash\" value=\"\" \/><input type=\"hidden\" name=\"_wpcf7dtx_version\" value=\"5.0.5\" \/>\n<\/fieldset>\n<h4>\u0412\u0430\u0448\u0435 \u0418\u043c\u044f\n<\/h4>\n<p><label><span class=\"wpcf7-form-control-wrap\" data-name=\"your-name\"><input size=\"40\" maxlength=\"400\" class=\"wpcf7-form-control wpcf7-text wpcf7-validates-as-required\" aria-required=\"true\" aria-invalid=\"false\" value=\"\" type=\"text\" name=\"your-name\" \/><\/span> <\/label>\n<\/p>\n<h4>\u0412\u0430\u0448 E-Mail\n<\/h4>\n<p><label> <span class=\"wpcf7-form-control-wrap\" data-name=\"your-email\"><input size=\"40\" maxlength=\"400\" class=\"wpcf7-form-control wpcf7-email wpcf7-validates-as-required wpcf7-text wpcf7-validates-as-email\" aria-required=\"true\" aria-invalid=\"false\" value=\"\" type=\"email\" name=\"your-email\" \/><\/span> <\/label>\n<\/p>\n<h4>\u0412\u0430\u0448\u0435 \u0441\u043e\u043e\u0431\u0449\u0435\u043d\u0438\u0435\n<\/h4>\n<p><label> <span class=\"wpcf7-form-control-wrap\" data-name=\"your-message\"><textarea cols=\"40\" rows=\"10\" maxlength=\"2000\" class=\"wpcf7-form-control wpcf7-textarea\" aria-invalid=\"false\" name=\"your-message\"><\/textarea><\/span> <\/label><br \/>\n<span id=\"wpcf7-69d43c618c2fa-wrapper\" class=\"wpcf7-form-control-wrap honeypot-242-wrap\" style=\"display:none !important; visibility:hidden !important;\"><label for=\"wpcf7-69d43c618c2fa-field\" class=\"hp-message\">Bitte lasse dieses Feld leer.<\/label><input id=\"wpcf7-69d43c618c2fa-field\"  class=\"wpcf7-form-control wpcf7-text\" type=\"text\" name=\"honeypot-242\" value=\"\" size=\"40\" tabindex=\"-1\" autocomplete=\"new-password\" \/><\/span><br \/>\n<input class=\"wpcf7-form-control wpcf7-submit has-spinner\" type=\"submit\" value=\"\u041e\u0442\u043f\u0440\u0430\u0432\u0438\u0442\u044c\" \/>\n<\/p><div class=\"wpcf7-response-output\" aria-hidden=\"true\"><\/div>\n<\/form>\n<\/div>\n\n<h2>\n\t\t \u041d\u0430\u0448\u0438 \u0441\u0442\u0430\u043d\u043a\u0438 \u0412\u044b \u043d\u0430\u0439\u0434\u0435\u0442\u0435<br \/>\n\t<\/h2>\n<p>\t\t\t\t<img decoding=\"async\" src=\"https:\/\/gruse.de\/wp-content\/uploads\/2017\/06\/logos.png\" alt=\"logos\" itemprop=\"image\" title=\"logos\"  \/><\/p>\n<h3>\u0430 \u0442\u0430\u043a\u0436\u0435<\/h3>\n<p>3M Deutschland GmbH AEG AG AEG Lichttechnik GmbH AEG Z\u00e4hler AUDI AG Bahm\u00fcller BASF BASF Magnetics GmbH Baum\u00fcller Anlagen-Systeme Bayer AG Bayerischer Rundfunk Blaupunkt Werke GmbH BMW AG BMW AG Sparte Motorrad Bosch-Siemens Hausger\u00e4te GmbH Br\u00f6tje Automation Bundespost Direktion C&amp;A Mode GmbH &amp; Co. KG Claas KGaA Continental AG Daimler-Benz Aerospace AG Deutsche Bahn AG Deutsche Grammophon Deutsche Lufthansa AG Deutsche Shell AG Deuzer Maschinenfabrik Heitze GmbH &amp; Co. KG Dr\u00e4gerwerk DUNLOP GmbH D\u00fcrkopp Adler AG EDE EUROCOPTER Deutschland GmbH FAG Kugelfischer Forschungszentrum J\u00fclich GmbH Gaerner Gea Westfalia GmbH Grundfos Pumpenfabrik GmbH Hako-Werke GmbH &amp;Co. Heraeus Elektrochemie Hoechst AG Hoechst Schering AgrEvo ITT Automotive Europe GmbH Jungheinrich AG Kaiser + Kraft KARDEX Organisation KELLOGG (DEUTSCHLAND) Keuco GmbH &amp; Co. KG Kl\u00f6ckner-Moeller GmbH Knorr-Bremse Systeme K\u00f6gel Fahrzeugwerke AG MAN Nutzfahrzeuge AG Mannesmann Rexroth Mannesmann-Demag-Sack Ratingen Mercedes -Benz AG Miele &amp; Cie. GmbH &amp; Co. Minda Industrieanlagen GmbH Nestle Deutschland AG Noell Service Nord-West Otto-Versand Phoenix AG Porsche AG Premium Aerotec GmbH Procter&amp;Gamble GmbH &amp; Co. PSA Technology GmbH RBB Rittal-Werk ROBERT BOSCH GmbH Rolf Benz AG Ruhrkohle Bergbau AG RWE Energie Schaeffler KG Schenker Eurocargo SieMatic-M\u00f6belwerke Siemens Stephan Machinery GmbH Stiebel Eltron GmbH &amp; Co. KG STILL GmbH Thyssen Aufz\u00fcge GmbH Thyssen Guss AG Umdasch AG Volkswagen AG VOLVO Busse Deutschland Wilhelm Karmann GmbH<\/p>\n","protected":false},"excerpt":{"rendered":"<p>Gruse. \u041c\u0430\u0448\u0438\u043d\u043e\u0441\u0442\u0440\u043e\u0438\u0442\u0435\u043b\u0438. \u201e\u041c\u044b \u043f\u0440\u043e\u0438\u0437\u0432\u043e\u0434\u0438\u043c \u0441\u0442\u0430\u043d\u043a\u0438 \u0438 \u043e\u0431\u043e\u0440\u0443\u0434\u043e\u0432\u0430\u043d\u0438\u0435. \u0421 \u0443\u0441\u0442\u0440\u043e\u0439\u0441\u0442\u0432\u0430\u043c\u0438, \u043a\u043e\u0442\u043e\u0440\u044b\u0435 \u0434\u0435\u043b\u0430\u044e\u0442 \u043f\u0440\u043e\u0438\u0437\u0432\u043e\u0434\u0441\u0442\u0432\u0435\u043d\u043d\u044b\u0439 \u043f\u0440\u043e\u0446\u0435\u0441\u0441 \u0442\u043e\u0447\u043d\u044b\u043c \u0438 \u044d\u0444\u0444\u0435\u043a\u0442\u0438\u0432\u043d\u044b\u043c \u0438 \u043e\u0431\u0435\u0441\u043f\u0435\u0447\u0438\u0432\u0430\u044e\u0442 \u043e\u043f\u0442\u0438\u043c\u0430\u043b\u044c\u043d\u044b\u0435 \u0442\u0435\u0445\u043d\u043e\u043b\u043e\u0433\u0438\u0447\u0435\u0441\u043a\u0438\u0435 \u043e\u043f\u0435\u0440\u0430\u0446\u0438\u0438\u201c \u0411\u043e\u043b\u0435\u0435 20 \u043b\u0435\u0442 \u043a\u043e\u043c\u043f\u0430\u043d\u0438\u044f Gruse \u0440\u0430\u0437\u0440\u0430\u0431\u0430\u0442\u044b\u0432\u0430\u0435\u0442 \u0440\u0435\u0448\u0435\u043d\u0438\u044f \u043f\u043e \u043f\u043e\u0434\u043d\u044f\u0442\u0438\u044e \u0433\u0440\u0443\u0437\u043e\u0432 \u0434\u043b\u044f \u0441\u0435\u0433\u043c\u0435\u043d\u0442\u0430 \u043f\u0440\u0435\u043c\u0438\u0443\u043c-\u043a\u043b\u0430\u0441\u0441\u0430 \u0438 \u0441\u0447\u0438\u0442\u0430\u0435\u0442\u0441\u044f \u043e\u0434\u043d\u0438\u043c \u0438\u0437 \u0432\u0435\u0434\u0443\u0449\u0438\u0445 \u043f\u0440\u0435\u0434\u043f\u0440\u0438\u044f\u0442\u0438\u0439 \u043d\u0430 \u0440\u044b\u043d\u043a\u0435 \u0413\u0435\u0440\u043c\u0430\u043d\u0438\u0438 \u0438 \u0432\u0441\u0435\u0439 \u0415\u0432\u0440\u043e\u043f\u044b. \u201e\u041c\u044b \u043c\u0430\u0448\u0438\u043d\u043e\u0441\u0442\u0440\u043e\u0438\u0442\u0435\u043b\u0438. \u0418 \u0446\u0435\u043b\u0438\u043a\u043e\u043c \u043e\u0442\u0434\u0430\u0435\u043c\u0441\u044f \u043b\u044e\u0431\u0438\u043c\u043e\u043c\u0443 \u0434\u0435\u043b\u0443.\u201c \u2013 \u043f\u043e\u0434&hellip;<\/p>\n","protected":false},"author":2,"featured_media":0,"parent":0,"menu_order":0,"comment_status":"closed","ping_status":"closed","template":"","meta":{"footnotes":""},"class_list":["post-97","page","type-page","status-publish","hentry"],"yoast_head":"<!-- This site is optimized with the Yoast SEO Premium plugin v15.3 - https:\/\/yoast.com\/wordpress\/plugins\/seo\/ -->\n<title>About - Gruse Maschinenbau<\/title>\n<meta name=\"robots\" content=\"index, follow, max-snippet:-1, max-image-preview:large, max-video-preview:-1\" \/>\n<link rel=\"canonical\" href=\"https:\/\/gruse.de\/ru\/about\/\" \/>\n<meta property=\"og:locale\" content=\"ru_RU\" \/>\n<meta property=\"og:type\" content=\"article\" \/>\n<meta property=\"og:title\" content=\"About - Gruse Maschinenbau\" \/>\n<meta property=\"og:description\" content=\"Gruse. \u041c\u0430\u0448\u0438\u043d\u043e\u0441\u0442\u0440\u043e\u0438\u0442\u0435\u043b\u0438. \u201e\u041c\u044b \u043f\u0440\u043e\u0438\u0437\u0432\u043e\u0434\u0438\u043c \u0441\u0442\u0430\u043d\u043a\u0438 \u0438 \u043e\u0431\u043e\u0440\u0443\u0434\u043e\u0432\u0430\u043d\u0438\u0435. \u0421 \u0443\u0441\u0442\u0440\u043e\u0439\u0441\u0442\u0432\u0430\u043c\u0438, \u043a\u043e\u0442\u043e\u0440\u044b\u0435 \u0434\u0435\u043b\u0430\u044e\u0442 \u043f\u0440\u043e\u0438\u0437\u0432\u043e\u0434\u0441\u0442\u0432\u0435\u043d\u043d\u044b\u0439 \u043f\u0440\u043e\u0446\u0435\u0441\u0441 \u0442\u043e\u0447\u043d\u044b\u043c \u0438 \u044d\u0444\u0444\u0435\u043a\u0442\u0438\u0432\u043d\u044b\u043c \u0438 \u043e\u0431\u0435\u0441\u043f\u0435\u0447\u0438\u0432\u0430\u044e\u0442 \u043e\u043f\u0442\u0438\u043c\u0430\u043b\u044c\u043d\u044b\u0435 \u0442\u0435\u0445\u043d\u043e\u043b\u043e\u0433\u0438\u0447\u0435\u0441\u043a\u0438\u0435 \u043e\u043f\u0435\u0440\u0430\u0446\u0438\u0438\u201c \u0411\u043e\u043b\u0435\u0435 20 \u043b\u0435\u0442 \u043a\u043e\u043c\u043f\u0430\u043d\u0438\u044f Gruse \u0440\u0430\u0437\u0440\u0430\u0431\u0430\u0442\u044b\u0432\u0430\u0435\u0442 \u0440\u0435\u0448\u0435\u043d\u0438\u044f \u043f\u043e \u043f\u043e\u0434\u043d\u044f\u0442\u0438\u044e \u0433\u0440\u0443\u0437\u043e\u0432 \u0434\u043b\u044f \u0441\u0435\u0433\u043c\u0435\u043d\u0442\u0430 \u043f\u0440\u0435\u043c\u0438\u0443\u043c-\u043a\u043b\u0430\u0441\u0441\u0430 \u0438 \u0441\u0447\u0438\u0442\u0430\u0435\u0442\u0441\u044f \u043e\u0434\u043d\u0438\u043c \u0438\u0437 \u0432\u0435\u0434\u0443\u0449\u0438\u0445 \u043f\u0440\u0435\u0434\u043f\u0440\u0438\u044f\u0442\u0438\u0439 \u043d\u0430 \u0440\u044b\u043d\u043a\u0435 \u0413\u0435\u0440\u043c\u0430\u043d\u0438\u0438 \u0438 \u0432\u0441\u0435\u0439 \u0415\u0432\u0440\u043e\u043f\u044b. \u201e\u041c\u044b \u043c\u0430\u0448\u0438\u043d\u043e\u0441\u0442\u0440\u043e\u0438\u0442\u0435\u043b\u0438. \u0418 \u0446\u0435\u043b\u0438\u043a\u043e\u043c \u043e\u0442\u0434\u0430\u0435\u043c\u0441\u044f \u043b\u044e\u0431\u0438\u043c\u043e\u043c\u0443 \u0434\u0435\u043b\u0443.\u201c \u2013 \u043f\u043e\u0434&hellip;\" \/>\n<meta property=\"og:url\" content=\"https:\/\/gruse.de\/ru\/about\/\" \/>\n<meta property=\"og:site_name\" content=\"Gruse Maschinenbau\" \/>\n<meta property=\"article:modified_time\" content=\"2018-10-15T10:47:49+00:00\" \/>\n<meta property=\"og:image\" content=\"https:\/\/gruse.de\/ru\/wp-content\/uploads\/sites\/4\/2017\/06\/gruse-ludger_helmig-1-1.jpg\" \/>\n<meta name=\"twitter:card\" content=\"summary_large_image\" \/>\n<meta name=\"twitter:label1\" content=\"\u041d\u0430\u043f\u0438\u0441\u0430\u043d\u043e \u0430\u0432\u0442\u043e\u0440\u043e\u043c\">\n\t<meta name=\"twitter:data1\" content=\"\">\n\t<meta name=\"twitter:label2\" content=\"\u041f\u0440\u0438\u043c\u0435\u0440\u043d\u043e\u0435 \u0432\u0440\u0435\u043c\u044f \u0434\u043b\u044f \u0447\u0442\u0435\u043d\u0438\u044f\">\n\t<meta name=\"twitter:data2\" content=\"1 \u043c\u0438\u043d\u0443\u0442\u0430\">\n<script type=\"application\/ld+json\" class=\"yoast-schema-graph\">{\"@context\":\"https:\/\/schema.org\",\"@graph\":[{\"@type\":\"WebSite\",\"@id\":\"https:\/\/gruse.de\/ru\/#website\",\"url\":\"https:\/\/gruse.de\/ru\/\",\"name\":\"Gruse Maschinenbau\",\"description\":\"Maschinenbau Hubtisch Coil Handling F\\u00f6rdertechnik\",\"potentialAction\":[{\"@type\":\"SearchAction\",\"target\":\"https:\/\/gruse.de\/ru\/?s={search_term_string}\",\"query-input\":\"required name=search_term_string\"}],\"inLanguage\":\"ru-RU\"},{\"@type\":\"ImageObject\",\"@id\":\"https:\/\/gruse.de\/ru\/about\/#primaryimage\",\"inLanguage\":\"ru-RU\",\"url\":\"https:\/\/gruse.de\/ru\/wp-content\/uploads\/sites\/4\/2017\/06\/gruse-ludger_helmig-1-1.jpg\",\"width\":600,\"height\":845,\"caption\":\"\\u041b\\u044e\\u0434\\u0433\\u0435\\u0440 \\u0425\\u0435\\u043b\\u044c\\u043c\\u0438\\u0433 | \\u0423\\u043f\\u0440\\u0430\\u0432\\u043b\\u044f\\u044e\\u0449\\u0438\\u0439\"},{\"@type\":\"WebPage\",\"@id\":\"https:\/\/gruse.de\/ru\/about\/#webpage\",\"url\":\"https:\/\/gruse.de\/ru\/about\/\",\"name\":\"About - Gruse Maschinenbau\",\"isPartOf\":{\"@id\":\"https:\/\/gruse.de\/ru\/#website\"},\"primaryImageOfPage\":{\"@id\":\"https:\/\/gruse.de\/ru\/about\/#primaryimage\"},\"datePublished\":\"2017-06-23T17:08:13+00:00\",\"dateModified\":\"2018-10-15T10:47:49+00:00\",\"inLanguage\":\"ru-RU\",\"potentialAction\":[{\"@type\":\"ReadAction\",\"target\":[\"https:\/\/gruse.de\/ru\/about\/\"]}]}]}<\/script>\n<!-- \/ Yoast SEO Premium plugin. -->","_links":{"self":[{"href":"https:\/\/gruse.de\/ru\/wp-json\/wp\/v2\/pages\/97","targetHints":{"allow":["GET"]}}],"collection":[{"href":"https:\/\/gruse.de\/ru\/wp-json\/wp\/v2\/pages"}],"about":[{"href":"https:\/\/gruse.de\/ru\/wp-json\/wp\/v2\/types\/page"}],"author":[{"embeddable":true,"href":"https:\/\/gruse.de\/ru\/wp-json\/wp\/v2\/users\/2"}],"replies":[{"embeddable":true,"href":"https:\/\/gruse.de\/ru\/wp-json\/wp\/v2\/comments?post=97"}],"version-history":[{"count":4,"href":"https:\/\/gruse.de\/ru\/wp-json\/wp\/v2\/pages\/97\/revisions"}],"predecessor-version":[{"id":5736,"href":"https:\/\/gruse.de\/ru\/wp-json\/wp\/v2\/pages\/97\/revisions\/5736"}],"wp:attachment":[{"href":"https:\/\/gruse.de\/ru\/wp-json\/wp\/v2\/media?parent=97"}],"curies":[{"name":"wp","href":"https:\/\/api.w.org\/{rel}","templated":true}]}}